{"id":2522,"date":"2026-01-15T02:40:44","date_gmt":"2026-01-15T02:40:44","guid":{"rendered":"https:\/\/www.zkprintpack.com\/?post_type=product&#038;p=2522"},"modified":"2026-01-15T03:01:45","modified_gmt":"2026-01-15T03:01:45","slug":"custom-laminated-film-roll-for-nut-packaging","status":"publish","type":"product","link":"https:\/\/www.zkprintpack.com\/de\/product\/custom-laminated-film-roll-for-nut-packaging\/","title":{"rendered":"Benutzerdefinierte laminierte Filmrolle f\u00fcr Nussverpackungen, OEM-Rollenmaterial-Filmhersteller"},"content":{"rendered":"<div class=\"wp-block-columns is-layout-flex wp-container-core-columns-is-layout-9d6595d7 wp-block-columns-is-layout-flex\">\n<div class=\"wp-block-column is-layout-flow wp-block-column-is-layout-flow\">\n<h2 class=\"wp-block-heading\">Kundenspezifische laminierte Folienrolle f\u00fcr Nussverpackungen Merkmale<\/h2>\n\n\n\n<ul class=\"wp-block-list\">\n<li><strong>Fortschrittliche Laminierung zum Schutz frischer N\u00fcsse<\/strong><br>Diese kundenspezifische Verbundfolienrolle f\u00fcr Nussverpackungen besteht aus mehrschichtigen Verbundstrukturen, die starke Barrieren gegen Sauerstoff, Feuchtigkeit und Licht bilden. Sie verhindert effektiv Oxidation und Geschmacksverluste und tr\u00e4gt dazu bei, dass N\u00fcsse w\u00e4hrend der Lagerung und des Transports knackig, aromatisch und nahrhaft bleiben.<\/li>\n\n\n\n<li><strong>Stabile Leistung f\u00fcr automatische Verpackungslinien<\/strong><br>Die f\u00fcr Hochgeschwindigkeits-Form-F\u00fcll-Siegel-Maschinen entwickelte Folie bietet eine hervorragende Siegelfestigkeit, eine reibungslose Abrollung und eine gleichm\u00e4\u00dfige Dicke. Sie reduziert Ausfallzeiten und Materialabfall und ist damit eine zuverl\u00e4ssige Wahl f\u00fcr gro\u00dfvolumige Nussverpackungsprojekte.<\/li>\n\n\n\n<li><strong>Ma\u00dfgeschneiderte Materialien und visuelle Anpassungen<\/strong><br>Von matten oder gl\u00e4nzenden Oberfl\u00e4chen bis hin zu durchsichtigen Fenstern und optimierten Barriereschichten kann jede kundenspezifische Verbundfolienrolle f\u00fcr Nussverpackungen an die jeweiligen Nusssorten und die Markenpositionierung angepasst werden. Hochwertiger Druck verbessert die Sichtbarkeit im Regal und die Wiedererkennung der Marke.<\/li>\n\n\n\n<li><strong>OEM-Rollenmaterial Filmhersteller-Unterst\u00fctzung<\/strong><br>Als erfahrener OEM-Hersteller bieten wir eine vollst\u00e4ndige Anpassung an Kundenw\u00fcnsche, einschlie\u00dflich Rollenbreite, Kerngr\u00f6\u00dfe, Materialstruktur und Druckl\u00f6sungen, und bieten skalierbare und kosteneffiziente Verpackungsl\u00f6sungen f\u00fcr globale Nussmarken.<\/li>\n<\/ul>\n<\/div>\n\n\n\n<div class=\"wp-block-column is-layout-flow wp-block-column-is-layout-flow\">\n<figure class=\"wp-block-image size-full\"><img decoding=\"async\" width=\"800\" height=\"800\" src=\"https:\/\/www.zkprintpack.com\/wp-content\/uploads\/2026\/01\/Custom-Laminated-Film-Roll-for-Nut-Packaging.webp\" alt=\"Kundenspezifische laminierte Folienrolle f\u00fcr Nussverpackungen\" class=\"wp-image-2523\" srcset=\"https:\/\/www.zkprintpack.com\/wp-content\/uploads\/2026\/01\/Custom-Laminated-Film-Roll-for-Nut-Packaging.webp 800w, https:\/\/www.zkprintpack.com\/wp-content\/uploads\/2026\/01\/Custom-Laminated-Film-Roll-for-Nut-Packaging-150x150.webp 150w, https:\/\/www.zkprintpack.com\/wp-content\/uploads\/2026\/01\/Custom-Laminated-Film-Roll-for-Nut-Packaging-768x768.webp 768w, https:\/\/www.zkprintpack.com\/wp-content\/uploads\/2026\/01\/Custom-Laminated-Film-Roll-for-Nut-Packaging-12x12.webp 12w, https:\/\/www.zkprintpack.com\/wp-content\/uploads\/2026\/01\/Custom-Laminated-Film-Roll-for-Nut-Packaging-600x600.webp 600w, https:\/\/www.zkprintpack.com\/wp-content\/uploads\/2026\/01\/Custom-Laminated-Film-Roll-for-Nut-Packaging-300x300.webp 300w, https:\/\/www.zkprintpack.com\/wp-content\/uploads\/2026\/01\/Custom-Laminated-Film-Roll-for-Nut-Packaging-100x100.webp 100w\" sizes=\"(max-width: 800px) 100vw, 800px\" \/><\/figure>\n<\/div>\n<\/div>","protected":false},"excerpt":{"rendered":"<p>Willkommen beim Kauf von kundenspezifischen Verbundfolienrollen f\u00fcr Nussverpackungen, die f\u00fcr Erdn\u00fcsse, Mandeln und gemischte N\u00fcsse entwickelt wurden. OEM-Rollenfolienhersteller bietet hochbarrieref\u00e4hige Materialien, reibungslose Maschinenleistung und flexiblen Druck, um die Haltbarkeit zu verl\u00e4ngern und das Markenwachstum zu unterst\u00fctzen.<\/p>\n<h2>Parameter der Verbundfolienrolle f\u00fcr Nussverpackungen<\/h2>\n<ul>\n<li><strong>Material:<\/strong>\u00a0PET\/PE, PET\/NY\/PE, PET\/AL\/NY\/PE, usw.<\/li>\n<li><strong>Tasche Typ<\/strong>: <strong>Rollenmaterial<\/strong><\/li>\n<li><strong>Gr\u00f6\u00dfe<\/strong>: Benutzerdefiniert<\/li>\n<li><strong>Individuelle Bestellung<\/strong>: Akzeptieren Sie OEM &amp; ODM<\/li>\n<li><strong>Kostenlose Probe<\/strong>: Unterst\u00fctzung<\/li>\n<li><strong>Verwendung<\/strong>: Snacks, Lebensmittel, S\u00fc\u00dfigkeiten und andere<\/li>\n<li><strong>Farbe<\/strong>: Kann angepasst werden<\/li>\n<li><strong>Zielm\u00e4rkte<\/strong>: \u00dcberall auf der Welt<\/li>\n<\/ul>","protected":false},"featured_media":2523,"comment_status":"closed","ping_status":"closed","template":"","meta":{"_acf_changed":false},"market":[63],"product_brand":[],"product_cat":[57],"product_tag":[],"class_list":{"0":"post-2522","1":"product","2":"type-product","3":"status-publish","4":"has-post-thumbnail","6":"market-nuts-packaging-supplier","7":"product_cat-rollstock-film-supplier","9":"first","10":"instock","11":"shipping-taxable","12":"product-type-simple"},"acf":[],"_links":{"self":[{"href":"https:\/\/www.zkprintpack.com\/de\/wp-json\/wp\/v2\/product\/2522","targetHints":{"allow":["GET"]}}],"collection":[{"href":"https:\/\/www.zkprintpack.com\/de\/wp-json\/wp\/v2\/product"}],"about":[{"href":"https:\/\/www.zkprintpack.com\/de\/wp-json\/wp\/v2\/types\/product"}],"replies":[{"embeddable":true,"href":"https:\/\/www.zkprintpack.com\/de\/wp-json\/wp\/v2\/comments?post=2522"}],"wp:featuredmedia":[{"embeddable":true,"href":"https:\/\/www.zkprintpack.com\/de\/wp-json\/wp\/v2\/media\/2523"}],"wp:attachment":[{"href":"https:\/\/www.zkprintpack.com\/de\/wp-json\/wp\/v2\/media?parent=2522"}],"wp:term":[{"taxonomy":"market","embeddable":true,"href":"https:\/\/www.zkprintpack.com\/de\/wp-json\/wp\/v2\/market?post=2522"},{"taxonomy":"product_brand","embeddable":true,"href":"https:\/\/www.zkprintpack.com\/de\/wp-json\/wp\/v2\/product_brand?post=2522"},{"taxonomy":"product_cat","embeddable":true,"href":"https:\/\/www.zkprintpack.com\/de\/wp-json\/wp\/v2\/product_cat?post=2522"},{"taxonomy":"product_tag","embeddable":true,"href":"https:\/\/www.zkprintpack.com\/de\/wp-json\/wp\/v2\/product_tag?post=2522"}],"curies":[{"name":"wp","href":"https:\/\/api.w.org\/{rel}","templated":true}]}}