{"id":2517,"date":"2026-01-15T02:23:08","date_gmt":"2026-01-15T02:23:08","guid":{"rendered":"https:\/\/www.zkprintpack.com\/?post_type=product&#038;p=2517"},"modified":"2026-01-15T02:36:01","modified_gmt":"2026-01-15T02:36:01","slug":"snack-nut-packaging-film-wholesale","status":"publish","type":"product","link":"https:\/\/www.zkprintpack.com\/de\/product\/snack-nut-packaging-film-wholesale\/","title":{"rendered":"Snack Nuss Verpackung Film Gro\u00dfhandel, OEM Roll Stock Film f\u00fcr Nuss"},"content":{"rendered":"<div class=\"wp-block-columns is-layout-flex wp-container-core-columns-is-layout-9d6595d7 wp-block-columns-is-layout-flex\">\n<div class=\"wp-block-column is-layout-flow wp-block-column-is-layout-flow\">\n<h2 class=\"wp-block-heading\">Snack-Nuss-Verpackungsfolie Gro\u00dfhandel Merkmale<\/h2>\n\n\n\n<ul class=\"wp-block-list\">\n<li><strong>Versiegelter Schutz, eingeschlossene Frische<\/strong><br>Diese Rollenware besteht aus einer mehrschichtigen Laminatstruktur, die eine starke Sauerstoff-, Feuchtigkeits- und Lichtbarriere bildet. Sie sch\u00fctzt N\u00fcsse effektiv vor Oxidation, Feuchtigkeit und Verunreinigungen von au\u00dfen und tr\u00e4gt dazu bei, die knackige Textur, den nat\u00fcrlichen Geschmack und die lange Haltbarkeit w\u00e4hrend der Lagerung und des Vertriebs zu erhalten.<\/li>\n\n\n\n<li><strong>Hohe Effizienz, niedrigere Verpackungskosten<\/strong><br>Das f\u00fcr automatische Abf\u00fcll- und Verschlie\u00dfmaschinen konzipierte Rollenmaterialformat minimiert den Materialabfall beim Schneiden und Verschlie\u00dfen. Mit optimierter Foliendicke und stabiler Leistung tr\u00e4gt es zu einer hohen Materialausnutzung bei und reduziert die Gesamtverpackungskosten f\u00fcr gro\u00dfe Nussmarken.<\/li>\n\n\n\n<li><strong>Flexibler Druck und Materialanpassung<\/strong><br>Von matten oder gl\u00e4nzenden Oberfl\u00e4chen bis hin zu transparenten Fenstern und kundenspezifischen Barrierestrukturen unterst\u00fctzt diese Folie ma\u00dfgeschneiderte L\u00f6sungen f\u00fcr verschiedene Snack-Nuss-Kategorien. Ein auff\u00e4lliger Druck verbessert die Attraktivit\u00e4t der Regale und die Markendifferenzierung in wettbewerbsintensiven Einzelhandelsumgebungen.<\/li>\n\n\n\n<li><strong>Kundenspezifische OEM\/ODM-L\u00f6sungen f\u00fcr Nussmarken<\/strong><br>Wir bieten umfassende OEM\/ODM-Dienstleistungen, einschlie\u00dflich kundenspezifischer Rollenbreite, Kerngr\u00f6\u00dfe, Folienstruktur und Druckdesign. Ideal f\u00fcr Marken, die zuverl\u00e4ssige Snack-Nuss-Verpackungsfolien f\u00fcr den Gro\u00dfhandel mit gleichbleibender Qualit\u00e4t und skalierbarer Produktionskapazit\u00e4t suchen.<\/li>\n<\/ul>\n<\/div>\n\n\n\n<div class=\"wp-block-column is-layout-flow wp-block-column-is-layout-flow\">\n<figure class=\"wp-block-image size-full\"><img decoding=\"async\" width=\"800\" height=\"800\" src=\"https:\/\/www.zkprintpack.com\/wp-content\/uploads\/2026\/01\/Snack-Nut-Packaging-Film-Wholesale-Manufacturer-Zhongjia-Packaging.webp\" alt=\"Snack Nuss Verpackung Film Gro\u00dfhandel Hersteller - Zhongjia Packaging\" class=\"wp-image-2518\" srcset=\"https:\/\/www.zkprintpack.com\/wp-content\/uploads\/2026\/01\/Snack-Nut-Packaging-Film-Wholesale-Manufacturer-Zhongjia-Packaging.webp 800w, https:\/\/www.zkprintpack.com\/wp-content\/uploads\/2026\/01\/Snack-Nut-Packaging-Film-Wholesale-Manufacturer-Zhongjia-Packaging-150x150.webp 150w, https:\/\/www.zkprintpack.com\/wp-content\/uploads\/2026\/01\/Snack-Nut-Packaging-Film-Wholesale-Manufacturer-Zhongjia-Packaging-768x768.webp 768w, https:\/\/www.zkprintpack.com\/wp-content\/uploads\/2026\/01\/Snack-Nut-Packaging-Film-Wholesale-Manufacturer-Zhongjia-Packaging-12x12.webp 12w, https:\/\/www.zkprintpack.com\/wp-content\/uploads\/2026\/01\/Snack-Nut-Packaging-Film-Wholesale-Manufacturer-Zhongjia-Packaging-600x600.webp 600w, https:\/\/www.zkprintpack.com\/wp-content\/uploads\/2026\/01\/Snack-Nut-Packaging-Film-Wholesale-Manufacturer-Zhongjia-Packaging-300x300.webp 300w, https:\/\/www.zkprintpack.com\/wp-content\/uploads\/2026\/01\/Snack-Nut-Packaging-Film-Wholesale-Manufacturer-Zhongjia-Packaging-100x100.webp 100w\" sizes=\"(max-width: 800px) 100vw, 800px\" \/><\/figure>\n<\/div>\n<\/div>","protected":false},"excerpt":{"rendered":"<p>Willkommen im Gro\u00dfhandel f\u00fcr Snack-Nuss-Verpackungsfolien, die f\u00fcr den effizienten Schutz von Erdn\u00fcssen, Mandeln und gemischten N\u00fcssen mit hoher Barriere konzipiert sind. OEM-Rollenware unterst\u00fctzt kundenspezifische Materialien, Druck und Maschinenkompatibilit\u00e4t und hilft Marken, Kosten zu reduzieren und gleichzeitig Frische und visuelle Attraktivit\u00e4t zu bewahren.<\/p>\n<h2>Parameter der Snack-Nuss-Verpackungsfolie Gro\u00dfhandel<\/h2>\n<ul>\n<li><strong>Material:<\/strong>\u00a0PET\/PE, PET\/NY\/PE, PET\/AL\/NY\/PE, usw.<\/li>\n<li><strong>Tasche Typ<\/strong>: <strong>Rollenmaterial<\/strong><\/li>\n<li><strong>Gr\u00f6\u00dfe<\/strong>: Benutzerdefiniert<\/li>\n<li><strong>Individuelle Bestellung<\/strong>: Akzeptieren Sie OEM &amp; ODM<\/li>\n<li><strong>Kostenlose Probe<\/strong>: Unterst\u00fctzung<\/li>\n<li><strong>Verwendung<\/strong>: Snacks, Lebensmittel, S\u00fc\u00dfigkeiten und andere<\/li>\n<li><strong>Farbe<\/strong>: Kann angepasst werden<\/li>\n<li><strong>Zielm\u00e4rkte<\/strong>: \u00dcberall auf der Welt<\/li>\n<\/ul>","protected":false},"featured_media":2518,"comment_status":"closed","ping_status":"closed","template":"","meta":{"_acf_changed":false},"market":[63],"product_brand":[],"product_cat":[57],"product_tag":[],"class_list":{"0":"post-2517","1":"product","2":"type-product","3":"status-publish","4":"has-post-thumbnail","6":"market-nuts-packaging-supplier","7":"product_cat-rollstock-film-supplier","9":"first","10":"instock","11":"shipping-taxable","12":"product-type-simple"},"acf":[],"_links":{"self":[{"href":"https:\/\/www.zkprintpack.com\/de\/wp-json\/wp\/v2\/product\/2517","targetHints":{"allow":["GET"]}}],"collection":[{"href":"https:\/\/www.zkprintpack.com\/de\/wp-json\/wp\/v2\/product"}],"about":[{"href":"https:\/\/www.zkprintpack.com\/de\/wp-json\/wp\/v2\/types\/product"}],"replies":[{"embeddable":true,"href":"https:\/\/www.zkprintpack.com\/de\/wp-json\/wp\/v2\/comments?post=2517"}],"wp:featuredmedia":[{"embeddable":true,"href":"https:\/\/www.zkprintpack.com\/de\/wp-json\/wp\/v2\/media\/2518"}],"wp:attachment":[{"href":"https:\/\/www.zkprintpack.com\/de\/wp-json\/wp\/v2\/media?parent=2517"}],"wp:term":[{"taxonomy":"market","embeddable":true,"href":"https:\/\/www.zkprintpack.com\/de\/wp-json\/wp\/v2\/market?post=2517"},{"taxonomy":"product_brand","embeddable":true,"href":"https:\/\/www.zkprintpack.com\/de\/wp-json\/wp\/v2\/product_brand?post=2517"},{"taxonomy":"product_cat","embeddable":true,"href":"https:\/\/www.zkprintpack.com\/de\/wp-json\/wp\/v2\/product_cat?post=2517"},{"taxonomy":"product_tag","embeddable":true,"href":"https:\/\/www.zkprintpack.com\/de\/wp-json\/wp\/v2\/product_tag?post=2517"}],"curies":[{"name":"wp","href":"https:\/\/api.w.org\/{rel}","templated":true}]}}