{"id":2514,"date":"2026-01-15T02:00:43","date_gmt":"2026-01-15T02:00:43","guid":{"rendered":"https:\/\/www.zkprintpack.com\/?post_type=product&#038;p=2514"},"modified":"2026-01-15T02:01:05","modified_gmt":"2026-01-15T02:01:05","slug":"bulk-custom-plastic-biscuit-packaging","status":"publish","type":"product","link":"https:\/\/www.zkprintpack.com\/de\/product\/bulk-custom-plastic-biscuit-packaging\/","title":{"rendered":"Bulk benutzerdefinierte Kunststoff-Keks-Verpackung liefern, Filmrolle Fabrik"},"content":{"rendered":"<div class=\"wp-block-columns is-layout-flex wp-container-core-columns-is-layout-9d6595d7 wp-block-columns-is-layout-flex\">\n<div class=\"wp-block-column is-layout-flow wp-block-column-is-layout-flow\">\n<h2 class=\"wp-block-heading\">Kundenspezifische Kunststoffverpackungen f\u00fcr Kekse Merkmale<\/h2>\n\n\n\n<ul class=\"wp-block-list\">\n<li><strong>Konformit\u00e4t mit Lebensmittelkontakt<br><\/strong>Alle Materialien, Druckfarben und Klebstoffe unserer kundenspezifischen Kunststoffverpackungen f\u00fcr Kekse entsprechen den weltweiten Standards f\u00fcr Lebensmittelsicherheit (Japan, China, EU), wobei Dokumentation und Migrationstests mitgeliefert werden.<\/li>\n\n\n\n<li><strong>Vollst\u00e4ndige und konforme Etikettierung<br><\/strong>Diese kundenspezifische Folie von der Rolle erm\u00f6glicht eine klare Darstellung von N\u00e4hrwertangaben, Inhaltsstoffen, Herstellerinformationen, Produktionsdatum und Lagerungsanweisungen auf dem fertigen Beutel.<\/li>\n\n\n\n<li><strong>Pr\u00e4zises Schneiden und Umspulen<br><\/strong>Folienbreite, -l\u00e4nge und Rollenspannung werden pr\u00e4zise gesteuert, um einen reibungslosen Einzug, gleichm\u00e4\u00dfige Schlauchbildung und minimalen Abfall zu gew\u00e4hrleisten.<\/li>\n\n\n\n<li><strong>Kompatibilit\u00e4t mit Hochgeschwindigkeits-Produktion<br><\/strong>Unsere ma\u00dfgefertigten Kunststoffverpackungen f\u00fcr Kekse sind auf Reibung, Dehnung und Hei\u00dfsiegelung ausgelegt und mit automatisierten Verpackungslinien kompatibel, um eine effiziente und abfallarme Produktion zu gew\u00e4hrleisten.<\/li>\n\n\n\n<li>Als spezialisiertes Unternehmen f\u00fcr die Herstellung von Keksverpackungsrollen aus Kunststoff k\u00f6nnen wir die Produktion direkt im Werk mit einem ausgefeilten Beutelherstellungs- und Druckverfahren anbieten. So k\u00f6nnen wir eine stabile Basis f\u00fcr Gro\u00dfauftr\u00e4ge bieten.<\/li>\n<\/ul>\n<\/div>\n\n\n\n<div class=\"wp-block-column is-layout-flow wp-block-column-is-layout-flow\">\n<figure class=\"wp-block-image size-full\"><img decoding=\"async\" width=\"800\" height=\"800\" src=\"https:\/\/www.zkprintpack.com\/wp-content\/uploads\/2026\/01\/Custom-Plastic-Biscuit-Packaging.webp\" alt=\"Kundenspezifische Kunststoffverpackungen f\u00fcr Kekse\" class=\"wp-image-2515\" srcset=\"https:\/\/www.zkprintpack.com\/wp-content\/uploads\/2026\/01\/Custom-Plastic-Biscuit-Packaging.webp 800w, https:\/\/www.zkprintpack.com\/wp-content\/uploads\/2026\/01\/Custom-Plastic-Biscuit-Packaging-150x150.webp 150w, https:\/\/www.zkprintpack.com\/wp-content\/uploads\/2026\/01\/Custom-Plastic-Biscuit-Packaging-768x768.webp 768w, https:\/\/www.zkprintpack.com\/wp-content\/uploads\/2026\/01\/Custom-Plastic-Biscuit-Packaging-12x12.webp 12w, https:\/\/www.zkprintpack.com\/wp-content\/uploads\/2026\/01\/Custom-Plastic-Biscuit-Packaging-600x600.webp 600w, https:\/\/www.zkprintpack.com\/wp-content\/uploads\/2026\/01\/Custom-Plastic-Biscuit-Packaging-300x300.webp 300w, https:\/\/www.zkprintpack.com\/wp-content\/uploads\/2026\/01\/Custom-Plastic-Biscuit-Packaging-100x100.webp 100w\" sizes=\"(max-width: 800px) 100vw, 800px\" \/><\/figure>\n<\/div>\n<\/div>\n\n\n\n<p><\/p>","protected":false},"excerpt":{"rendered":"<p>Ma\u00dfgeschneiderte Kunststoffverpackungsfolien f\u00fcr Kekse und knusprige Snacks, die entwickelt wurden, um Knusprigkeit und Geschmack zu bewahren, Lebensmittelsicherheit zu gew\u00e4hrleisten, eine automatisierte Hochgeschwindigkeitsproduktion zu erm\u00f6glichen und einen starken optischen Eindruck zu vermitteln. Gro\u00dfmengenbeschaffung unterst\u00fctzt. Kontaktieren Sie uns jetzt!\u00a0<\/p>\n<h2>Parameter von kundenspezifischen Kunststoffverpackungen f\u00fcr Kekse\u00a0<\/h2>\n<ul>\n<li><strong>Material:<\/strong>\u00a0PET\/PE, PET\/NY\/PE, PET\/AL\/NY\/PE, usw.<\/li>\n<li><strong>Tasche Typ<\/strong>: <strong>Verpackungsrollenfolie<\/strong><\/li>\n<li><strong>Gr\u00f6\u00dfe<\/strong>: Benutzerdefiniert<\/li>\n<li><strong>Individuelle Bestellung<\/strong>: Akzeptieren Sie OEM &amp; ODM<\/li>\n<li><strong>Kostenlose Probe<\/strong>: Unterst\u00fctzung<\/li>\n<li><strong>Verwendung<\/strong>: Snacks, Lebensmittel, S\u00fc\u00dfigkeiten und andere<\/li>\n<li><strong>Farbe<\/strong>: Kann angepasst werden<\/li>\n<li><strong>Zielm\u00e4rkte<\/strong>: \u00dcberall auf der Welt<\/li>\n<\/ul>","protected":false},"featured_media":2515,"comment_status":"closed","ping_status":"closed","template":"","meta":{"_acf_changed":false},"market":[61],"product_brand":[],"product_cat":[57],"product_tag":[],"class_list":{"0":"post-2514","1":"product","2":"type-product","3":"status-publish","4":"has-post-thumbnail","6":"market-snack-packaging-supplier","7":"product_cat-rollstock-film-supplier","9":"first","10":"instock","11":"shipping-taxable","12":"product-type-simple"},"acf":[],"_links":{"self":[{"href":"https:\/\/www.zkprintpack.com\/de\/wp-json\/wp\/v2\/product\/2514","targetHints":{"allow":["GET"]}}],"collection":[{"href":"https:\/\/www.zkprintpack.com\/de\/wp-json\/wp\/v2\/product"}],"about":[{"href":"https:\/\/www.zkprintpack.com\/de\/wp-json\/wp\/v2\/types\/product"}],"replies":[{"embeddable":true,"href":"https:\/\/www.zkprintpack.com\/de\/wp-json\/wp\/v2\/comments?post=2514"}],"wp:featuredmedia":[{"embeddable":true,"href":"https:\/\/www.zkprintpack.com\/de\/wp-json\/wp\/v2\/media\/2515"}],"wp:attachment":[{"href":"https:\/\/www.zkprintpack.com\/de\/wp-json\/wp\/v2\/media?parent=2514"}],"wp:term":[{"taxonomy":"market","embeddable":true,"href":"https:\/\/www.zkprintpack.com\/de\/wp-json\/wp\/v2\/market?post=2514"},{"taxonomy":"product_brand","embeddable":true,"href":"https:\/\/www.zkprintpack.com\/de\/wp-json\/wp\/v2\/product_brand?post=2514"},{"taxonomy":"product_cat","embeddable":true,"href":"https:\/\/www.zkprintpack.com\/de\/wp-json\/wp\/v2\/product_cat?post=2514"},{"taxonomy":"product_tag","embeddable":true,"href":"https:\/\/www.zkprintpack.com\/de\/wp-json\/wp\/v2\/product_tag?post=2514"}],"curies":[{"name":"wp","href":"https:\/\/api.w.org\/{rel}","templated":true}]}}