{"id":2512,"date":"2026-01-15T02:05:39","date_gmt":"2026-01-15T02:05:39","guid":{"rendered":"https:\/\/www.zkprintpack.com\/?post_type=product&#038;p=2512"},"modified":"2026-01-15T02:05:41","modified_gmt":"2026-01-15T02:05:41","slug":"custom-chips-packaging-roll-film-bulk","status":"publish","type":"product","link":"https:\/\/www.zkprintpack.com\/de\/product\/custom-chips-packaging-roll-film-bulk\/","title":{"rendered":"Benutzerdefinierte Chips Verpackung Roll Film Gro\u00dfhandel, Snack Bag &amp; Pouch Hersteller"},"content":{"rendered":"<div class=\"wp-block-columns is-layout-flex wp-container-core-columns-is-layout-9d6595d7 wp-block-columns-is-layout-flex\">\n<div class=\"wp-block-column is-layout-flow wp-block-column-is-layout-flow\">\n<h2 class=\"wp-block-heading\">Kundenspezifische Chips-Verpackungsfolie Merkmale<\/h2>\n\n\n\n<ul class=\"wp-block-list\">\n<li><strong>Zuverl\u00e4ssige Hei\u00dfsiegelleistung<br><\/strong>Diese f\u00fcr die Verpackung von Chips optimierte Hei\u00dfsiegelschicht gew\u00e4hrleistet starke, gleichm\u00e4\u00dfige Siegelungen, die mit vertikalen Hochgeschwindigkeits-Form-F\u00fcll-Siegel-Maschinen kompatibel sind, und minimiert Leckagen und Abfall.<\/li>\n\n\n\n<li><strong>Einhaltung der Vorschriften zur Lebensmittelsicherheit<br><\/strong>Alle Folien, Druckfarben und Klebstoffe dieser kundenspezifischen Chipsverpackungs-Rollenfolie erf\u00fcllen die internationalen Normen f\u00fcr den Kontakt mit Lebensmitteln und verf\u00fcgen \u00fcber eine vollst\u00e4ndige Konformit\u00e4tsdokumentation und Migrationstests.<\/li>\n\n\n\n<li><strong>Hohe Regalwirkung<br><\/strong>Helle, kontrastreiche Farben und ansprechende Produktbilder ziehen sofort die Aufmerksamkeit der Verbraucher auf sich, w\u00e4hrend regionale Hinweise Premiumqualit\u00e4t vermitteln.<\/li>\n\n\n\n<li><strong>Kompatibilit\u00e4t mit Hochgeschwindigkeits-Produktion<br><\/strong>Unsere ma\u00dfgefertigten Chips-Verpackungsfolien auf Rollen sind f\u00fcr Reibung, Dehnung und Hei\u00dfsiegelung ausgelegt und mit automatisierten Verpackungslinien kompatibel, was eine effiziente und abfallarme Produktion gew\u00e4hrleistet.<\/li>\n\n\n\n<li>Als spezialisiertes Unternehmen f\u00fcr die Herstellung von Chip-Verpackungsfolien k\u00f6nnen wir die Produktion direkt im Werk mit einem ausgefeilten Beutelherstellungs- und Druckverfahren anbieten. So k\u00f6nnen wir eine stabile Basis f\u00fcr Gro\u00dfauftr\u00e4ge schaffen.<\/li>\n<\/ul>\n<\/div>\n\n\n\n<div class=\"wp-block-column is-layout-flow wp-block-column-is-layout-flow\">\n<figure class=\"wp-block-image size-full\"><img decoding=\"async\" width=\"800\" height=\"800\" src=\"https:\/\/www.zkprintpack.com\/wp-content\/uploads\/2026\/01\/Custom-Chips-Packaging-Roll-Film.webp\" alt=\"Kundenspezifische Chips-Verpackungsfolien\" class=\"wp-image-2513\" srcset=\"https:\/\/www.zkprintpack.com\/wp-content\/uploads\/2026\/01\/Custom-Chips-Packaging-Roll-Film.webp 800w, https:\/\/www.zkprintpack.com\/wp-content\/uploads\/2026\/01\/Custom-Chips-Packaging-Roll-Film-150x150.webp 150w, https:\/\/www.zkprintpack.com\/wp-content\/uploads\/2026\/01\/Custom-Chips-Packaging-Roll-Film-768x768.webp 768w, https:\/\/www.zkprintpack.com\/wp-content\/uploads\/2026\/01\/Custom-Chips-Packaging-Roll-Film-12x12.webp 12w, https:\/\/www.zkprintpack.com\/wp-content\/uploads\/2026\/01\/Custom-Chips-Packaging-Roll-Film-600x600.webp 600w, https:\/\/www.zkprintpack.com\/wp-content\/uploads\/2026\/01\/Custom-Chips-Packaging-Roll-Film-300x300.webp 300w, https:\/\/www.zkprintpack.com\/wp-content\/uploads\/2026\/01\/Custom-Chips-Packaging-Roll-Film-100x100.webp 100w\" sizes=\"(max-width: 800px) 100vw, 800px\" \/><\/figure>\n<\/div>\n<\/div>\n\n\n\n<p><\/p>","protected":false},"excerpt":{"rendered":"<p>Ma\u00dfgeschneiderte Chips-Verpackungsfolien f\u00fcr frittierte und gepuffte Snacks, die die Knusprigkeit und den Geschmack bewahren, die Lebensmittelsicherheit gew\u00e4hrleisten, die automatisierte Hochgeschwindigkeitsproduktion unterst\u00fctzen und ein attraktives Erscheinungsbild im Regal bieten. Beschaffung in gro\u00dfen Mengen unterst\u00fctzt. Kontaktieren Sie uns jetzt!\u00a0<\/p>\n<h2>Parameter der benutzerdefinierten Chips-Verpackungsrollfolie<\/h2>\n<ul>\n<li><strong>Material:<\/strong>\u00a0PET\/PE, PET\/NY\/PE, PET\/AL\/NY\/PE, usw.<\/li>\n<li><strong>Tasche Typ<\/strong>: <strong>Verpackungsrollenfolie<\/strong><\/li>\n<li><strong>Gr\u00f6\u00dfe<\/strong>: Benutzerdefiniert<\/li>\n<li><strong>Individuelle Bestellung<\/strong>: Akzeptieren Sie OEM &amp; ODM<\/li>\n<li><strong>Kostenlose Probe<\/strong>: Unterst\u00fctzung<\/li>\n<li><strong>Verwendung<\/strong>: Snacks, Lebensmittel, S\u00fc\u00dfigkeiten und andere<\/li>\n<li><strong>Farbe<\/strong>: Kann angepasst werden<\/li>\n<li><strong>Zielm\u00e4rkte<\/strong>: \u00dcberall auf der Welt<\/li>\n<\/ul>","protected":false},"featured_media":2513,"comment_status":"closed","ping_status":"closed","template":"","meta":{"_acf_changed":false},"market":[61],"product_brand":[],"product_cat":[57],"product_tag":[],"class_list":{"0":"post-2512","1":"product","2":"type-product","3":"status-publish","4":"has-post-thumbnail","6":"market-snack-packaging-supplier","7":"product_cat-rollstock-film-supplier","9":"first","10":"instock","11":"shipping-taxable","12":"product-type-simple"},"acf":[],"_links":{"self":[{"href":"https:\/\/www.zkprintpack.com\/de\/wp-json\/wp\/v2\/product\/2512","targetHints":{"allow":["GET"]}}],"collection":[{"href":"https:\/\/www.zkprintpack.com\/de\/wp-json\/wp\/v2\/product"}],"about":[{"href":"https:\/\/www.zkprintpack.com\/de\/wp-json\/wp\/v2\/types\/product"}],"replies":[{"embeddable":true,"href":"https:\/\/www.zkprintpack.com\/de\/wp-json\/wp\/v2\/comments?post=2512"}],"wp:featuredmedia":[{"embeddable":true,"href":"https:\/\/www.zkprintpack.com\/de\/wp-json\/wp\/v2\/media\/2513"}],"wp:attachment":[{"href":"https:\/\/www.zkprintpack.com\/de\/wp-json\/wp\/v2\/media?parent=2512"}],"wp:term":[{"taxonomy":"market","embeddable":true,"href":"https:\/\/www.zkprintpack.com\/de\/wp-json\/wp\/v2\/market?post=2512"},{"taxonomy":"product_brand","embeddable":true,"href":"https:\/\/www.zkprintpack.com\/de\/wp-json\/wp\/v2\/product_brand?post=2512"},{"taxonomy":"product_cat","embeddable":true,"href":"https:\/\/www.zkprintpack.com\/de\/wp-json\/wp\/v2\/product_cat?post=2512"},{"taxonomy":"product_tag","embeddable":true,"href":"https:\/\/www.zkprintpack.com\/de\/wp-json\/wp\/v2\/product_tag?post=2512"}],"curies":[{"name":"wp","href":"https:\/\/api.w.org\/{rel}","templated":true}]}}