{"id":2510,"date":"2026-01-15T01:55:23","date_gmt":"2026-01-15T01:55:23","guid":{"rendered":"https:\/\/www.zkprintpack.com\/?post_type=product&#038;p=2510"},"modified":"2026-01-15T01:55:28","modified_gmt":"2026-01-15T01:55:28","slug":"custom-biscuit-packaging-bags","status":"publish","type":"product","link":"https:\/\/www.zkprintpack.com\/de\/product\/custom-biscuit-packaging-bags\/","title":{"rendered":"Benutzerdefinierte Keksverpackungsbeutel Hersteller, Snack Beutel Fabrik Versorgung"},"content":{"rendered":"<div class=\"wp-block-columns is-layout-flex wp-container-core-columns-is-layout-9d6595d7 wp-block-columns-is-layout-flex\">\n<div class=\"wp-block-column is-layout-flow wp-block-column-is-layout-flow\">\n<h2 class=\"wp-block-heading\">Kundenspezifische Keksverpackungsbeutel Merkmale<\/h2>\n\n\n\n<ul class=\"wp-block-list\">\n<li><strong>Au\u00dfergew\u00f6hnliche Barriereleistung<\/strong><br>Die hohe Feuchtigkeits- und Sauerstoffbarriere unserer kundenspezifischen Keksverpackungsbeutel h\u00e4lt Snacks knackig und frisch und bewahrt gleichzeitig delikate Geschmacksrichtungen und Aromen.<\/li>\n\n\n\n<li><strong>Strenge Einhaltung der Lebensmittelsicherheit<\/strong><br>Alle Materialien, Druckfarben und Klebstoffe von Zhongjia Printing erf\u00fcllen die internationalen Normen f\u00fcr den Kontakt mit Lebensmitteln und verf\u00fcgen \u00fcber eine vollst\u00e4ndige Dokumentation der Konformit\u00e4t und Migrationstests.<\/li>\n\n\n\n<li><strong>Kompatibilit\u00e4t der Produktionslinien<\/strong><br>Optimierte Abmessungen, \u00d6ffnungen und Siegelnahtfestigkeit von Beuteln f\u00fcr kundenspezifische Keksverpackungen zur Unterst\u00fctzung von automatisierten Hochgeschwindigkeits-Abf\u00fcll- und Verpackungsvorg\u00e4ngen.<\/li>\n\n\n\n<li><strong>Markenbekanntheit und Vertrauen<\/strong><br>Wir unterst\u00fctzen die individuelle Gestaltung von markanter Logoplatzierung und koh\u00e4rentem Design, um die Markenidentit\u00e4t zu st\u00e4rken und Premiumqualit\u00e4t zu vermitteln.<\/li>\n\n\n\n<li>Als spezialisierter Hersteller von Snack-Verpackungsbeuteln k\u00f6nnen wir eine fabrikinterne Produktion mit einem ausgefeilten Beutelherstellungs- und Druckverfahren anbieten. So k\u00f6nnen wir eine stabile Basis f\u00fcr Gro\u00dfauftr\u00e4ge schaffen.<\/li>\n<\/ul>\n<\/div>\n\n\n\n<div class=\"wp-block-column is-layout-flow wp-block-column-is-layout-flow\">\n<figure class=\"wp-block-image size-full\"><img decoding=\"async\" width=\"800\" height=\"800\" src=\"https:\/\/www.zkprintpack.com\/wp-content\/uploads\/2026\/01\/Custom-Biscuit-Packaging-Bags.webp\" alt=\"Kundenspezifische Keks-Verpackungst\u00fcten\" class=\"wp-image-2511\" srcset=\"https:\/\/www.zkprintpack.com\/wp-content\/uploads\/2026\/01\/Custom-Biscuit-Packaging-Bags.webp 800w, https:\/\/www.zkprintpack.com\/wp-content\/uploads\/2026\/01\/Custom-Biscuit-Packaging-Bags-150x150.webp 150w, https:\/\/www.zkprintpack.com\/wp-content\/uploads\/2026\/01\/Custom-Biscuit-Packaging-Bags-768x768.webp 768w, https:\/\/www.zkprintpack.com\/wp-content\/uploads\/2026\/01\/Custom-Biscuit-Packaging-Bags-12x12.webp 12w, https:\/\/www.zkprintpack.com\/wp-content\/uploads\/2026\/01\/Custom-Biscuit-Packaging-Bags-600x600.webp 600w, https:\/\/www.zkprintpack.com\/wp-content\/uploads\/2026\/01\/Custom-Biscuit-Packaging-Bags-300x300.webp 300w, https:\/\/www.zkprintpack.com\/wp-content\/uploads\/2026\/01\/Custom-Biscuit-Packaging-Bags-100x100.webp 100w\" sizes=\"(max-width: 800px) 100vw, 800px\" \/><\/figure>\n<\/div>\n<\/div>\n\n\n\n<p><\/p>","protected":false},"excerpt":{"rendered":"<p>Dieser kundenspezifische Keksverpackungsbeutel f\u00fcr Kekssnacks wurde entwickelt, um die Knusprigkeit zu bewahren, den Geschmack einzuschlie\u00dfen, die Lebensmittelsicherheit zu gew\u00e4hrleisten und eine erstklassige Regalleistung zu bieten. Gro\u00dfbestellungen werden unterst\u00fctzt. Kontaktieren Sie uns jetzt!<\/p>\n<h2>Parameter von kundenspezifischen Keksverpackungsbeuteln<\/h2>\n<ul>\n<li><strong>Material:<\/strong>\u00a0PET\/PE, PET\/NY\/PE, PET\/AL\/NY\/PE, usw.<\/li>\n<li><strong>Tasche Typ<\/strong>: <strong>Dreiseitige Siegelrandtasche<\/strong><\/li>\n<li><strong>Gr\u00f6\u00dfe<\/strong>: Benutzerdefiniert<\/li>\n<li><strong>Individuelle Bestellung<\/strong>: Akzeptieren Sie OEM &amp; ODM<\/li>\n<li><strong>Kostenlose Probe<\/strong>: Unterst\u00fctzung<\/li>\n<li><strong>Verwendung<\/strong>: Snacks, Lebensmittel, S\u00fc\u00dfigkeiten und andere<\/li>\n<li><strong>Farbe<\/strong>: Kann angepasst werden<\/li>\n<li><strong>Zielm\u00e4rkte<\/strong>: \u00dcberall auf der Welt<\/li>\n<\/ul>","protected":false},"featured_media":2511,"comment_status":"closed","ping_status":"closed","template":"","meta":{"_acf_changed":false},"market":[61],"product_brand":[],"product_cat":[53,67],"product_tag":[],"class_list":{"0":"post-2510","1":"product","2":"type-product","3":"status-publish","4":"has-post-thumbnail","6":"market-snack-packaging-supplier","7":"product_cat-three-side-seal-pouch-wholesale","8":"product_cat-custom-flat-pouch","10":"first","11":"instock","12":"shipping-taxable","13":"product-type-simple"},"acf":[],"_links":{"self":[{"href":"https:\/\/www.zkprintpack.com\/de\/wp-json\/wp\/v2\/product\/2510","targetHints":{"allow":["GET"]}}],"collection":[{"href":"https:\/\/www.zkprintpack.com\/de\/wp-json\/wp\/v2\/product"}],"about":[{"href":"https:\/\/www.zkprintpack.com\/de\/wp-json\/wp\/v2\/types\/product"}],"replies":[{"embeddable":true,"href":"https:\/\/www.zkprintpack.com\/de\/wp-json\/wp\/v2\/comments?post=2510"}],"wp:featuredmedia":[{"embeddable":true,"href":"https:\/\/www.zkprintpack.com\/de\/wp-json\/wp\/v2\/media\/2511"}],"wp:attachment":[{"href":"https:\/\/www.zkprintpack.com\/de\/wp-json\/wp\/v2\/media?parent=2510"}],"wp:term":[{"taxonomy":"market","embeddable":true,"href":"https:\/\/www.zkprintpack.com\/de\/wp-json\/wp\/v2\/market?post=2510"},{"taxonomy":"product_brand","embeddable":true,"href":"https:\/\/www.zkprintpack.com\/de\/wp-json\/wp\/v2\/product_brand?post=2510"},{"taxonomy":"product_cat","embeddable":true,"href":"https:\/\/www.zkprintpack.com\/de\/wp-json\/wp\/v2\/product_cat?post=2510"},{"taxonomy":"product_tag","embeddable":true,"href":"https:\/\/www.zkprintpack.com\/de\/wp-json\/wp\/v2\/product_tag?post=2510"}],"curies":[{"name":"wp","href":"https:\/\/api.w.org\/{rel}","templated":true}]}}