{"id":2508,"date":"2026-01-15T01:36:37","date_gmt":"2026-01-15T01:36:37","guid":{"rendered":"https:\/\/www.zkprintpack.com\/?post_type=product&#038;p=2508"},"modified":"2026-01-15T01:36:40","modified_gmt":"2026-01-15T01:36:40","slug":"custom-biscuit-pouch-factory","status":"publish","type":"product","link":"https:\/\/www.zkprintpack.com\/de\/product\/custom-biscuit-pouch-factory\/","title":{"rendered":"Kundenspezifischer Keksbeutel mit hoher Barriere, lose flache Lebensmittelverpackungen f\u00fcr knusprige Kekse"},"content":{"rendered":"<div class=\"wp-block-columns is-layout-flex wp-container-core-columns-is-layout-9d6595d7 wp-block-columns-is-layout-flex\">\n<div class=\"wp-block-column is-layout-flow wp-block-column-is-layout-flow\">\n<h2 class=\"wp-block-heading\">Individuelle Kekstasche Merkmale<\/h2>\n\n\n\n<ul class=\"wp-block-list\">\n<li><strong>Hohe Feuchtigkeits- und Sauerstoffbarriere<\/strong><br>Hochbarrierelaminierte Strukturen unserer kundenspezifischen Kekst\u00fcten k\u00f6nnen Feuchtigkeit, Sauerstoff und Licht effektiv abhalten, um Knusprigkeit, Geschmack und Aroma w\u00e4hrend der gesamten Haltbarkeitsdauer des Produkts zu erhalten.<\/li>\n\n\n\n<li><strong>Erstklassige Druckqualit\u00e4t<br><\/strong>Dieser kundenspezifische Keksbeutel verf\u00fcgt \u00fcber einen High-Definition-Druck, der gestochen scharfe Grafiken und eine pr\u00e4zise Farbwiedergabe liefert, ideal f\u00fcr auff\u00e4llige Designs und Markenverpackungen f\u00fcr den Einzelhandel.<\/li>\n\n\n\n<li><strong>Starke Abdichtung und mechanische Best\u00e4ndigkeit<\/strong><br>Verst\u00e4rkte Dichtungen und pannensichere Materialien verhindern das Auslaufen, Brechen und Besch\u00e4digen w\u00e4hrend des Transports und der Lagerung.<\/li>\n\n\n\n<li><strong>Lebensmittelechte Sicherheitskonformit\u00e4t<\/strong><br>Alle Materialien, Druckfarben und Klebstoffe entsprechen den Vorschriften f\u00fcr den Kontakt mit Lebensmitteln und sind f\u00fcr den direkten Kontakt mit Snacks auf Meeresfr\u00fcchtebasis geeignet.<\/li>\n\n\n\n<li>Als spezialisiertes Unternehmen f\u00fcr die Herstellung von Snack-Verpackungsbeuteln k\u00f6nnen wir eine fabrikinterne Produktion mit einem ausgefeilten Beutelherstellungs- und Druckverfahren anbieten. So k\u00f6nnen wir eine stabile Basis f\u00fcr Gro\u00dfauftr\u00e4ge schaffen.<\/li>\n<\/ul>\n<\/div>\n\n\n\n<div class=\"wp-block-column is-layout-flow wp-block-column-is-layout-flow\">\n<figure class=\"wp-block-image size-full\"><img decoding=\"async\" width=\"800\" height=\"800\" src=\"https:\/\/www.zkprintpack.com\/wp-content\/uploads\/2026\/01\/Custom-Biscuit-Pouch.webp\" alt=\"Individueller Keks-Beutel\" class=\"wp-image-2509\" srcset=\"https:\/\/www.zkprintpack.com\/wp-content\/uploads\/2026\/01\/Custom-Biscuit-Pouch.webp 800w, https:\/\/www.zkprintpack.com\/wp-content\/uploads\/2026\/01\/Custom-Biscuit-Pouch-150x150.webp 150w, https:\/\/www.zkprintpack.com\/wp-content\/uploads\/2026\/01\/Custom-Biscuit-Pouch-768x768.webp 768w, https:\/\/www.zkprintpack.com\/wp-content\/uploads\/2026\/01\/Custom-Biscuit-Pouch-12x12.webp 12w, https:\/\/www.zkprintpack.com\/wp-content\/uploads\/2026\/01\/Custom-Biscuit-Pouch-600x600.webp 600w, https:\/\/www.zkprintpack.com\/wp-content\/uploads\/2026\/01\/Custom-Biscuit-Pouch-300x300.webp 300w, https:\/\/www.zkprintpack.com\/wp-content\/uploads\/2026\/01\/Custom-Biscuit-Pouch-100x100.webp 100w\" sizes=\"(max-width: 800px) 100vw, 800px\" \/><\/figure>\n<\/div>\n<\/div>\n\n\n\n<p><\/p>","protected":false},"excerpt":{"rendered":"<p>Dieser kundenspezifische Keksbeutel wurde f\u00fcr nicht frittierte, gebackene Meeresfr\u00fcchtesnacks mit hohen Anforderungen an die Knusprigkeit entwickelt. Er gew\u00e4hrleistet lang anhaltende Knusprigkeit, Schutz des Geschmacks und eine \u00fcberzeugende Pr\u00e4sentation im Regal und erf\u00fcllt gleichzeitig strenge Standards f\u00fcr Lebensmittelsicherheit und Compliance. Gro\u00dfbestellungen werden unterst\u00fctzt. Kontaktieren Sie uns jetzt!<\/p>\n<h2>Parameter des kundenspezifischen Keksbeutels<\/h2>\n<ul>\n<li><strong>Material:<\/strong>\u00a0PET\/PE, PET\/NY\/PE, PET\/AL\/NY\/PE, usw.<\/li>\n<li><strong>Tasche Typ<\/strong>: <strong>Dreiseitige Siegelrandtasche<\/strong><\/li>\n<li><strong>Gr\u00f6\u00dfe<\/strong>: Benutzerdefiniert<\/li>\n<li><strong>Individuelle Bestellung<\/strong>: Akzeptieren Sie OEM &amp; ODM<\/li>\n<li><strong>Kostenlose Probe<\/strong>: Unterst\u00fctzung<\/li>\n<li><strong>Verwendung<\/strong>: Snacks, Lebensmittel, S\u00fc\u00dfigkeiten und andere<\/li>\n<li><strong>Farbe<\/strong>: Kann angepasst werden<\/li>\n<li><strong>Zielm\u00e4rkte<\/strong>: \u00dcberall auf der Welt<\/li>\n<\/ul>","protected":false},"featured_media":2509,"comment_status":"closed","ping_status":"closed","template":"","meta":{"_acf_changed":false},"market":[61],"product_brand":[],"product_cat":[53,67],"product_tag":[],"class_list":{"0":"post-2508","1":"product","2":"type-product","3":"status-publish","4":"has-post-thumbnail","6":"market-snack-packaging-supplier","7":"product_cat-three-side-seal-pouch-wholesale","8":"product_cat-custom-flat-pouch","10":"first","11":"instock","12":"shipping-taxable","13":"product-type-simple"},"acf":[],"_links":{"self":[{"href":"https:\/\/www.zkprintpack.com\/de\/wp-json\/wp\/v2\/product\/2508","targetHints":{"allow":["GET"]}}],"collection":[{"href":"https:\/\/www.zkprintpack.com\/de\/wp-json\/wp\/v2\/product"}],"about":[{"href":"https:\/\/www.zkprintpack.com\/de\/wp-json\/wp\/v2\/types\/product"}],"replies":[{"embeddable":true,"href":"https:\/\/www.zkprintpack.com\/de\/wp-json\/wp\/v2\/comments?post=2508"}],"wp:featuredmedia":[{"embeddable":true,"href":"https:\/\/www.zkprintpack.com\/de\/wp-json\/wp\/v2\/media\/2509"}],"wp:attachment":[{"href":"https:\/\/www.zkprintpack.com\/de\/wp-json\/wp\/v2\/media?parent=2508"}],"wp:term":[{"taxonomy":"market","embeddable":true,"href":"https:\/\/www.zkprintpack.com\/de\/wp-json\/wp\/v2\/market?post=2508"},{"taxonomy":"product_brand","embeddable":true,"href":"https:\/\/www.zkprintpack.com\/de\/wp-json\/wp\/v2\/product_brand?post=2508"},{"taxonomy":"product_cat","embeddable":true,"href":"https:\/\/www.zkprintpack.com\/de\/wp-json\/wp\/v2\/product_cat?post=2508"},{"taxonomy":"product_tag","embeddable":true,"href":"https:\/\/www.zkprintpack.com\/de\/wp-json\/wp\/v2\/product_tag?post=2508"}],"curies":[{"name":"wp","href":"https:\/\/api.w.org\/{rel}","templated":true}]}}