{"id":2462,"date":"2026-01-04T07:01:18","date_gmt":"2026-01-04T07:01:18","guid":{"rendered":"https:\/\/www.zkprintpack.com\/?post_type=product&#038;p=2462"},"modified":"2026-01-04T07:07:39","modified_gmt":"2026-01-04T07:07:39","slug":"bulk-noodles-packaging-roll-supply","status":"publish","type":"product","link":"https:\/\/www.zkprintpack.com\/de\/product\/bulk-noodles-packaging-roll-supply\/","title":{"rendered":"Kundenspezifische Nudelverpackungsfolien Lieferanten, Hersteller von Rollenware"},"content":{"rendered":"<div class=\"wp-block-columns is-layout-flex wp-container-core-columns-is-layout-9d6595d7 wp-block-columns-is-layout-flex\">\n<div class=\"wp-block-column is-layout-flow wp-block-column-is-layout-flow\">\n<h2 class=\"wp-block-heading\">Benutzerdefinierte Nudelverpackungsrollenfolie Merkmale<\/h2>\n\n\n\n<ul class=\"wp-block-list\">\n<li><strong>Leistung des Materials:<\/strong> Es handelt sich um eine Verbundfolie in Lebensmittelqualit\u00e4t, die sich durch hervorragende Feuchtigkeits-, Oxidations- und physikalische Best\u00e4ndigkeit auszeichnet und die Frische des Inhalts sowie die Transportsicherheit gew\u00e4hrleistet.<\/li>\n\n\n\n<li><strong>Verbesserung der Produktionseffizienz: <\/strong>Die Nudelverpackungs-Rollenfolie l\u00e4sst sich nahtlos in automatisierte Verpackungsanlagen integrieren, wodurch manuelle Eingriffe reduziert, die Massenproduktion beschleunigt und die Anforderungen an eine hochfrequente Produktion von schnelldrehenden Konsumg\u00fctern erf\u00fcllt werden.<\/li>\n\n\n\n<li><strong>Aufmerksamkeitsstarker Markt: <\/strong>Farben mit hohem Wiedererkennungswert und appetitanregende Visuals ziehen die Aufmerksamkeit der Verbraucher auf sich; eine intensive Markenexposition tr\u00e4gt dazu bei, das Markenbewusstsein zu st\u00e4rken.<\/li>\n\n\n\n<li><strong>Unterst\u00fctzung von OEM\/ODM-Anpassungen<\/strong>: Anpassbare Beutelgr\u00f6\u00dfe, Fensterposition\/-formen, Materialstrukturdesigns, Druckl\u00f6sungen f\u00fcr den Gro\u00dfhandel mit Nudelverpackungsrollen<\/li>\n\n\n\n<li>Als spezialisiertes Unternehmen f\u00fcr die Herstellung von Nudelverpackungsbeuteln k\u00f6nnen wir eine fabrikinterne Produktion mit einem ausgefeilten Beutelherstellungs- und Druckverfahren anbieten. So k\u00f6nnen wir eine stabile Basis f\u00fcr Gro\u00dfauftr\u00e4ge schaffen.<\/li>\n<\/ul>\n<\/div>\n\n\n\n<div class=\"wp-block-column is-layout-flow wp-block-column-is-layout-flow\">\n<figure class=\"wp-block-image size-full\"><img decoding=\"async\" width=\"800\" height=\"800\" src=\"https:\/\/www.zkprintpack.com\/wp-content\/uploads\/2026\/01\/bulk-custom-noodles-packaging-roll-supply.webp\" alt=\"bulk benutzerdefinierte Nudeln Verpackung Rolle liefern\" class=\"wp-image-2463\" srcset=\"https:\/\/www.zkprintpack.com\/wp-content\/uploads\/2026\/01\/bulk-custom-noodles-packaging-roll-supply.webp 800w, https:\/\/www.zkprintpack.com\/wp-content\/uploads\/2026\/01\/bulk-custom-noodles-packaging-roll-supply-150x150.webp 150w, https:\/\/www.zkprintpack.com\/wp-content\/uploads\/2026\/01\/bulk-custom-noodles-packaging-roll-supply-768x768.webp 768w, https:\/\/www.zkprintpack.com\/wp-content\/uploads\/2026\/01\/bulk-custom-noodles-packaging-roll-supply-12x12.webp 12w, https:\/\/www.zkprintpack.com\/wp-content\/uploads\/2026\/01\/bulk-custom-noodles-packaging-roll-supply-600x600.webp 600w, https:\/\/www.zkprintpack.com\/wp-content\/uploads\/2026\/01\/bulk-custom-noodles-packaging-roll-supply-300x300.webp 300w, https:\/\/www.zkprintpack.com\/wp-content\/uploads\/2026\/01\/bulk-custom-noodles-packaging-roll-supply-100x100.webp 100w\" sizes=\"(max-width: 800px) 100vw, 800px\" \/><\/figure>\n<\/div>\n<\/div>\n\n\n\n<p><\/p>","protected":false},"excerpt":{"rendered":"<p>Wir bieten Nudelverpackungsrollen f\u00fcr Gro\u00dfabnehmer weltweit an. Unsere Nudelverpackungsrollen zeichnen sich durch hochbarrierefreie Materialien, leuchtende Farben, Druck auf Wasserbasis und OEM-Optionen f\u00fcr Nudelmarken, R\u00f6ster und Gro\u00dfabnehmer aus.<\/p>\n<h2>Parameter der kundenspezifischen Nudelverpackungsrolle<\/h2>\n<ul>\n<li><strong>Material:<\/strong>\u00a0PET\/PE, PET\/NY\/PE, PET\/AL\/NY\/PE, usw.<\/li>\n<li><strong>Tasche Typ<\/strong>: <a href=\"https:\/\/www.zkprintpack.com\/de\/custom-rollstock-film\/\"><strong>Rollenmaterial<\/strong><\/a><\/li>\n<li><strong>Gr\u00f6\u00dfe<\/strong>: Benutzerdefiniert<\/li>\n<li><strong>Individuelle Bestellung<\/strong>: Akzeptieren Sie OEM &amp; ODM<\/li>\n<li><strong>Kostenlose Probe<\/strong>: Unterst\u00fctzung<\/li>\n<li><strong>Verwendung<\/strong>: Snacks, Lebensmittel, S\u00fc\u00dfigkeiten, Trockenfr\u00fcchte, Nudeln und andere<\/li>\n<li><strong>Farbe<\/strong>: Kann angepasst werden<\/li>\n<li><strong>Zielm\u00e4rkte<\/strong>: \u00dcberall auf der Welt<\/li>\n<\/ul>","protected":false},"featured_media":2463,"comment_status":"closed","ping_status":"closed","template":"","meta":{"_acf_changed":false},"market":[61],"product_brand":[],"product_cat":[57],"product_tag":[],"class_list":{"0":"post-2462","1":"product","2":"type-product","3":"status-publish","4":"has-post-thumbnail","6":"market-snack-packaging-supplier","7":"product_cat-rollstock-film-supplier","9":"first","10":"instock","11":"shipping-taxable","12":"product-type-simple"},"acf":[],"_links":{"self":[{"href":"https:\/\/www.zkprintpack.com\/de\/wp-json\/wp\/v2\/product\/2462","targetHints":{"allow":["GET"]}}],"collection":[{"href":"https:\/\/www.zkprintpack.com\/de\/wp-json\/wp\/v2\/product"}],"about":[{"href":"https:\/\/www.zkprintpack.com\/de\/wp-json\/wp\/v2\/types\/product"}],"replies":[{"embeddable":true,"href":"https:\/\/www.zkprintpack.com\/de\/wp-json\/wp\/v2\/comments?post=2462"}],"wp:featuredmedia":[{"embeddable":true,"href":"https:\/\/www.zkprintpack.com\/de\/wp-json\/wp\/v2\/media\/2463"}],"wp:attachment":[{"href":"https:\/\/www.zkprintpack.com\/de\/wp-json\/wp\/v2\/media?parent=2462"}],"wp:term":[{"taxonomy":"market","embeddable":true,"href":"https:\/\/www.zkprintpack.com\/de\/wp-json\/wp\/v2\/market?post=2462"},{"taxonomy":"product_brand","embeddable":true,"href":"https:\/\/www.zkprintpack.com\/de\/wp-json\/wp\/v2\/product_brand?post=2462"},{"taxonomy":"product_cat","embeddable":true,"href":"https:\/\/www.zkprintpack.com\/de\/wp-json\/wp\/v2\/product_cat?post=2462"},{"taxonomy":"product_tag","embeddable":true,"href":"https:\/\/www.zkprintpack.com\/de\/wp-json\/wp\/v2\/product_tag?post=2462"}],"curies":[{"name":"wp","href":"https:\/\/api.w.org\/{rel}","templated":true}]}}