{"id":2460,"date":"2026-01-14T03:57:24","date_gmt":"2026-01-14T03:57:24","guid":{"rendered":"https:\/\/www.zkprintpack.com\/?post_type=product&#038;p=2460"},"modified":"2026-01-14T03:57:28","modified_gmt":"2026-01-14T03:57:28","slug":"custom-dried-fruit-rollstock-supply","status":"publish","type":"product","link":"https:\/\/www.zkprintpack.com\/de\/product\/custom-dried-fruit-rollstock-supply\/","title":{"rendered":"China benutzerdefinierte getrocknete Fr\u00fcchte Rollstock Film Gro\u00dfh\u00e4ndler, Fabrik-Direktverkauf"},"content":{"rendered":"<div class=\"wp-block-columns is-layout-flex wp-container-core-columns-is-layout-9d6595d7 wp-block-columns-is-layout-flex\">\n<div class=\"wp-block-column is-layout-flow wp-block-column-is-layout-flow\">\n<h2 class=\"wp-block-heading\">Kundenspezifische Trockenfrucht-Rollstockfolie Merkmale<\/h2>\n\n\n\n<ul class=\"wp-block-list\">\n<li><strong>Schloss K\u00f6stlichkeit:<\/strong> Die aus lebensmittelechtem Verbundmaterial hergestellte Folie f\u00fcr Trockenfr\u00fcchte ist feuchtigkeits- und oxidationsbest\u00e4ndig, was die Haltbarkeit effektiv verl\u00e4ngert. Sie isoliert auch \u00e4u\u00dfere Ger\u00fcche, schlie\u00dft die nat\u00fcrliche S\u00fc\u00dfe der Banane ein und sorgt daf\u00fcr, dass jeder Bissen so frisch wie immer ist.<\/li>\n\n\n\n<li><strong>Kosteneinsparung:<\/strong> Der Rollfilm verwendet ein integriertes Rollendesign, das den Abfall beim Schneiden eliminiert und eine Materialausnutzung von bis zu 98% erreicht.<\/li>\n\n\n\n<li><strong>Auffallend und intuitiv: <\/strong>Die leuchtende, warme orangefarbene Hauptfarbe, gepaart mit hochaufl\u00f6senden Produktbildern, erregt sofort die Aufmerksamkeit der Verbraucher im Regal. Die klare Informationshierarchie erm\u00f6glicht es dem Verbraucher, den Kernwert auf einen Blick zu erfassen.<\/li>\n\n\n\n<li><strong>Unterst\u00fctzung von OEM\/ODM-Anpassungen<\/strong>: Anpassbare Beutelgr\u00f6\u00dfe, Fensterposition\/-formen, Materialstrukturdesigns, Druckl\u00f6sungen f\u00fcr kundenspezifische Trockenfruchtverpackungen im Gro\u00dfhandel<\/li>\n\n\n\n<li>Als spezialisiertes Unternehmen f\u00fcr die Herstellung von Beuteln zur Verpackung von Trockenfr\u00fcchten k\u00f6nnen wir eine fabrikm\u00e4\u00dfige Direktproduktion mit einem ausgefeilten Beutelherstellungs- und Druckverfahren anbieten. So k\u00f6nnen wir eine stabile Basis f\u00fcr Gro\u00dfauftr\u00e4ge schaffen.<\/li>\n<\/ul>\n<\/div>\n\n\n\n<div class=\"wp-block-column is-layout-flow wp-block-column-is-layout-flow\">\n<figure class=\"wp-block-image size-full\"><img decoding=\"async\" width=\"800\" height=\"800\" src=\"https:\/\/www.zkprintpack.com\/wp-content\/uploads\/2026\/01\/Custom-Dried-Fruit-rollstock-film-wholesale-.webp\" alt=\"Kundenspezifische Trockenobst-Rollstockfolie im Gro\u00dfhandel\" class=\"wp-image-2461\" srcset=\"https:\/\/www.zkprintpack.com\/wp-content\/uploads\/2026\/01\/Custom-Dried-Fruit-rollstock-film-wholesale-.webp 800w, https:\/\/www.zkprintpack.com\/wp-content\/uploads\/2026\/01\/Custom-Dried-Fruit-rollstock-film-wholesale--150x150.webp 150w, https:\/\/www.zkprintpack.com\/wp-content\/uploads\/2026\/01\/Custom-Dried-Fruit-rollstock-film-wholesale--768x768.webp 768w, https:\/\/www.zkprintpack.com\/wp-content\/uploads\/2026\/01\/Custom-Dried-Fruit-rollstock-film-wholesale--12x12.webp 12w, https:\/\/www.zkprintpack.com\/wp-content\/uploads\/2026\/01\/Custom-Dried-Fruit-rollstock-film-wholesale--600x600.webp 600w, https:\/\/www.zkprintpack.com\/wp-content\/uploads\/2026\/01\/Custom-Dried-Fruit-rollstock-film-wholesale--300x300.webp 300w, https:\/\/www.zkprintpack.com\/wp-content\/uploads\/2026\/01\/Custom-Dried-Fruit-rollstock-film-wholesale--100x100.webp 100w\" sizes=\"(max-width: 800px) 100vw, 800px\" \/><\/figure>\n<\/div>\n<\/div>\n\n\n\n<p><\/p>","protected":false},"excerpt":{"rendered":"<p>Der Hersteller von Trockenobstfolien liefert Verpackungsrollen zu einem Fabrikpreis. Unsere Trockenobst-Verpackungsrollen zeichnen sich durch hochbarrieref\u00e4hige Materialien, leuchtende Farben, Druck auf Wasserbasis und OEM-Optionen f\u00fcr Trockenobstmarken, R\u00f6stereien und Gro\u00dfabnehmer aus.<\/p>\n<h2>Parameter der kundenspezifischen Trockenobst-Rollstockfolie<\/h2>\n<ul>\n<li><strong>Material:<\/strong>\u00a0PET\/PE, PET\/NY\/PE, PET\/AL\/NY\/PE, usw.<\/li>\n<li><strong>Tasche Typ<\/strong>: <a href=\"https:\/\/www.zkprintpack.com\/de\/custom-rollstock-film\/\"><strong>Rollenmaterial<\/strong><\/a><\/li>\n<li><strong>Gr\u00f6\u00dfe<\/strong>: Benutzerdefiniert<\/li>\n<li><strong>Individuelle Bestellung<\/strong>: Akzeptieren Sie OEM &amp; ODM<\/li>\n<li><strong>Kostenlose Probe<\/strong>: Unterst\u00fctzung<\/li>\n<li><strong>Verwendung<\/strong>: Snacks, Lebensmittel, S\u00fc\u00dfigkeiten, Trockenfr\u00fcchte und andere<\/li>\n<li><strong>Farbe<\/strong>: Kann angepasst werden<\/li>\n<li><strong>Zielm\u00e4rkte<\/strong>: \u00dcberall auf der Welt<\/li>\n<\/ul>","protected":false},"featured_media":2461,"comment_status":"closed","ping_status":"closed","template":"","meta":{"_acf_changed":false},"market":[61],"product_brand":[],"product_cat":[57],"product_tag":[],"class_list":{"0":"post-2460","1":"product","2":"type-product","3":"status-publish","4":"has-post-thumbnail","6":"market-snack-packaging-supplier","7":"product_cat-rollstock-film-supplier","9":"first","10":"instock","11":"shipping-taxable","12":"product-type-simple"},"acf":[],"_links":{"self":[{"href":"https:\/\/www.zkprintpack.com\/de\/wp-json\/wp\/v2\/product\/2460","targetHints":{"allow":["GET"]}}],"collection":[{"href":"https:\/\/www.zkprintpack.com\/de\/wp-json\/wp\/v2\/product"}],"about":[{"href":"https:\/\/www.zkprintpack.com\/de\/wp-json\/wp\/v2\/types\/product"}],"replies":[{"embeddable":true,"href":"https:\/\/www.zkprintpack.com\/de\/wp-json\/wp\/v2\/comments?post=2460"}],"wp:featuredmedia":[{"embeddable":true,"href":"https:\/\/www.zkprintpack.com\/de\/wp-json\/wp\/v2\/media\/2461"}],"wp:attachment":[{"href":"https:\/\/www.zkprintpack.com\/de\/wp-json\/wp\/v2\/media?parent=2460"}],"wp:term":[{"taxonomy":"market","embeddable":true,"href":"https:\/\/www.zkprintpack.com\/de\/wp-json\/wp\/v2\/market?post=2460"},{"taxonomy":"product_brand","embeddable":true,"href":"https:\/\/www.zkprintpack.com\/de\/wp-json\/wp\/v2\/product_brand?post=2460"},{"taxonomy":"product_cat","embeddable":true,"href":"https:\/\/www.zkprintpack.com\/de\/wp-json\/wp\/v2\/product_cat?post=2460"},{"taxonomy":"product_tag","embeddable":true,"href":"https:\/\/www.zkprintpack.com\/de\/wp-json\/wp\/v2\/product_tag?post=2460"}],"curies":[{"name":"wp","href":"https:\/\/api.w.org\/{rel}","templated":true}]}}