{"id":2458,"date":"2026-01-14T04:00:05","date_gmt":"2026-01-14T04:00:05","guid":{"rendered":"https:\/\/www.zkprintpack.com\/?post_type=product&#038;p=2458"},"modified":"2026-01-15T02:10:14","modified_gmt":"2026-01-15T02:10:14","slug":"custom-nut-rollstock-film-wholesaler","status":"publish","type":"product","link":"https:\/\/www.zkprintpack.com\/de\/product\/custom-nut-rollstock-film-wholesaler\/","title":{"rendered":"China Custom Nut Rollstock Film Gro\u00dfh\u00e4ndler, Fabrik-Direktverkauf"},"content":{"rendered":"<div class=\"wp-block-columns is-layout-flex wp-container-core-columns-is-layout-9d6595d7 wp-block-columns-is-layout-flex\">\n<div class=\"wp-block-column is-layout-flow wp-block-column-is-layout-flow\">\n<h2 class=\"wp-block-heading\">Custom Nut Rollstock Film Merkmale<\/h2>\n\n\n\n<ul class=\"wp-block-list\">\n<li><strong>Versiegelte Konservierung, um die Frische zu bewahren:<\/strong> Diese Nuss-Rollstock-Folie besteht aus mehrschichtigen Verbundmaterialien, die hervorragende Sauerstoff-, Wasser- und Lichtbarriereeigenschaften besitzen. Sie isolieren wirksam Luft, Feuchtigkeit und Mikroorganismen von au\u00dfen und verl\u00e4ngern so die Haltbarkeit des Produkts (z. B. kann die Haltbarkeit von N\u00fcssen um das 2-3fache verl\u00e4ngert werden).<\/li>\n\n\n\n<li><strong>Kosteneinsparung:<\/strong> Der Rollfilm verwendet ein integriertes Rollendesign, das den Abfall beim Schneiden eliminiert und eine Materialausnutzung von bis zu 98% erreicht.<\/li>\n\n\n\n<li><strong>Rollfilme unterst\u00fctzen die individuelle Anpassung: <\/strong>Von der Bedruckung bis hin zu den Materialien k\u00f6nnen sie pr\u00e4zise an die Besonderheiten der Branche angepasst werden. Dies erh\u00f6ht den Wiedererkennungswert der Marke und erf\u00fcllt gleichzeitig die funktionalen Anforderungen spezifischer Szenarien, wodurch die Produkte den Trend zur \u201chomogenisierten Verpackung\u201d durchbrechen k\u00f6nnen.<\/li>\n\n\n\n<li><strong>Unterst\u00fctzung von OEM\/ODM-Anpassungen<\/strong>: Anpassbare Beutelgr\u00f6\u00dfe, Fensterposition\/-formen, Materialstrukturdesigns, Druckl\u00f6sungen f\u00fcr kundenspezifische Nussverpackungen im Gro\u00dfhandel<\/li>\n\n\n\n<li>Als spezialisiertes Unternehmen f\u00fcr die Herstellung von Nussverpackungsbeuteln k\u00f6nnen wir eine fabrikinterne Produktion mit einem ausgefeilten Beutelherstellungs- und Druckverfahren anbieten. So k\u00f6nnen wir eine stabile Basis f\u00fcr Gro\u00dfauftr\u00e4ge schaffen.<\/li>\n<\/ul>\n<\/div>\n\n\n\n<div class=\"wp-block-column is-layout-flow wp-block-column-is-layout-flow\">\n<figure class=\"wp-block-image size-full\"><img decoding=\"async\" width=\"800\" height=\"800\" src=\"https:\/\/www.zkprintpack.com\/wp-content\/uploads\/2026\/01\/custom-China-nut-rollstock-film.webp\" alt=\"benutzerdefinierte China Mutter Rollstock Film\" class=\"wp-image-2459\" srcset=\"https:\/\/www.zkprintpack.com\/wp-content\/uploads\/2026\/01\/custom-China-nut-rollstock-film.webp 800w, https:\/\/www.zkprintpack.com\/wp-content\/uploads\/2026\/01\/custom-China-nut-rollstock-film-150x150.webp 150w, https:\/\/www.zkprintpack.com\/wp-content\/uploads\/2026\/01\/custom-China-nut-rollstock-film-768x768.webp 768w, https:\/\/www.zkprintpack.com\/wp-content\/uploads\/2026\/01\/custom-China-nut-rollstock-film-12x12.webp 12w, https:\/\/www.zkprintpack.com\/wp-content\/uploads\/2026\/01\/custom-China-nut-rollstock-film-600x600.webp 600w, https:\/\/www.zkprintpack.com\/wp-content\/uploads\/2026\/01\/custom-China-nut-rollstock-film-300x300.webp 300w, https:\/\/www.zkprintpack.com\/wp-content\/uploads\/2026\/01\/custom-China-nut-rollstock-film-100x100.webp 100w\" sizes=\"(max-width: 800px) 100vw, 800px\" \/><\/figure>\n<\/div>\n<\/div>\n\n\n\n<p><\/p>","protected":false},"excerpt":{"rendered":"<p>Der Hersteller kundenspezifischer Nussfolien liefert Verpackungsrollen zu einem Fabrikpreis. Unsere S\u00fc\u00dfigkeiten-Verpackungsrollen bieten hochbarrieref\u00e4hige Materialien, transparente Fenster, Druck auf Wasserbasis und OEM-Optionen f\u00fcr Nussmarken, R\u00f6stereien und Gro\u00dfabnehmer.<\/p>\n<h2>Parameter der kundenspezifischen Nuss-Rollstock-Folie<\/h2>\n<ul>\n<li><strong>Material:<\/strong>\u00a0PET\/PE, PET\/NY\/PE, PET\/AL\/NY\/PE, usw.<\/li>\n<li><strong>Tasche Typ<\/strong>: <strong>Rollenmaterial<\/strong><\/li>\n<li><strong>Gr\u00f6\u00dfe<\/strong>: Benutzerdefiniert<\/li>\n<li><strong>Individuelle Bestellung<\/strong>: Akzeptieren Sie OEM &amp; ODM<\/li>\n<li><strong>Kostenlose Probe<\/strong>: Unterst\u00fctzung<\/li>\n<li><strong>Verwendung<\/strong>: Snacks, Lebensmittel, S\u00fc\u00dfigkeiten und andere<\/li>\n<li><strong>Farbe<\/strong>: Kann angepasst werden<\/li>\n<li><strong>Zielm\u00e4rkte<\/strong>: \u00dcberall auf der Welt<\/li>\n<\/ul>","protected":false},"featured_media":2459,"comment_status":"closed","ping_status":"closed","template":"","meta":{"_acf_changed":false},"market":[63],"product_brand":[],"product_cat":[57],"product_tag":[],"class_list":{"0":"post-2458","1":"product","2":"type-product","3":"status-publish","4":"has-post-thumbnail","6":"market-nuts-packaging-supplier","7":"product_cat-rollstock-film-supplier","9":"first","10":"instock","11":"shipping-taxable","12":"product-type-simple"},"acf":[],"_links":{"self":[{"href":"https:\/\/www.zkprintpack.com\/de\/wp-json\/wp\/v2\/product\/2458","targetHints":{"allow":["GET"]}}],"collection":[{"href":"https:\/\/www.zkprintpack.com\/de\/wp-json\/wp\/v2\/product"}],"about":[{"href":"https:\/\/www.zkprintpack.com\/de\/wp-json\/wp\/v2\/types\/product"}],"replies":[{"embeddable":true,"href":"https:\/\/www.zkprintpack.com\/de\/wp-json\/wp\/v2\/comments?post=2458"}],"wp:featuredmedia":[{"embeddable":true,"href":"https:\/\/www.zkprintpack.com\/de\/wp-json\/wp\/v2\/media\/2459"}],"wp:attachment":[{"href":"https:\/\/www.zkprintpack.com\/de\/wp-json\/wp\/v2\/media?parent=2458"}],"wp:term":[{"taxonomy":"market","embeddable":true,"href":"https:\/\/www.zkprintpack.com\/de\/wp-json\/wp\/v2\/market?post=2458"},{"taxonomy":"product_brand","embeddable":true,"href":"https:\/\/www.zkprintpack.com\/de\/wp-json\/wp\/v2\/product_brand?post=2458"},{"taxonomy":"product_cat","embeddable":true,"href":"https:\/\/www.zkprintpack.com\/de\/wp-json\/wp\/v2\/product_cat?post=2458"},{"taxonomy":"product_tag","embeddable":true,"href":"https:\/\/www.zkprintpack.com\/de\/wp-json\/wp\/v2\/product_tag?post=2458"}],"curies":[{"name":"wp","href":"https:\/\/api.w.org\/{rel}","templated":true}]}}