{"id":2456,"date":"2026-01-14T03:43:08","date_gmt":"2026-01-14T03:43:08","guid":{"rendered":"https:\/\/www.zkprintpack.com\/?post_type=product&#038;p=2456"},"modified":"2026-01-14T03:44:07","modified_gmt":"2026-01-14T03:44:07","slug":"custom-candy-packaging-roll-film","status":"publish","type":"product","link":"https:\/\/www.zkprintpack.com\/de\/product\/custom-candy-packaging-roll-film\/","title":{"rendered":"Benutzerdefinierte S\u00fc\u00dfigkeiten Verpackung Roll Film Hersteller, S\u00fc\u00dfwaren Verpackung Roll Versorgung"},"content":{"rendered":"<div class=\"wp-block-columns is-layout-flex wp-container-core-columns-is-layout-9d6595d7 wp-block-columns-is-layout-flex\">\n<div class=\"wp-block-column is-layout-flow wp-block-column-is-layout-flow\">\n<h2 class=\"wp-block-heading\">Merkmale der S\u00fc\u00dfwarenverpackungs-Rollenfolie:<\/h2>\n\n\n\n<ul class=\"wp-block-list\">\n<li><strong>Sprung in der Produktionseffizienz: <\/strong>Die kontinuierliche Rollenfolienstruktur passt sich perfekt an automatisierte Verpackungslinien an, so dass h\u00e4ufige Plattenwechsel\/Ausr\u00fcstungsanpassungen entfallen. Die Lieferzyklen f\u00fcr Auftr\u00e4ge werden erheblich verk\u00fcrzt, was eine reibungslose Abwicklung von Auftragsspitzen selbst in Spitzenzeiten erm\u00f6glicht.<\/li>\n\n\n\n<li><strong>Kosteneinsparung:<\/strong> Der Rollfilm verwendet ein integriertes Rollendesign, das den Abfall beim Schneiden eliminiert und eine Materialausnutzung von bis zu 98% erreicht.<\/li>\n\n\n\n<li><strong>Maximaler Frische-Schutz:<\/strong> Unterst\u00fctzt mehrschichtige Verbundverfahren (z. B. Aluminiumfolie + PE, PET + metallisierte Folie usw.) und bietet vierfachen Schutz vor Feuchtigkeit, Oxidation, Licht und Durchstichen.<\/li>\n\n\n\n<li><strong>Unterst\u00fctzung von OEM\/ODM-Anpassungen<\/strong>: Anpassbare Beutelgr\u00f6\u00dfe, Fensterposition\/-formen, Materialstrukturdesigns, Druckl\u00f6sungen f\u00fcr kundenspezifische S\u00fc\u00dfwarenverpackungen im Gro\u00dfhandel<\/li>\n\n\n\n<li>Als spezialisiertes Unternehmen f\u00fcr die Herstellung von S\u00fc\u00dfwarenverpackungen k\u00f6nnen wir eine Direktproduktion mit einem ausgefeilten Beutelherstellungs- und Druckverfahren anbieten. So k\u00f6nnen wir eine stabile Basis f\u00fcr Gro\u00dfauftr\u00e4ge schaffen.<\/li>\n<\/ul>\n<\/div>\n\n\n\n<div class=\"wp-block-column is-layout-flow wp-block-column-is-layout-flow\">\n<figure class=\"wp-block-image size-full\"><img decoding=\"async\" width=\"800\" height=\"800\" src=\"https:\/\/www.zkprintpack.com\/wp-content\/uploads\/2026\/01\/custom-confectionery-rollstock-film-manufacturer.webp\" alt=\"Hersteller von kundenspezifischer S\u00fc\u00dfwaren-Rollmaterialfolie\" class=\"wp-image-2457\" srcset=\"https:\/\/www.zkprintpack.com\/wp-content\/uploads\/2026\/01\/custom-confectionery-rollstock-film-manufacturer.webp 800w, https:\/\/www.zkprintpack.com\/wp-content\/uploads\/2026\/01\/custom-confectionery-rollstock-film-manufacturer-150x150.webp 150w, https:\/\/www.zkprintpack.com\/wp-content\/uploads\/2026\/01\/custom-confectionery-rollstock-film-manufacturer-768x768.webp 768w, https:\/\/www.zkprintpack.com\/wp-content\/uploads\/2026\/01\/custom-confectionery-rollstock-film-manufacturer-12x12.webp 12w, https:\/\/www.zkprintpack.com\/wp-content\/uploads\/2026\/01\/custom-confectionery-rollstock-film-manufacturer-600x600.webp 600w, https:\/\/www.zkprintpack.com\/wp-content\/uploads\/2026\/01\/custom-confectionery-rollstock-film-manufacturer-300x300.webp 300w, https:\/\/www.zkprintpack.com\/wp-content\/uploads\/2026\/01\/custom-confectionery-rollstock-film-manufacturer-100x100.webp 100w\" sizes=\"(max-width: 800px) 100vw, 800px\" \/><\/figure>\n<\/div>\n<\/div>\n\n\n\n<p><\/p>","protected":false},"excerpt":{"rendered":"<p>Der Hersteller von kundenspezifischer Verpackungsfolie f\u00fcr S\u00fc\u00dfigkeiten liefert Verpackungsrollen zu einem Fabrikpreis. Unsere Bonbon-Verpackungsrollen zeichnen sich durch hochbarrieref\u00e4hige Materialien, transparente Fenster, Druck mit wasserbasierter Tinte und OEM-Optionen f\u00fcr Bonbonmarken, R\u00f6stereien und Gro\u00dfabnehmer aus.<\/p>\n<h2>Parameter der S\u00fc\u00dfwarenverpackungs-Rollenfolie<\/h2>\n<ul>\n<li><strong>Material:<\/strong>\u00a0PET\/PE, PET\/NY\/PE, PET\/AL\/NY\/PE, usw.<\/li>\n<li><strong>Tasche Typ<\/strong>: <a href=\"https:\/\/www.zkprintpack.com\/de\/custom-rollstock-film\/\"><strong>Rollenmaterial<\/strong><\/a><\/li>\n<li><strong>Gr\u00f6\u00dfe<\/strong>: Benutzerdefiniert<\/li>\n<li><strong>Individuelle Bestellung<\/strong>: Akzeptieren Sie OEM &amp; ODM<\/li>\n<li><strong>Kostenlose Probe<\/strong>: Unterst\u00fctzung<\/li>\n<li><strong>Verwendung<\/strong>: Snacks, Lebensmittel, S\u00fc\u00dfigkeiten und andere<\/li>\n<li><strong>Farbe<\/strong>: Kann angepasst werden<\/li>\n<li><strong>Zielm\u00e4rkte<\/strong>: \u00dcberall auf der Welt<\/li>\n<\/ul>","protected":false},"featured_media":2457,"comment_status":"closed","ping_status":"closed","template":"","meta":{"_acf_changed":false},"market":[60],"product_brand":[],"product_cat":[57],"product_tag":[],"class_list":{"0":"post-2456","1":"product","2":"type-product","3":"status-publish","4":"has-post-thumbnail","6":"market-confectionery-packaging-supplier","7":"product_cat-rollstock-film-supplier","9":"first","10":"instock","11":"shipping-taxable","12":"product-type-simple"},"acf":[],"_links":{"self":[{"href":"https:\/\/www.zkprintpack.com\/de\/wp-json\/wp\/v2\/product\/2456","targetHints":{"allow":["GET"]}}],"collection":[{"href":"https:\/\/www.zkprintpack.com\/de\/wp-json\/wp\/v2\/product"}],"about":[{"href":"https:\/\/www.zkprintpack.com\/de\/wp-json\/wp\/v2\/types\/product"}],"replies":[{"embeddable":true,"href":"https:\/\/www.zkprintpack.com\/de\/wp-json\/wp\/v2\/comments?post=2456"}],"wp:featuredmedia":[{"embeddable":true,"href":"https:\/\/www.zkprintpack.com\/de\/wp-json\/wp\/v2\/media\/2457"}],"wp:attachment":[{"href":"https:\/\/www.zkprintpack.com\/de\/wp-json\/wp\/v2\/media?parent=2456"}],"wp:term":[{"taxonomy":"market","embeddable":true,"href":"https:\/\/www.zkprintpack.com\/de\/wp-json\/wp\/v2\/market?post=2456"},{"taxonomy":"product_brand","embeddable":true,"href":"https:\/\/www.zkprintpack.com\/de\/wp-json\/wp\/v2\/product_brand?post=2456"},{"taxonomy":"product_cat","embeddable":true,"href":"https:\/\/www.zkprintpack.com\/de\/wp-json\/wp\/v2\/product_cat?post=2456"},{"taxonomy":"product_tag","embeddable":true,"href":"https:\/\/www.zkprintpack.com\/de\/wp-json\/wp\/v2\/product_tag?post=2456"}],"curies":[{"name":"wp","href":"https:\/\/api.w.org\/{rel}","templated":true}]}}