{"id":2454,"date":"2026-01-14T03:50:30","date_gmt":"2026-01-14T03:50:30","guid":{"rendered":"https:\/\/www.zkprintpack.com\/?post_type=product&#038;p=2454"},"modified":"2026-01-14T03:50:44","modified_gmt":"2026-01-14T03:50:44","slug":"bulk-snack-flat-pouch-packaging-supply","status":"publish","type":"product","link":"https:\/\/www.zkprintpack.com\/de\/product\/bulk-snack-flat-pouch-packaging-supply\/","title":{"rendered":"Bulk Snack Flachbeutel Lieferant, Snack Flachbeutel f\u00fcr Eis-Snack Verpackung"},"content":{"rendered":"<div class=\"wp-block-columns is-layout-flex wp-container-core-columns-is-layout-9d6595d7 wp-block-columns-is-layout-flex\">\n<div class=\"wp-block-column is-layout-flow wp-block-column-is-layout-flow\">\n<h2 class=\"wp-block-heading\">Snack-Flachbeutel f\u00fcr Speiseeis Merkmale<\/h2>\n\n\n\n<ul class=\"wp-block-list\">\n<li><strong>Visuell ansprechend:<\/strong> Der flache Snack-Beutel hat einen leuchtend gelben Boden mit bunten Streuseln, einer l\u00e4chelnden Eist\u00fcte und anderen Cartoon-Elementen. So entsteht ein lebendiger und lustiger Stil, der die Aufmerksamkeit von Kindern und jungen Erwachsenen schnell auf sich zieht und sich leicht von \u00e4hnlichen Produkten im Regal unterscheidet.<\/li>\n\n\n\n<li><strong>Transparentes Fenster:<\/strong> Der flache Beutel f\u00fcr Eissnacks enth\u00e4lt teilweise transparente Ausschnitte, so dass die Verbraucher den Zustand des Snacks im Inneren deutlich erkennen k\u00f6nnen. Dies st\u00e4rkt das Vertrauen durch eine Pr\u00e4sentation nach dem Motto \u201cWas Sie sehen, ist, was Sie bekommen\u201d.<\/li>\n\n\n\n<li><strong>Drucktechnologie mit Tinte auf Wasserbasis:<\/strong> Erf\u00fcllt die Umwelt- und Lebensmittelsicherheitsvorschriften. Gew\u00e4hrleistet einen klaren Detaildruck und vermeidet das Risiko von L\u00f6sungsmitteln, geeignet f\u00fcr umweltbewusste Snackmarken.<\/li>\n\n\n\n<li><strong>Unterst\u00fctzung von OEM\/ODM-Anpassungen<\/strong>: Individuell anpassbare Beutelgr\u00f6\u00dfe, Fensterposition\/-form, Materialstruktur und Druckl\u00f6sungen f\u00fcr kundenspezifische Snackbeutel im Gro\u00dfhandel.<\/li>\n\n\n\n<li>Als spezialisiertes Unternehmen f\u00fcr die Herstellung von Snack-Verpackungsbeuteln k\u00f6nnen wir eine fabrikinterne Produktion mit einem ausgefeilten Beutelherstellungs- und Druckverfahren anbieten. So k\u00f6nnen wir eine stabile Basis f\u00fcr Gro\u00dfauftr\u00e4ge schaffen.<\/li>\n<\/ul>\n<\/div>\n\n\n\n<div class=\"wp-block-column is-layout-flow wp-block-column-is-layout-flow\">\n<figure class=\"wp-block-image size-full\"><img decoding=\"async\" width=\"800\" height=\"800\" src=\"https:\/\/www.zkprintpack.com\/wp-content\/uploads\/2026\/01\/bulk-flat-pouch-supplier-flexible-packaging-for-ice-cream-snacks.webp\" alt=\"Lieferant von Flachbeuteln f\u00fcr Snacks in gro\u00dfen Mengen, flexible Verpackungen f\u00fcr Eiskrem-Snacks\" class=\"wp-image-2455\" srcset=\"https:\/\/www.zkprintpack.com\/wp-content\/uploads\/2026\/01\/bulk-flat-pouch-supplier-flexible-packaging-for-ice-cream-snacks.webp 800w, https:\/\/www.zkprintpack.com\/wp-content\/uploads\/2026\/01\/bulk-flat-pouch-supplier-flexible-packaging-for-ice-cream-snacks-150x150.webp 150w, https:\/\/www.zkprintpack.com\/wp-content\/uploads\/2026\/01\/bulk-flat-pouch-supplier-flexible-packaging-for-ice-cream-snacks-768x768.webp 768w, https:\/\/www.zkprintpack.com\/wp-content\/uploads\/2026\/01\/bulk-flat-pouch-supplier-flexible-packaging-for-ice-cream-snacks-12x12.webp 12w, https:\/\/www.zkprintpack.com\/wp-content\/uploads\/2026\/01\/bulk-flat-pouch-supplier-flexible-packaging-for-ice-cream-snacks-600x600.webp 600w, https:\/\/www.zkprintpack.com\/wp-content\/uploads\/2026\/01\/bulk-flat-pouch-supplier-flexible-packaging-for-ice-cream-snacks-300x300.webp 300w, https:\/\/www.zkprintpack.com\/wp-content\/uploads\/2026\/01\/bulk-flat-pouch-supplier-flexible-packaging-for-ice-cream-snacks-100x100.webp 100w\" sizes=\"(max-width: 800px) 100vw, 800px\" \/><\/figure>\n<\/div>\n<\/div>","protected":false},"excerpt":{"rendered":"<p>Lieferung von Eiscreme-Snack-Flachbeuteln in gro\u00dfen Mengen, Fabrikpreis. Unsere Snack-Flachbeutel bieten hochbarrieref\u00e4hige Materialien, transparente Fenster, Druck auf Wasserbasis und OEM-Optionen f\u00fcr Snack-Marken, R\u00f6ster und Gro\u00dfabnehmer.<\/p>\n<h2>Parameter der benutzerdefinierten flachen Snack-Beutel<\/h2>\n<ul>\n<li><strong>Material:<\/strong>\u00a0PET\/PE, PET\/NY\/PE, PET\/AL\/NY\/PE, usw.<\/li>\n<li><strong>Tasche Typ<\/strong>: <strong>Flachbeutel<\/strong><\/li>\n<li><strong>Gr\u00f6\u00dfe<\/strong>: Benutzerdefiniert<\/li>\n<li><strong>Individuelle Bestellung<\/strong>: Akzeptieren Sie OEM &amp; ODM<\/li>\n<li><strong>Kostenlose Probe<\/strong>: Unterst\u00fctzung<\/li>\n<li><strong>Verwendung<\/strong>: Imbiss, Lebensmittel und Sonstiges<\/li>\n<li><strong>Farbe<\/strong>: Kann angepasst werden<\/li>\n<li><strong>Zielm\u00e4rkte<\/strong>: \u00dcberall auf der Welt<\/li>\n<\/ul>","protected":false},"featured_media":2455,"comment_status":"closed","ping_status":"closed","template":"","meta":{"_acf_changed":false},"market":[],"product_brand":[],"product_cat":[67],"product_tag":[],"class_list":{"0":"post-2454","1":"product","2":"type-product","3":"status-publish","4":"has-post-thumbnail","6":"product_cat-custom-flat-pouch","8":"first","9":"instock","10":"shipping-taxable","11":"product-type-simple"},"acf":[],"_links":{"self":[{"href":"https:\/\/www.zkprintpack.com\/de\/wp-json\/wp\/v2\/product\/2454","targetHints":{"allow":["GET"]}}],"collection":[{"href":"https:\/\/www.zkprintpack.com\/de\/wp-json\/wp\/v2\/product"}],"about":[{"href":"https:\/\/www.zkprintpack.com\/de\/wp-json\/wp\/v2\/types\/product"}],"replies":[{"embeddable":true,"href":"https:\/\/www.zkprintpack.com\/de\/wp-json\/wp\/v2\/comments?post=2454"}],"wp:featuredmedia":[{"embeddable":true,"href":"https:\/\/www.zkprintpack.com\/de\/wp-json\/wp\/v2\/media\/2455"}],"wp:attachment":[{"href":"https:\/\/www.zkprintpack.com\/de\/wp-json\/wp\/v2\/media?parent=2454"}],"wp:term":[{"taxonomy":"market","embeddable":true,"href":"https:\/\/www.zkprintpack.com\/de\/wp-json\/wp\/v2\/market?post=2454"},{"taxonomy":"product_brand","embeddable":true,"href":"https:\/\/www.zkprintpack.com\/de\/wp-json\/wp\/v2\/product_brand?post=2454"},{"taxonomy":"product_cat","embeddable":true,"href":"https:\/\/www.zkprintpack.com\/de\/wp-json\/wp\/v2\/product_cat?post=2454"},{"taxonomy":"product_tag","embeddable":true,"href":"https:\/\/www.zkprintpack.com\/de\/wp-json\/wp\/v2\/product_tag?post=2454"}],"curies":[{"name":"wp","href":"https:\/\/api.w.org\/{rel}","templated":true}]}}