{"id":2411,"date":"2025-12-19T07:23:00","date_gmt":"2025-12-19T07:23:00","guid":{"rendered":"https:\/\/www.zkprintpack.com\/?post_type=product&#038;p=2411"},"modified":"2025-12-19T07:41:32","modified_gmt":"2025-12-19T07:41:32","slug":"custom-coffee-pouches-wholesale","status":"publish","type":"product","link":"https:\/\/www.zkprintpack.com\/de\/product\/custom-coffee-pouches-wholesale\/","title":{"rendered":"Benutzerdefinierte Kaffeebeutel Gro\u00dfhandel, Stand Up Kaffee Pulver Pacakging Taschen Hersteller"},"content":{"rendered":"<div class=\"wp-block-columns is-layout-flex wp-container-core-columns-is-layout-9d6595d7 wp-block-columns-is-layout-flex\">\n<div class=\"wp-block-column is-layout-flow wp-block-column-is-layout-flow\">\n<h2 class=\"wp-block-heading\">Benutzerdefinierte Kaffeebeutel Gro\u00dfhandel Merkmale:<\/h2>\n\n\n\n<ul class=\"wp-block-list\">\n<li><strong>Design f\u00fcr Stehtragetaschen<\/strong>: Optimiert die stabile Verpackungsstruktur mit einem transparenten Fenster f\u00fcr die direkte Beobachtung von Textur und Frische der Kaffeebohnen. Eine solche Wirkung st\u00e4rkt das Vertrauen der Verbraucher am Ort des Kaufs und erf\u00fcllt die Anforderungen an die Pr\u00e4sentation und Funktionalit\u00e4t von ma\u00dfgeschneiderten Kaffeebeuteln f\u00fcr den Gro\u00dfhandel.<\/li>\n\n\n\n<li><strong>Hochbarrieref\u00e4hige Verbundwerkstoffe:<\/strong> Wirksamer Schutz vor Sauerstoff, Feuchtigkeit und Geruch durch ein ausgewogenes Verh\u00e4ltnis zwischen den Leistungswerten der transparenten Fensterkomponente und dem \u00fcbrigen Material.<\/li>\n\n\n\n<li><strong>Drucktechnologie mit Tinte auf Wasserbasis:<\/strong> Erf\u00fcllt die Umwelt- und Lebensmittelsicherheitsvorschriften. Sorgt f\u00fcr scharfen Detaildruck und vermeidet das Risiko von L\u00f6sungsmitteln, geeignet f\u00fcr umweltbewusste Kaffeemarken.<\/li>\n\n\n\n<li><strong>Unterst\u00fctzung von OEM\/ODM-Anpassungen<\/strong>: Individuell anpassbare Beutelgr\u00f6\u00dfe, Fensterposition\/-formen, Materialstrukturdesigns, Druckl\u00f6sungen f\u00fcr kundenspezifische Kaffeebeutel im Gro\u00dfhandel.<\/li>\n\n\n\n<li><strong>Starkes, aber leichtes Design:<\/strong> Diese Eigenschaft bietet versiegelte Festigkeit und Widerstandsf\u00e4higkeit, minimiert aber die Versand- und Lagerkosten, was dem Export und dem Kauf von Massenprodukten zugute kommt.<\/li>\n\n\n\n<li>Als spezialisiertes Unternehmen f\u00fcr die Herstellung von Kaffeepulver-Verpackungsbeuteln k\u00f6nnen wir eine Direktproduktion mit einem ausgefeilten Beutelherstellungs- und Druckverfahren anbieten. So k\u00f6nnen wir eine stabile Basis f\u00fcr Gro\u00dfauftr\u00e4ge schaffen.<\/li>\n<\/ul>\n<\/div>\n\n\n\n<div class=\"wp-block-column is-layout-flow wp-block-column-is-layout-flow\">\n<figure class=\"wp-block-image size-full\"><img decoding=\"async\" width=\"800\" height=\"800\" src=\"https:\/\/www.zkprintpack.com\/wp-content\/uploads\/2025\/12\/custom-coffee-pouches-wholesale-manufacturer-zhongjia-packaging-2.webp\" alt=\"benutzerdefinierte Kaffeebeutel Gro\u00dfhandel Hersteller - zhongjia Verpackung (2)\" class=\"wp-image-2413\" srcset=\"https:\/\/www.zkprintpack.com\/wp-content\/uploads\/2025\/12\/custom-coffee-pouches-wholesale-manufacturer-zhongjia-packaging-2.webp 800w, https:\/\/www.zkprintpack.com\/wp-content\/uploads\/2025\/12\/custom-coffee-pouches-wholesale-manufacturer-zhongjia-packaging-2-150x150.webp 150w, https:\/\/www.zkprintpack.com\/wp-content\/uploads\/2025\/12\/custom-coffee-pouches-wholesale-manufacturer-zhongjia-packaging-2-768x768.webp 768w, https:\/\/www.zkprintpack.com\/wp-content\/uploads\/2025\/12\/custom-coffee-pouches-wholesale-manufacturer-zhongjia-packaging-2-12x12.webp 12w, https:\/\/www.zkprintpack.com\/wp-content\/uploads\/2025\/12\/custom-coffee-pouches-wholesale-manufacturer-zhongjia-packaging-2-600x600.webp 600w, https:\/\/www.zkprintpack.com\/wp-content\/uploads\/2025\/12\/custom-coffee-pouches-wholesale-manufacturer-zhongjia-packaging-2-300x300.webp 300w, https:\/\/www.zkprintpack.com\/wp-content\/uploads\/2025\/12\/custom-coffee-pouches-wholesale-manufacturer-zhongjia-packaging-2-100x100.webp 100w\" sizes=\"(max-width: 800px) 100vw, 800px\" \/><\/figure>\n<\/div>\n<\/div>","protected":false},"excerpt":{"rendered":"<p>Willkommen bei einem professionellen Hersteller von Kaffeepulverbeuteln, der kundenspezifische Gro\u00dfhandelsl\u00f6sungen f\u00fcr Kaffeebeutel anbietet. Unsere Stand-up-Kaffeebeutel verf\u00fcgen \u00fcber Hochbarrierematerialien, transparente Fenster, Druck auf Wasserbasis und OEM-Optionen f\u00fcr Kaffeemarken, R\u00f6stereien und Gro\u00dfabnehmer.<\/p>\n<h2>Parameter von individuellen Kaffeebeuteln<\/h2>\n<ul>\n<li><strong>Material:<\/strong>\u00a0PET\/PE, PET\/NY\/PE, PET\/AL\/NY\/PE, usw.<\/li>\n<li><strong>Tasche Typ<\/strong>: <a href=\"https:\/\/www.zkprintpack.com\/de\/custom-stand-up-pouch\/\"><strong>Stand Up Pouch<\/strong><\/a><\/li>\n<li><strong>Gr\u00f6\u00dfe<\/strong>: Benutzerdefiniert<\/li>\n<li><strong>Individuelle Bestellung<\/strong>: Akzeptieren Sie OEM &amp; ODM<\/li>\n<li><strong>Kostenlose Probe<\/strong>: Unterst\u00fctzung<\/li>\n<li><strong>Verwendung<\/strong>Schmierstoffe, Autopflegemittel, Reinigungsmittel, Industriechemikalien, landwirtschaftliche Hilfsstoffe und andere<\/li>\n<li><strong>Farbe<\/strong>: Kann angepasst werden<\/li>\n<li><strong>Zielm\u00e4rkte<\/strong>: \u00dcberall auf der Welt<\/li>\n<\/ul>","protected":false},"featured_media":2413,"comment_status":"closed","ping_status":"closed","template":"","meta":{"_acf_changed":false},"market":[],"product_brand":[],"product_cat":[50],"product_tag":[],"class_list":{"0":"post-2411","1":"product","2":"type-product","3":"status-publish","4":"has-post-thumbnail","6":"product_cat-stand-up-pouches-wholesale","8":"first","9":"instock","10":"shipping-taxable","11":"product-type-simple"},"acf":[],"_links":{"self":[{"href":"https:\/\/www.zkprintpack.com\/de\/wp-json\/wp\/v2\/product\/2411","targetHints":{"allow":["GET"]}}],"collection":[{"href":"https:\/\/www.zkprintpack.com\/de\/wp-json\/wp\/v2\/product"}],"about":[{"href":"https:\/\/www.zkprintpack.com\/de\/wp-json\/wp\/v2\/types\/product"}],"replies":[{"embeddable":true,"href":"https:\/\/www.zkprintpack.com\/de\/wp-json\/wp\/v2\/comments?post=2411"}],"wp:featuredmedia":[{"embeddable":true,"href":"https:\/\/www.zkprintpack.com\/de\/wp-json\/wp\/v2\/media\/2413"}],"wp:attachment":[{"href":"https:\/\/www.zkprintpack.com\/de\/wp-json\/wp\/v2\/media?parent=2411"}],"wp:term":[{"taxonomy":"market","embeddable":true,"href":"https:\/\/www.zkprintpack.com\/de\/wp-json\/wp\/v2\/market?post=2411"},{"taxonomy":"product_brand","embeddable":true,"href":"https:\/\/www.zkprintpack.com\/de\/wp-json\/wp\/v2\/product_brand?post=2411"},{"taxonomy":"product_cat","embeddable":true,"href":"https:\/\/www.zkprintpack.com\/de\/wp-json\/wp\/v2\/product_cat?post=2411"},{"taxonomy":"product_tag","embeddable":true,"href":"https:\/\/www.zkprintpack.com\/de\/wp-json\/wp\/v2\/product_tag?post=2411"}],"curies":[{"name":"wp","href":"https:\/\/api.w.org\/{rel}","templated":true}]}}