{"id":2408,"date":"2025-12-19T07:05:59","date_gmt":"2025-12-19T07:05:59","guid":{"rendered":"https:\/\/www.zkprintpack.com\/?post_type=product&#038;p=2408"},"modified":"2025-12-19T07:21:09","modified_gmt":"2025-12-19T07:21:09","slug":"eco-friendly-stand-up-pouches-wholesale","status":"publish","type":"product","link":"https:\/\/www.zkprintpack.com\/de\/product\/eco-friendly-stand-up-pouches-wholesale\/","title":{"rendered":"Eco Friendly Stand Up Pouches Gro\u00dfhandel, BPA-frei Lebensmittel Verpackung Taschen Hersteller"},"content":{"rendered":"<div class=\"wp-block-columns is-layout-flex wp-container-core-columns-is-layout-9d6595d7 wp-block-columns-is-layout-flex\">\n<div class=\"wp-block-column is-layout-flow wp-block-column-is-layout-flow\">\n<h2 class=\"wp-block-heading\">Eco Friendly Stand Up Pouches Gro\u00dfhandel Merkmale:<\/h2>\n\n\n\n<ul class=\"wp-block-list\">\n<li><strong>Die Struktur aus Verbundmaterial ist recycelbar und umweltfreundlich: <\/strong>Es erf\u00fcllt den Sicherheitsstandard f\u00fcr den Kontakt mit Lebensmitteln und bietet ein ausgewogenes Verh\u00e4ltnis zwischen Leistung und Nachhaltigkeit, indem es die wichtigsten Anforderungen an umweltfreundliche Verpackungen f\u00fcr Standbeutel im Gro\u00dfhandel erf\u00fcllt.<\/li>\n\n\n\n<li><strong>Das Design des Beutels basiert auf einer aufrechten Struktur:<\/strong> Bietet einen stabilen Standfu\u00df f\u00fcr eine hervorragende Pr\u00e4sentation in Einzelhandelsregalen und E-Commerce-Vitrinen und verbessert die Sichtbarkeit der Produkte und das Markenimage.<\/li>\n\n\n\n<li><strong>Unterst\u00fctzt kundenspezifisches Produzieren:<\/strong> Die Materialzusammensetzung, die Barriereeigenschaften und die Abmessungen des Beutels k\u00f6nnen speziell auf die verschiedenen Arten von Lebensmitteln zugeschnitten werden und dienen somit als flexible, ma\u00dfgeschneiderte Standbodenbeutel-L\u00f6sung f\u00fcr den Lebensmittelgro\u00dfhandel, die mit der Markenpositionierung synchronisiert ist.<\/li>\n\n\n\n<li><strong>Hergestellt aus BPA-freiem, lebensmittelechtem Material<\/strong>. Es bietet eine hervorragende Best\u00e4ndigkeit gegen Feuchtigkeit, Sauerstoff und Geruch und kann f\u00fcr die Verpackung von Trockenwaren, Snacks, Getreide, N\u00fcssen und verzehrfertigen Lebensmitteln verwendet werden.<\/li>\n\n\n\n<li><strong>Modell der fabrikm\u00e4\u00dfigen Direktbelieferung: <\/strong>Es gew\u00e4hrleistet eine stabile Produktionskapazit\u00e4t und eine gleichbleibende Qualit\u00e4tskontrolle, die sich f\u00fcr Gro\u00dfauftr\u00e4ge eignet. Bei umweltfreundlichen Standbodenbeutel-Gro\u00dfhandelsprojekten ergeben sich Kosten- und Zeitvorteile.<\/li>\n\n\n\n<li><strong>Unzerbrechliches, leichtes Beuteldesign:<\/strong> Beh\u00e4lt die strukturelle Integrit\u00e4t und die Siegelst\u00e4rke bei und reduziert die Transport- und Lagerkosten. Es eignet sich f\u00fcr den grenz\u00fcberschreitenden Export und f\u00fcr Gro\u00dfhandelsvertriebskan\u00e4le.<\/li>\n<\/ul>\n<\/div>\n\n\n\n<div class=\"wp-block-column is-layout-flow wp-block-column-is-layout-flow\">\n<figure class=\"wp-block-image size-full\"><img decoding=\"async\" width=\"800\" height=\"800\" src=\"https:\/\/www.zkprintpack.com\/wp-content\/uploads\/2025\/09\/custom-stand-up-pouch-bag.webp\" alt=\"Individueller Standbodenbeutel\" class=\"wp-image-1882\" srcset=\"https:\/\/www.zkprintpack.com\/wp-content\/uploads\/2025\/09\/custom-stand-up-pouch-bag.webp 800w, https:\/\/www.zkprintpack.com\/wp-content\/uploads\/2025\/09\/custom-stand-up-pouch-bag-150x150.webp 150w, https:\/\/www.zkprintpack.com\/wp-content\/uploads\/2025\/09\/custom-stand-up-pouch-bag-768x768.webp 768w, https:\/\/www.zkprintpack.com\/wp-content\/uploads\/2025\/09\/custom-stand-up-pouch-bag-12x12.webp 12w, https:\/\/www.zkprintpack.com\/wp-content\/uploads\/2025\/09\/custom-stand-up-pouch-bag-600x600.webp 600w, https:\/\/www.zkprintpack.com\/wp-content\/uploads\/2025\/09\/custom-stand-up-pouch-bag-300x300.webp 300w, https:\/\/www.zkprintpack.com\/wp-content\/uploads\/2025\/09\/custom-stand-up-pouch-bag-100x100.webp 100w\" sizes=\"(max-width: 800px) 100vw, 800px\" \/><\/figure>\n<\/div>\n<\/div>","protected":false},"excerpt":{"rendered":"<p>Willkommen bei einem professionellen Hersteller von BPA-freien Verpackungsbeuteln f\u00fcr Lebensmittel, der umweltfreundliche Gro\u00dfhandelsl\u00f6sungen f\u00fcr Standbodenbeutel anbietet. Unsere Standbodenbeutel verwenden nachhaltige Materialien, unterst\u00fctzen individuelle Bedruckung und sind ideal f\u00fcr gro\u00dfe Lebensmittelmarken, Einzelh\u00e4ndler und Distributoren, die umweltbewusste Verpackungen suchen.<\/p>\n<h2>Parameter von umweltfreundlichen Standbodenbeuteln<\/h2>\n<ul>\n<li><strong>Material:<\/strong>\u00a0PET\/PE, PET\/NY\/PE, PET\/AL\/NY\/PE, usw.<\/li>\n<li><strong>Tasche Typ<\/strong>: <a href=\"https:\/\/www.zkprintpack.com\/de\/custom-stand-up-pouch\/\"><strong>Stand Up Pouch<\/strong><\/a><\/li>\n<li><strong>Gr\u00f6\u00dfe<\/strong>: Benutzerdefiniert<\/li>\n<li><strong>Individuelle Bestellung<\/strong>: Akzeptieren Sie OEM &amp; ODM<\/li>\n<li><strong>Kostenlose Probe<\/strong>: Unterst\u00fctzung<\/li>\n<li><strong>Verwendung<\/strong>Schmierstoffe, Autopflegemittel, Reinigungsmittel, Industriechemikalien, landwirtschaftliche Hilfsstoffe und andere<\/li>\n<li><strong>Farbe<\/strong>: Kann angepasst werden<\/li>\n<li><strong>Zielm\u00e4rkte<\/strong>: \u00dcberall auf der Welt<\/li>\n<\/ul>","protected":false},"featured_media":2409,"comment_status":"closed","ping_status":"closed","template":"","meta":{"_acf_changed":false},"market":[],"product_brand":[],"product_cat":[50],"product_tag":[],"class_list":{"0":"post-2408","1":"product","2":"type-product","3":"status-publish","4":"has-post-thumbnail","6":"product_cat-stand-up-pouches-wholesale","8":"first","9":"instock","10":"shipping-taxable","11":"product-type-simple"},"acf":[],"_links":{"self":[{"href":"https:\/\/www.zkprintpack.com\/de\/wp-json\/wp\/v2\/product\/2408","targetHints":{"allow":["GET"]}}],"collection":[{"href":"https:\/\/www.zkprintpack.com\/de\/wp-json\/wp\/v2\/product"}],"about":[{"href":"https:\/\/www.zkprintpack.com\/de\/wp-json\/wp\/v2\/types\/product"}],"replies":[{"embeddable":true,"href":"https:\/\/www.zkprintpack.com\/de\/wp-json\/wp\/v2\/comments?post=2408"}],"wp:featuredmedia":[{"embeddable":true,"href":"https:\/\/www.zkprintpack.com\/de\/wp-json\/wp\/v2\/media\/2409"}],"wp:attachment":[{"href":"https:\/\/www.zkprintpack.com\/de\/wp-json\/wp\/v2\/media?parent=2408"}],"wp:term":[{"taxonomy":"market","embeddable":true,"href":"https:\/\/www.zkprintpack.com\/de\/wp-json\/wp\/v2\/market?post=2408"},{"taxonomy":"product_brand","embeddable":true,"href":"https:\/\/www.zkprintpack.com\/de\/wp-json\/wp\/v2\/product_brand?post=2408"},{"taxonomy":"product_cat","embeddable":true,"href":"https:\/\/www.zkprintpack.com\/de\/wp-json\/wp\/v2\/product_cat?post=2408"},{"taxonomy":"product_tag","embeddable":true,"href":"https:\/\/www.zkprintpack.com\/de\/wp-json\/wp\/v2\/product_tag?post=2408"}],"curies":[{"name":"wp","href":"https:\/\/api.w.org\/{rel}","templated":true}]}}