{"id":2405,"date":"2025-12-19T06:44:47","date_gmt":"2025-12-19T06:44:47","guid":{"rendered":"https:\/\/www.zkprintpack.com\/?post_type=product&#038;p=2405"},"modified":"2025-12-19T07:04:57","modified_gmt":"2025-12-19T07:04:57","slug":"custom-meat-packaging-pouch-supplier","status":"publish","type":"product","link":"https:\/\/www.zkprintpack.com\/de\/product\/custom-meat-packaging-pouch-supplier\/","title":{"rendered":"Benutzerdefinierte Fleisch Verpackung Beutel Lieferant, transparentes Fenster flachen Beutel mit Rei\u00dfverschluss"},"content":{"rendered":"<div class=\"wp-block-columns is-layout-flex wp-container-core-columns-is-layout-9d6595d7 wp-block-columns-is-layout-flex\">\n<div class=\"wp-block-column is-layout-flow wp-block-column-is-layout-flow\">\n<h2 class=\"wp-block-heading\">Kundenspezifische Fleischverpackungsbeutel Merkmale:<\/h2>\n\n\n\n<ul class=\"wp-block-list\">\n<li><strong>Mit einer flachen Rei\u00dfverschluss-Taschenstruktur: <\/strong>Das Design erm\u00f6glicht ein transparentes Sichtfenster, durch das der Endverbraucher die Qualit\u00e4t des Fleischprodukts visuell \u00fcberpr\u00fcfen kann. Dies erf\u00fcllt die doppelte Anforderung an die Attraktivit\u00e4t der Pr\u00e4sentation und die Zweckm\u00e4\u00dfigkeit, die kundenspezifische Fleischverpackungsbeutel erfordern.<\/li>\n\n\n\n<li><strong>Verwendet hochbarrieref\u00e4hige, lebensmittelechte Verbundwerkstoffe<\/strong> zum Schutz vor Feuchtigkeit, Oxidation und Geruchs\u00fcbertragung f\u00fcr die sichere Verpackung von Frischfleisch, Gefrierfleisch und gep\u00f6kelten Fleischprodukten.<\/li>\n\n\n\n<li><strong>Direkte Produktion im Werk:<\/strong> Mit ausgereiften Produktionslinien f\u00fcr die Herstellung und den Druck von Beuteln sind wir ein zuverl\u00e4ssiger Hersteller von Fleischverpackungsbeuteln im Gro\u00dfhandel, der kontinuierlich gro\u00dfe Mengen an Bestellungen und langfristige Lieferungen unterst\u00fctzt hat.<\/li>\n\n\n\n<li><strong>Unterst\u00fctzt OEM\/ODM-Anpassung: <\/strong>Die Gr\u00f6\u00dfe des Beutels, das Verh\u00e4ltnis der Materialzusammensetzung, die Art des Rei\u00dfverschlusses und die Platzierung des transparenten Fensters werden je nach Produkteigenschaften angepasst, so dass eine hohe Flexibilit\u00e4t bei der Verpackung von Fleisch mit Beuteln aus neuen Materialien beibehalten werden kann, um der Markenpositionierung gerecht zu werden.<\/li>\n\n\n\n<li><strong>Robuste Konstruktion<\/strong> f\u00fcr Durchsto\u00dffestigkeit erm\u00f6glicht eine luftdichte Versiegelung unter Beibehaltung eines leichten Designs und reduziert effektiv die Transport- und Lagerkosten in der K\u00fchlkette.<\/li>\n\n\n\n<li><strong>Von Frischfleisch und D\u00f6rrfleisch bis hin zu Wurstwaren<\/strong>Die Produktpalette reicht von Fleischwaren \u00fcber Feinkostsnacks bis hin zu Fleischprodukten f\u00fcr Haustiere und deckt damit eine breite Palette von Verpackungsanforderungen f\u00fcr verschiedene Marken, Verarbeiter und Vertriebskan\u00e4le ab.<\/li>\n<\/ul>\n<\/div>\n<\/div>","protected":false},"excerpt":{"rendered":"<p>Willkommen bei einem professionellen Hersteller von Fleischverpackungsbeuteln im Gro\u00dfhandel, der kundenspezifische Fleischverpackungsl\u00f6sungen anbietet. Unsere flachen Beutel verf\u00fcgen \u00fcber Rei\u00dfverschl\u00fcsse, transparente Fenster, lebensmittelechte Materialien und unterst\u00fctzen OEM-Anpassung f\u00fcr Fleischmarken und Gro\u00dfabnehmer.<\/p>\n<h2>Parameter von kundenspezifischen Fleischverpackungsbeuteln<\/h2>\n<ul>\n<li><strong>Material:<\/strong> PET\/PE, PET\/NY\/PE, usw.<\/li>\n<li><strong>Tasche Typ<\/strong>: <strong>Dreiseiten-Siegelbeutel, Flachbeutel<\/strong><\/li>\n<li><strong>Gr\u00f6\u00dfe<\/strong>: Benutzerdefiniert<\/li>\n<li><strong>Individuelle Bestellung<\/strong>: Akzeptieren Sie OEM &amp; ODM<\/li>\n<li><strong>Kostenlose Probe<\/strong>: Unterst\u00fctzung<\/li>\n<li><strong>Verwendung<\/strong>Tomatensauce, Chilisauce und Salat<\/li>\n<li><strong>Handhabung der Oberfl\u00e4che<\/strong>: Tiefdruck<\/li>\n<li><strong>Farbe<\/strong>: Kann angepasst werden<\/li>\n<li><strong>Zielm\u00e4rkte<\/strong>: \u00dcberall auf der Welt<\/li>\n<\/ul>","protected":false},"featured_media":2406,"comment_status":"closed","ping_status":"closed","template":"","meta":{"_acf_changed":false},"market":[61],"product_brand":[],"product_cat":[53,67],"product_tag":[],"class_list":{"0":"post-2405","1":"product","2":"type-product","3":"status-publish","4":"has-post-thumbnail","6":"market-snack-packaging-supplier","7":"product_cat-three-side-seal-pouch-wholesale","8":"product_cat-custom-flat-pouch","10":"first","11":"instock","12":"shipping-taxable","13":"product-type-simple"},"acf":[],"_links":{"self":[{"href":"https:\/\/www.zkprintpack.com\/de\/wp-json\/wp\/v2\/product\/2405","targetHints":{"allow":["GET"]}}],"collection":[{"href":"https:\/\/www.zkprintpack.com\/de\/wp-json\/wp\/v2\/product"}],"about":[{"href":"https:\/\/www.zkprintpack.com\/de\/wp-json\/wp\/v2\/types\/product"}],"replies":[{"embeddable":true,"href":"https:\/\/www.zkprintpack.com\/de\/wp-json\/wp\/v2\/comments?post=2405"}],"wp:featuredmedia":[{"embeddable":true,"href":"https:\/\/www.zkprintpack.com\/de\/wp-json\/wp\/v2\/media\/2406"}],"wp:attachment":[{"href":"https:\/\/www.zkprintpack.com\/de\/wp-json\/wp\/v2\/media?parent=2405"}],"wp:term":[{"taxonomy":"market","embeddable":true,"href":"https:\/\/www.zkprintpack.com\/de\/wp-json\/wp\/v2\/market?post=2405"},{"taxonomy":"product_brand","embeddable":true,"href":"https:\/\/www.zkprintpack.com\/de\/wp-json\/wp\/v2\/product_brand?post=2405"},{"taxonomy":"product_cat","embeddable":true,"href":"https:\/\/www.zkprintpack.com\/de\/wp-json\/wp\/v2\/product_cat?post=2405"},{"taxonomy":"product_tag","embeddable":true,"href":"https:\/\/www.zkprintpack.com\/de\/wp-json\/wp\/v2\/product_tag?post=2405"}],"curies":[{"name":"wp","href":"https:\/\/api.w.org\/{rel}","templated":true}]}}