{"id":2370,"date":"2025-12-09T06:30:31","date_gmt":"2025-12-09T06:30:31","guid":{"rendered":"https:\/\/www.zkprintpack.com\/?post_type=product&#038;p=2370"},"modified":"2026-04-29T01:27:35","modified_gmt":"2026-04-29T01:27:35","slug":"custom-coffee-bags-packaging-supplier","status":"publish","type":"product","link":"https:\/\/www.zkprintpack.com\/de\/product\/custom-coffee-bags-packaging-supplier\/","title":{"rendered":"Benutzerdefinierte Kaffeetaschen Verpackung Hersteller, OEM flachen Boden Beutel Gro\u00dfhandel"},"content":{"rendered":"<div class=\"wp-block-columns is-layout-flex wp-container-core-columns-is-layout-9d6595d7 wp-block-columns-is-layout-flex\">\n<div class=\"wp-block-column is-layout-flow wp-block-column-is-layout-flow\">\n<h2 class=\"wp-block-heading\">Kundenspezifische Kaffees\u00e4cke Verpackungsmerkmale:<\/h2>\n\n\n\n<ul class=\"wp-block-list\">\n<li><strong>Flachboden-Taschenstruktur-Design: <\/strong>Dies tr\u00e4gt dazu bei, dass die Form des Beutels mit erh\u00f6hter Dimensionalit\u00e4t beibehalten wird, wodurch die Pr\u00e4sentation im Regal verbessert wird, wobei sowohl \u00e4sthetische als auch funktionale Anforderungen an kundenspezifische Kaffeebeutel ber\u00fccksichtigt werden.<\/li>\n\n\n\n<li><strong>Hochbarrieref\u00e4higes Verbundmaterial: <\/strong>Sie sch\u00fctzt wirksam vor dem Eindringen von Sauerstoff, Feuchtigkeit und Geruch. Diese Verpackung eignet sich f\u00fcr die Verpackung von Kaffee in Form von Bohnen oder Pulver.<\/li>\n\n\n\n<li><strong>Fabrikdirektes Produktionsmodell:<\/strong> Wir sind ein professioneller Hersteller von Kaffeebeuteln, der \u00fcber fortschrittliche, automatisierte Beutelherstellungs- und Druckanlagen verf\u00fcgt und in der Lage ist, gro\u00dfe Produktionsauftr\u00e4ge zu bew\u00e4ltigen.<\/li>\n\n\n\n<li><strong>Bietet OEM\/ODM-Anpassungsdienste<\/strong>: Die Gr\u00f6\u00dfe, die Materialzusammensetzung, die Ventilanordnung und die Drucke k\u00f6nnen individuell angepasst werden, um ma\u00dfgeschneiderte Verpackungsl\u00f6sungen f\u00fcr Kaffeebeutel zu schaffen.<\/li>\n\n\n\n<li><strong>Starkes und leichtes Design: <\/strong>Es tr\u00e4gt zu einem sicheren Transport des Produkts bei und bietet gleichzeitig eine effiziente Reduzierung der Logistik- und Lagerkosten, so dass es sich f\u00fcr Exportverk\u00e4ufe und Gro\u00dfeink\u00e4ufe eignet.<\/li>\n\n\n\n<li>\u00c4u\u00dferst vielseitig f\u00fcr die Verpackung von Kaffeebohnen, gemahlenem Kaffee, Kaffeespezialit\u00e4ten und Einzelhandels-\/E-Commerce-Marken.<\/li>\n<\/ul>\n<\/div>\n\n\n\n<div class=\"wp-block-column is-layout-flow wp-block-column-is-layout-flow\">\n<figure class=\"wp-block-image size-full\"><img decoding=\"async\" width=\"756\" height=\"756\" src=\"https:\/\/www.zkprintpack.com\/wp-content\/uploads\/2025\/12\/Custom-Coffee-Bags-Packaging-Manufacturer-Zhongjia-Packaging-2.webp\" alt=\"Kundenspezifische Kaffees\u00e4cke Verpackungshersteller - Zhongjia Packaging (2)\" class=\"wp-image-2403\" srcset=\"https:\/\/www.zkprintpack.com\/wp-content\/uploads\/2025\/12\/Custom-Coffee-Bags-Packaging-Manufacturer-Zhongjia-Packaging-2.webp 756w, https:\/\/www.zkprintpack.com\/wp-content\/uploads\/2025\/12\/Custom-Coffee-Bags-Packaging-Manufacturer-Zhongjia-Packaging-2-150x150.webp 150w, https:\/\/www.zkprintpack.com\/wp-content\/uploads\/2025\/12\/Custom-Coffee-Bags-Packaging-Manufacturer-Zhongjia-Packaging-2-12x12.webp 12w, https:\/\/www.zkprintpack.com\/wp-content\/uploads\/2025\/12\/Custom-Coffee-Bags-Packaging-Manufacturer-Zhongjia-Packaging-2-600x600.webp 600w, https:\/\/www.zkprintpack.com\/wp-content\/uploads\/2025\/12\/Custom-Coffee-Bags-Packaging-Manufacturer-Zhongjia-Packaging-2-300x300.webp 300w, https:\/\/www.zkprintpack.com\/wp-content\/uploads\/2025\/12\/Custom-Coffee-Bags-Packaging-Manufacturer-Zhongjia-Packaging-2-100x100.webp 100w\" sizes=\"(max-width: 756px) 100vw, 756px\" \/><\/figure>\n<\/div>\n<\/div>\n\n\n\n<p><\/p>","protected":false},"excerpt":{"rendered":"<p>Willkommen bei einem professionellen Hersteller von Kaffeebeuteln, der kundenspezifische Verpackungsl\u00f6sungen f\u00fcr Kaffeebeutel anbietet. Unsere OEM-Flachbodenbeutel verf\u00fcgen \u00fcber Hochbarrierematerialien, unterst\u00fctzen kundenspezifische Drucke und Ventile und sind ideal f\u00fcr Gro\u00dfabnehmer, Kaffeemarken und Distributoren.<\/p>\n<h2>Parameter der benutzerdefinierten Kaffeetaschen Verpackung<\/h2>\n<ul>\n<li><strong>Material:<\/strong>\u00a0PET\/PE, PET\/NY\/PE, PET\/AL\/NY\/PE, usw.<\/li>\n<li><strong>Tasche Typ: <a href=\"https:\/\/www.zkprintpack.com\/de\/custom-flat-bottom-pouch\/\">Flachboden-Beutel<\/a><\/strong><\/li>\n<li><strong>Gr\u00f6\u00dfe<\/strong>: Benutzerdefiniert<\/li>\n<li><strong>Individuelle Bestellung<\/strong>: Akzeptieren Sie OEM &amp; ODM<\/li>\n<li><strong>Kostenlose Probe<\/strong>: Unterst\u00fctzung<\/li>\n<li><strong>Verwendung<\/strong>Schmierstoffe, Autopflegemittel, Reinigungsmittel, Industriechemikalien, landwirtschaftliche Hilfsstoffe und andere fl\u00fcssige und halbfl\u00fcssige Produkte<\/li>\n<li><strong>Handhabung der Oberfl\u00e4che<\/strong>: Tiefdruck<\/li>\n<li><strong>Farbe<\/strong>: Kann angepasst werden<\/li>\n<li><strong>Zielm\u00e4rkte<\/strong>: \u00dcberall auf der Welt<\/li>\n<\/ul>","protected":false},"featured_media":2402,"comment_status":"closed","ping_status":"closed","template":"","meta":{"_acf_changed":false},"market":[70],"product_brand":[],"product_cat":[55],"product_tag":[],"class_list":{"0":"post-2370","1":"product","2":"type-product","3":"status-publish","4":"has-post-thumbnail","6":"market-coffee-packaging-supplier","7":"product_cat-flat-bottom-pouches-wholesale","9":"first","10":"instock","11":"shipping-taxable","12":"product-type-simple"},"acf":[],"_links":{"self":[{"href":"https:\/\/www.zkprintpack.com\/de\/wp-json\/wp\/v2\/product\/2370","targetHints":{"allow":["GET"]}}],"collection":[{"href":"https:\/\/www.zkprintpack.com\/de\/wp-json\/wp\/v2\/product"}],"about":[{"href":"https:\/\/www.zkprintpack.com\/de\/wp-json\/wp\/v2\/types\/product"}],"replies":[{"embeddable":true,"href":"https:\/\/www.zkprintpack.com\/de\/wp-json\/wp\/v2\/comments?post=2370"}],"wp:featuredmedia":[{"embeddable":true,"href":"https:\/\/www.zkprintpack.com\/de\/wp-json\/wp\/v2\/media\/2402"}],"wp:attachment":[{"href":"https:\/\/www.zkprintpack.com\/de\/wp-json\/wp\/v2\/media?parent=2370"}],"wp:term":[{"taxonomy":"market","embeddable":true,"href":"https:\/\/www.zkprintpack.com\/de\/wp-json\/wp\/v2\/market?post=2370"},{"taxonomy":"product_brand","embeddable":true,"href":"https:\/\/www.zkprintpack.com\/de\/wp-json\/wp\/v2\/product_brand?post=2370"},{"taxonomy":"product_cat","embeddable":true,"href":"https:\/\/www.zkprintpack.com\/de\/wp-json\/wp\/v2\/product_cat?post=2370"},{"taxonomy":"product_tag","embeddable":true,"href":"https:\/\/www.zkprintpack.com\/de\/wp-json\/wp\/v2\/product_tag?post=2370"}],"curies":[{"name":"wp","href":"https:\/\/api.w.org\/{rel}","templated":true}]}}