{"id":2336,"date":"2025-11-29T09:23:37","date_gmt":"2025-11-29T09:23:37","guid":{"rendered":"https:\/\/www.zkprintpack.com\/?post_type=product&#038;p=2336"},"modified":"2025-11-29T09:23:39","modified_gmt":"2025-11-29T09:23:39","slug":"custom-spout-pouches-with-handle-grip","status":"publish","type":"product","link":"https:\/\/www.zkprintpack.com\/de\/product\/custom-spout-pouches-with-handle-grip\/","title":{"rendered":"Kundenspezifische Ausgie\u00dferbeutel mit Griff, Getr\u00e4nkeverpackungsbeutel Hersteller"},"content":{"rendered":"<div class=\"wp-block-columns is-layout-flex wp-container-core-columns-is-layout-9d6595d7 wp-block-columns-is-layout-flex\">\n<div class=\"wp-block-column is-layout-flow wp-block-column-is-layout-flow\">\n<h2 class=\"wp-block-heading\">Kundenspezifische Ausgie\u00dfertaschen mit Griff Merkmale:<\/h2>\n\n\n\n<ul class=\"wp-block-list\">\n<li><strong>Hochsperrige Materialstruktur, ideal f\u00fcr die Abf\u00fcllung von Fl\u00fcssigkeiten:<\/strong> Unsere benutzerdefinierten Ausgie\u00dferbeutel mit Griff verwenden lebensmittelechte Verbundfolie und bieten auslaufsichere, auslaufsichere und druckfeste Vorteile, um die Frische von Getr\u00e4nken effektiv zu verl\u00e4ngern. Als professioneller Hersteller von Getr\u00e4nkeverpackungsbeuteln gew\u00e4hrleisten wir eine gleichbleibende und zuverl\u00e4ssige Verpackungsqualit\u00e4t.<\/li>\n\n\n\n<li><strong>Das Design des Griffs verbessert die Tragbarkeit:<\/strong> Die robuste Griffstruktur der Ausgie\u00dferbeutel mit Griff macht das Tragen f\u00fcr den Verbraucher m\u00fchelos, ideal f\u00fcr Getr\u00e4nke zum Mitnehmen, Reiseproviant, Kindergetr\u00e4nke und viele andere Szenarien.<\/li>\n\n\n\n<li><strong>Mehrere Spezifikationen mit umfassender Anpassung verf\u00fcgbar:<\/strong> Wir bieten ma\u00dfgeschneiderte L\u00f6sungen, einschlie\u00dflich unterschiedlicher Kapazit\u00e4ten, Ausgie\u00dfergr\u00f6\u00dfen, Beutelstrukturen und Druckdesigns, um eine individuelle Anpassung der Marke und eine Produktdifferenzierung zu erreichen.<\/li>\n\n\n\n<li><strong>Hochaufl\u00f6sender Farbdruck verbessert die Sichtbarkeit der Marke: <\/strong>Ma\u00dfgefertigte Ausgie\u00dferbeutel k\u00f6nnen im hochaufl\u00f6senden Tief- oder Flexodruck bedruckt werden und liefern leuchtende Farben und hochwertige Texturen, die die Wettbewerbsf\u00e4higkeit der Marke in den Verkaufsregalen steigern.<\/li>\n\n\n\n<li><strong>Hohe Kompatibilit\u00e4t mit automatisierten Abf\u00fcllanlagen:<\/strong> Unsere Beuteldesigns sind f\u00fcr die g\u00e4ngigen automatisierten Abf\u00fcllmaschinen ausgelegt. Als erfahrener Hersteller von Getr\u00e4nkeverpackungsbeuteln bieten wir stabile Folienrollen und Beutelspezifikationen zur Optimierung der Abf\u00fclleffizienz.<\/li>\n\n\n\n<li><strong>Umweltfreundliche Materiall\u00f6sungen verf\u00fcgbar:<\/strong> Ma\u00dfgeschneiderte Getr\u00e4nkeausgie\u00dfer k\u00f6nnen recycelbare Strukturen enthalten, die den Nachhaltigkeitstrends in der Getr\u00e4nkeindustrie entsprechen und den Marken helfen, ihre Umweltbilanz zu verbessern.<\/li>\n<\/ul>\n<\/div>\n\n\n\n<div class=\"wp-block-column is-layout-flow wp-block-column-is-layout-flow\">\n<figure class=\"wp-block-image size-full\"><img decoding=\"async\" width=\"800\" height=\"800\" src=\"https:\/\/www.zkprintpack.com\/wp-content\/uploads\/2025\/11\/Custom-Spout-Pouches-with-Handle-Grip-1.webp\" alt=\"Kundenspezifische Ausgie\u00dfertaschen mit Griff (1)\" class=\"wp-image-2338\" srcset=\"https:\/\/www.zkprintpack.com\/wp-content\/uploads\/2025\/11\/Custom-Spout-Pouches-with-Handle-Grip-1.webp 800w, https:\/\/www.zkprintpack.com\/wp-content\/uploads\/2025\/11\/Custom-Spout-Pouches-with-Handle-Grip-1-150x150.webp 150w, https:\/\/www.zkprintpack.com\/wp-content\/uploads\/2025\/11\/Custom-Spout-Pouches-with-Handle-Grip-1-768x768.webp 768w, https:\/\/www.zkprintpack.com\/wp-content\/uploads\/2025\/11\/Custom-Spout-Pouches-with-Handle-Grip-1-12x12.webp 12w, https:\/\/www.zkprintpack.com\/wp-content\/uploads\/2025\/11\/Custom-Spout-Pouches-with-Handle-Grip-1-600x600.webp 600w, https:\/\/www.zkprintpack.com\/wp-content\/uploads\/2025\/11\/Custom-Spout-Pouches-with-Handle-Grip-1-300x300.webp 300w, https:\/\/www.zkprintpack.com\/wp-content\/uploads\/2025\/11\/Custom-Spout-Pouches-with-Handle-Grip-1-100x100.webp 100w\" sizes=\"(max-width: 800px) 100vw, 800px\" \/><\/figure>\n<\/div>\n<\/div>\n\n\n\n<div class=\"wp-block-columns is-layout-flex wp-container-core-columns-is-layout-9d6595d7 wp-block-columns-is-layout-flex\">\n<div class=\"wp-block-column is-layout-flow wp-block-column-is-layout-flow\">\n<figure class=\"wp-block-image size-full\"><img decoding=\"async\" width=\"800\" height=\"800\" src=\"https:\/\/www.zkprintpack.com\/wp-content\/uploads\/2025\/11\/Custom-Spout-Pouches-with-Handle-Grip-3.webp\" alt=\"Kundenspezifische Ausgie\u00dfertaschen mit Griff (3)\" class=\"wp-image-2340\" srcset=\"https:\/\/www.zkprintpack.com\/wp-content\/uploads\/2025\/11\/Custom-Spout-Pouches-with-Handle-Grip-3.webp 800w, https:\/\/www.zkprintpack.com\/wp-content\/uploads\/2025\/11\/Custom-Spout-Pouches-with-Handle-Grip-3-150x150.webp 150w, https:\/\/www.zkprintpack.com\/wp-content\/uploads\/2025\/11\/Custom-Spout-Pouches-with-Handle-Grip-3-768x768.webp 768w, https:\/\/www.zkprintpack.com\/wp-content\/uploads\/2025\/11\/Custom-Spout-Pouches-with-Handle-Grip-3-12x12.webp 12w, https:\/\/www.zkprintpack.com\/wp-content\/uploads\/2025\/11\/Custom-Spout-Pouches-with-Handle-Grip-3-600x600.webp 600w, https:\/\/www.zkprintpack.com\/wp-content\/uploads\/2025\/11\/Custom-Spout-Pouches-with-Handle-Grip-3-300x300.webp 300w, https:\/\/www.zkprintpack.com\/wp-content\/uploads\/2025\/11\/Custom-Spout-Pouches-with-Handle-Grip-3-100x100.webp 100w\" sizes=\"(max-width: 800px) 100vw, 800px\" \/><\/figure>\n<\/div>\n\n\n\n<div class=\"wp-block-column is-layout-flow wp-block-column-is-layout-flow\">\n<figure class=\"wp-block-image size-full\"><img decoding=\"async\" width=\"800\" height=\"800\" src=\"https:\/\/www.zkprintpack.com\/wp-content\/uploads\/2025\/11\/Custom-Spout-Pouches-Wholesale-Manufacturer.webp\" alt=\"Benutzerdefinierte Ausgusst\u00fcten Gro\u00dfhandel Hersteller\" class=\"wp-image-2337\" srcset=\"https:\/\/www.zkprintpack.com\/wp-content\/uploads\/2025\/11\/Custom-Spout-Pouches-Wholesale-Manufacturer.webp 800w, https:\/\/www.zkprintpack.com\/wp-content\/uploads\/2025\/11\/Custom-Spout-Pouches-Wholesale-Manufacturer-150x150.webp 150w, https:\/\/www.zkprintpack.com\/wp-content\/uploads\/2025\/11\/Custom-Spout-Pouches-Wholesale-Manufacturer-768x768.webp 768w, https:\/\/www.zkprintpack.com\/wp-content\/uploads\/2025\/11\/Custom-Spout-Pouches-Wholesale-Manufacturer-12x12.webp 12w, https:\/\/www.zkprintpack.com\/wp-content\/uploads\/2025\/11\/Custom-Spout-Pouches-Wholesale-Manufacturer-600x600.webp 600w, https:\/\/www.zkprintpack.com\/wp-content\/uploads\/2025\/11\/Custom-Spout-Pouches-Wholesale-Manufacturer-300x300.webp 300w, https:\/\/www.zkprintpack.com\/wp-content\/uploads\/2025\/11\/Custom-Spout-Pouches-Wholesale-Manufacturer-100x100.webp 100w\" sizes=\"(max-width: 800px) 100vw, 800px\" \/><\/figure>\n<\/div>\n<\/div>","protected":false},"excerpt":{"rendered":"<p>Wir liefern kundenspezifische Ausgie\u00dferbeutel mit Griff f\u00fcr Getr\u00e4nke, Babynahrung und fl\u00fcssige Nahrungserg\u00e4nzungsmittel. Als professioneller Hersteller von Getr\u00e4nkeverpackungsbeuteln bieten wir eine niedrige Mindestbestellmenge, werkseitige Direktpreise und umweltfreundlichen Druck auf Wasserbasis. Unsere Beutel zeichnen sich durch langlebige Materialien, auslaufsichere Leistung und vollst\u00e4ndige OEM\/ODM-Anpassung f\u00fcr Marken aus, die hochwertige Verpackungsl\u00f6sungen f\u00fcr Fl\u00fcssigkeiten suchen.<\/p>\n<h2>Parameter von kundenspezifischen T\u00fcllenbeuteln mit Handgriff<\/h2>\n<ul>\n<li><strong>Material:<\/strong>\u00a0PET\/PE, PET\/NY\/PE, PET\/AL\/NY\/PE, usw.<\/li>\n<li><strong>Tasche Typ<\/strong>: <a href=\"https:\/\/www.zkprintpack.com\/de\/custom-stand-up-pouch\/\"><strong>Stand Up Pouch<\/strong><\/a>, <strong><a href=\"https:\/\/www.zkprintpack.com\/de\/custom-spout-pouch\/\">Ausgie\u00dferbeutel<\/a><\/strong><\/li>\n<li><strong>Gr\u00f6\u00dfe<\/strong>: Benutzerdefiniert<\/li>\n<li><strong>Individuelle Bestellung<\/strong>: Akzeptieren Sie OEM &amp; ODM<\/li>\n<li><strong>Kostenlose Probe<\/strong>: Unterst\u00fctzung<\/li>\n<li><strong>Verwendung<\/strong>Schmierstoffe, Autopflegemittel, Reinigungsmittel, Industriechemikalien, landwirtschaftliche Hilfsstoffe und andere fl\u00fcssige und halbfl\u00fcssige Produkte<\/li>\n<li><strong>Handhabung der Oberfl\u00e4che<\/strong>: Tiefdruck<\/li>\n<li><strong>Farbe<\/strong>: Kann angepasst werden<\/li>\n<li><strong>Zielm\u00e4rkte<\/strong>: \u00dcberall auf der Welt<\/li>\n<\/ul>","protected":false},"featured_media":2338,"comment_status":"closed","ping_status":"closed","template":"","meta":{"_acf_changed":false},"market":[],"product_brand":[],"product_cat":[50,56],"product_tag":[],"class_list":{"0":"post-2336","1":"product","2":"type-product","3":"status-publish","4":"has-post-thumbnail","6":"product_cat-stand-up-pouches-wholesale","7":"product_cat-custom-spout-pouches-supplier","9":"first","10":"instock","11":"shipping-taxable","12":"product-type-simple"},"acf":[],"_links":{"self":[{"href":"https:\/\/www.zkprintpack.com\/de\/wp-json\/wp\/v2\/product\/2336","targetHints":{"allow":["GET"]}}],"collection":[{"href":"https:\/\/www.zkprintpack.com\/de\/wp-json\/wp\/v2\/product"}],"about":[{"href":"https:\/\/www.zkprintpack.com\/de\/wp-json\/wp\/v2\/types\/product"}],"replies":[{"embeddable":true,"href":"https:\/\/www.zkprintpack.com\/de\/wp-json\/wp\/v2\/comments?post=2336"}],"wp:featuredmedia":[{"embeddable":true,"href":"https:\/\/www.zkprintpack.com\/de\/wp-json\/wp\/v2\/media\/2338"}],"wp:attachment":[{"href":"https:\/\/www.zkprintpack.com\/de\/wp-json\/wp\/v2\/media?parent=2336"}],"wp:term":[{"taxonomy":"market","embeddable":true,"href":"https:\/\/www.zkprintpack.com\/de\/wp-json\/wp\/v2\/market?post=2336"},{"taxonomy":"product_brand","embeddable":true,"href":"https:\/\/www.zkprintpack.com\/de\/wp-json\/wp\/v2\/product_brand?post=2336"},{"taxonomy":"product_cat","embeddable":true,"href":"https:\/\/www.zkprintpack.com\/de\/wp-json\/wp\/v2\/product_cat?post=2336"},{"taxonomy":"product_tag","embeddable":true,"href":"https:\/\/www.zkprintpack.com\/de\/wp-json\/wp\/v2\/product_tag?post=2336"}],"curies":[{"name":"wp","href":"https:\/\/api.w.org\/{rel}","templated":true}]}}