{"id":2327,"date":"2025-11-29T08:21:46","date_gmt":"2025-11-29T08:21:46","guid":{"rendered":"https:\/\/www.zkprintpack.com\/?post_type=product&#038;p=2327"},"modified":"2025-11-29T08:23:01","modified_gmt":"2025-11-29T08:23:01","slug":"tomato-sauce-sachets-wholesale","status":"publish","type":"product","link":"https:\/\/www.zkprintpack.com\/de\/product\/tomato-sauce-sachets-wholesale\/","title":{"rendered":"Tomatensauce Sachets Gro\u00dfhandel, benutzerdefinierte So\u00dfe Verpackung Tasche Hersteller"},"content":{"rendered":"<div class=\"wp-block-columns is-layout-flex wp-container-core-columns-is-layout-9d6595d7 wp-block-columns-is-layout-flex\">\n<div class=\"wp-block-column is-layout-flow wp-block-column-is-layout-flow\">\n<h2 class=\"wp-block-heading\">Tomatensauce Sachets Gro\u00dfhandel Merkmale:<\/h2>\n\n\n\n<ul class=\"wp-block-list\">\n<li><strong>Hochbarriere Frischeerhaltung:<\/strong> Unsere Tomatensaucenbeutel f\u00fcr den Gro\u00dfhandel bestehen aus lebensmittelechten Materialien mit hoher Barrierewirkung, die Feuchtigkeit und Sauerstoff widerstehen und die Frische der Sauce erhalten. Die Nutzung unserer Erfahrung als Hersteller von kundenspezifischen So\u00dfenverpackungen gew\u00e4hrleistet eine gleichbleibende Qualit\u00e4t.<\/li>\n\n\n\n<li><strong>Starke, auslaufsichere Struktur:<\/strong> Unsere Tomatensaucenbeutel f\u00fcr den Gro\u00dfhandel zeichnen sich durch eine hervorragende Hei\u00dfsiegelung und Druckbest\u00e4ndigkeit aus, so dass sie beim Transport \u00fcber lange Strecken nicht brechen. Als zuverl\u00e4ssiger Hersteller von ma\u00dfgeschneiderten So\u00dfenverpackungen passen wir die Strukturen an die Eigenschaften der So\u00dfe an.<\/li>\n\n\n\n<li><strong>Flexible Gr\u00f6\u00dfenanpassung:<\/strong> Individuell anpassbar von 5g bis 100g, um die Anforderungen von Restaurantketten, Lohnherstellern und Superm\u00e4rkten zu erf\u00fcllen. Wir bieten volle Flexibilit\u00e4t in Bezug auf Abmessungen, Dicke und Beutelformen im Bereich der Herstellung von kundenspezifischen So\u00dfenverpackungsbeuteln.<\/li>\n\n\n\n<li><strong>Umweltfreundlicher Druck mit Tinte auf Wasserbasis:<\/strong> Die Verwendung umweltfreundlicher Druckfarben auf Wasserbasis sorgt f\u00fcr eine geringere Geruchsentwicklung und erh\u00f6hte Sicherheit, was sie ideal f\u00fcr die Verpackung von Lebensmittelso\u00dfen macht. Im Vergleich zum Druck auf L\u00f6sungsmittelbasis weisen Tomatenso\u00dfenbeutel im Gro\u00dfhandel stabilere Farben und eine bessere Umweltvertr\u00e4glichkeit auf - ein wesentlicher Vorteil professioneller Hersteller von So\u00dfenverpackungen.<\/li>\n\n\n\n<li><strong>Hochaufl\u00f6sender Farbdruck steigert die Markenattraktivit\u00e4t<\/strong>: Unterst\u00fctzt hochpr\u00e4zisen Druck f\u00fcr visuell auff\u00e4llige Tomatenso\u00dfenbeutel im Gro\u00dfhandel. Wir bieten einen umfassenden Anpassungsservice f\u00fcr Logos und Muster, der die Markendifferenzierung f\u00f6rdert.<\/li>\n\n\n\n<li><strong>Schnelle Lieferung und stabile Versorgung<\/strong>: Durch den Einsatz von automatisierten Druck- und Laminieranlagen auf Wasserbasis k\u00f6nnen Tomatensaucenbeutel im Gro\u00dfhandel schnelle Durchlaufzeiten erreichen. Als erfahrener Hersteller von kundenspezifischen So\u00dfenverpackungen bieten wir konsistente Lieferkapazit\u00e4ten, die f\u00fcr gro\u00dfe Exportauftr\u00e4ge geeignet sind.<\/li>\n<\/ul>\n<\/div>\n\n\n\n<div class=\"wp-block-column is-layout-flow wp-block-column-is-layout-flow\">\n<figure class=\"wp-block-image size-full\"><img decoding=\"async\" width=\"800\" height=\"800\" src=\"https:\/\/www.zkprintpack.com\/wp-content\/uploads\/2025\/11\/Tomato-Sauce-Sachets-Wholesale-Manufacturer.webp\" alt=\"Tomatensaucenbeutel Gro\u00dfhandel Hersteller\" class=\"wp-image-2331\" srcset=\"https:\/\/www.zkprintpack.com\/wp-content\/uploads\/2025\/11\/Tomato-Sauce-Sachets-Wholesale-Manufacturer.webp 800w, https:\/\/www.zkprintpack.com\/wp-content\/uploads\/2025\/11\/Tomato-Sauce-Sachets-Wholesale-Manufacturer-150x150.webp 150w, https:\/\/www.zkprintpack.com\/wp-content\/uploads\/2025\/11\/Tomato-Sauce-Sachets-Wholesale-Manufacturer-768x768.webp 768w, https:\/\/www.zkprintpack.com\/wp-content\/uploads\/2025\/11\/Tomato-Sauce-Sachets-Wholesale-Manufacturer-12x12.webp 12w, https:\/\/www.zkprintpack.com\/wp-content\/uploads\/2025\/11\/Tomato-Sauce-Sachets-Wholesale-Manufacturer-600x600.webp 600w, https:\/\/www.zkprintpack.com\/wp-content\/uploads\/2025\/11\/Tomato-Sauce-Sachets-Wholesale-Manufacturer-300x300.webp 300w, https:\/\/www.zkprintpack.com\/wp-content\/uploads\/2025\/11\/Tomato-Sauce-Sachets-Wholesale-Manufacturer-100x100.webp 100w\" sizes=\"(max-width: 800px) 100vw, 800px\" \/><\/figure>\n<\/div>\n<\/div>","protected":false},"excerpt":{"rendered":"<p>Wir liefern Tomatenso\u00dfenbeutel im Gro\u00dfhandel mit dauerhaftem, auslaufsicherem Barriereschutz. Als Hersteller von So\u00dfenverpackungsbeuteln bieten wir eine vollst\u00e4ndige OEM\/ODM-Kundenanpassung f\u00fcr Ketchup-, Chiliso\u00dfen- und Gew\u00fcrzmarken und gew\u00e4hrleisten eine gleichbleibende Qualit\u00e4t und wettbewerbsf\u00e4hige Fabrikpreise.<\/p>\n<h2>Parameter von Tomatensaucenbeuteln\u00a0<\/h2>\n<ul>\n<li><strong>Material:<\/strong>\u00a0PET\/PE, PET\/NY\/PE, PET\/AL\/NY\/PE, usw.<\/li>\n<li><strong>Tasche Typ<\/strong>: <a href=\"https:\/\/www.zkprintpack.com\/de\/custom-three-side-seal-pouch\/\"><strong>Dreiseitiger Siegelbeutel, Verpackung von S\u00e4ckchen<\/strong><\/a><\/li>\n<li><strong>Gr\u00f6\u00dfe<\/strong>: Benutzerdefiniert<\/li>\n<li><strong>Individuelle Bestellung<\/strong>: Akzeptieren Sie OEM &amp; ODM<\/li>\n<li><strong>Kostenlose Probe<\/strong>: Unterst\u00fctzung<\/li>\n<li><strong>Verwendung<\/strong>Tomatensauce, Chilisauce und Salat<\/li>\n<li><strong>Handhabung der Oberfl\u00e4che<\/strong>: Tiefdruck<\/li>\n<li><strong>Farbe<\/strong>: Kann angepasst werden<\/li>\n<li><strong>Zielm\u00e4rkte<\/strong>: \u00dcberall auf der Welt<\/li>\n<\/ul>","protected":false},"featured_media":2330,"comment_status":"closed","ping_status":"closed","template":"","meta":{"_acf_changed":false},"market":[59],"product_brand":[],"product_cat":[53],"product_tag":[],"class_list":{"0":"post-2327","1":"product","2":"type-product","3":"status-publish","4":"has-post-thumbnail","6":"market-sauce-and-condiment-packaging-supplier","7":"product_cat-three-side-seal-pouch-wholesale","9":"first","10":"instock","11":"shipping-taxable","12":"product-type-simple"},"acf":[],"_links":{"self":[{"href":"https:\/\/www.zkprintpack.com\/de\/wp-json\/wp\/v2\/product\/2327","targetHints":{"allow":["GET"]}}],"collection":[{"href":"https:\/\/www.zkprintpack.com\/de\/wp-json\/wp\/v2\/product"}],"about":[{"href":"https:\/\/www.zkprintpack.com\/de\/wp-json\/wp\/v2\/types\/product"}],"replies":[{"embeddable":true,"href":"https:\/\/www.zkprintpack.com\/de\/wp-json\/wp\/v2\/comments?post=2327"}],"wp:featuredmedia":[{"embeddable":true,"href":"https:\/\/www.zkprintpack.com\/de\/wp-json\/wp\/v2\/media\/2330"}],"wp:attachment":[{"href":"https:\/\/www.zkprintpack.com\/de\/wp-json\/wp\/v2\/media?parent=2327"}],"wp:term":[{"taxonomy":"market","embeddable":true,"href":"https:\/\/www.zkprintpack.com\/de\/wp-json\/wp\/v2\/market?post=2327"},{"taxonomy":"product_brand","embeddable":true,"href":"https:\/\/www.zkprintpack.com\/de\/wp-json\/wp\/v2\/product_brand?post=2327"},{"taxonomy":"product_cat","embeddable":true,"href":"https:\/\/www.zkprintpack.com\/de\/wp-json\/wp\/v2\/product_cat?post=2327"},{"taxonomy":"product_tag","embeddable":true,"href":"https:\/\/www.zkprintpack.com\/de\/wp-json\/wp\/v2\/product_tag?post=2327"}],"curies":[{"name":"wp","href":"https:\/\/api.w.org\/{rel}","templated":true}]}}