{"id":2296,"date":"2025-11-19T09:41:01","date_gmt":"2025-11-19T09:41:01","guid":{"rendered":"https:\/\/www.zkprintpack.com\/?post_type=product&#038;p=2296"},"modified":"2025-11-19T09:41:04","modified_gmt":"2025-11-19T09:41:04","slug":"china-three-side-seal-bag-wholesale","status":"publish","type":"product","link":"https:\/\/www.zkprintpack.com\/de\/product\/china-three-side-seal-bag-wholesale\/","title":{"rendered":"China Drei Seite Seal Tasche Gro\u00dfhandel, Gew\u00fcrzpulver Verpackung Hersteller"},"content":{"rendered":"<div class=\"wp-block-columns is-layout-flex wp-container-core-columns-is-layout-9d6595d7 wp-block-columns-is-layout-flex\">\n<div class=\"wp-block-column is-layout-flow wp-block-column-is-layout-flow\">\n<h2 class=\"wp-block-heading\">Drei Seiten Siegelbeutel Gro\u00dfhandel Merkmale:<\/h2>\n\n\n\n<ul class=\"wp-block-list\">\n<li><strong>Pr\u00e4zise hitzeversiegelte Struktur<\/strong>: Die dreiseitige Siegelnahtkonstruktion bietet eine gleichm\u00e4\u00dfige Siegelnahtfestigkeit und Formstabilit\u00e4t und gew\u00e4hrleistet eine gleichbleibende Leistung f\u00fcr kundenspezifische Gro\u00dfhandelsanwendungen mit dreiseitiger Siegelnaht.<\/li>\n\n\n\n<li><strong>Optimiert f\u00fcr Pulverfluss und Schutz<\/strong>: Die laminierte Struktur wurde f\u00fcr Gew\u00fcrze und feine Pulver entwickelt und bietet eine verbesserte Feuchtigkeits-, Sauerstoff- und Aromabarriere, um ein Verklumpen zu verhindern und das Produkt frisch zu halten.<\/li>\n\n\n\n<li><strong>Produktion mit hohem Reinheitsgrad und lebensmittelgeeignete Materialien<\/strong>: Als professioneller Hersteller von Gew\u00fcrzpulververpackungen verwenden wir zertifizierte Materialien, die mit Lebensmitteln in Ber\u00fchrung kommen, sowie kontrollierte Herstellungsverfahren, um die weltweiten Sicherheitsstandards zu erf\u00fcllen.<\/li>\n\n\n\n<li><strong>Optionale Ausgie\u00dfer-Integration f\u00fcr kontrollierte Dosierung<\/strong>: Unterst\u00fctzt OEM Ausgie\u00dfer drei Seite Siegelbeutel f\u00fcr Gew\u00fcrzpulver, entworfen, um reibungslose Pulver Freisetzung ohne Verstopfung zu gew\u00e4hrleisten, geeignet f\u00fcr den Einzelhandel und industrielle Nachf\u00fcllen verwendet.<\/li>\n\n\n\n<li><strong>Kundenspezifischer Druck &amp; Materialentwicklung<\/strong>: Erh\u00e4ltlich in PET\/PE, PET\/AL\/PE, BOPP\/CPP und anderen Strukturen mit hochpr\u00e4zisem Tiefdruck, um eine genaue Farbwiedergabe und eine starke Markensichtbarkeit zu erreichen.<\/li>\n<\/ul>\n<\/div>\n\n\n\n<div class=\"wp-block-column is-layout-flow wp-block-column-is-layout-flow\">\n<figure class=\"wp-block-image size-full\"><img decoding=\"async\" width=\"800\" height=\"800\" src=\"https:\/\/www.zkprintpack.com\/wp-content\/uploads\/2025\/11\/China-Three-Side-Seal-Bag-Wholesale-Manufacturer.webp\" alt=\"China Dreiseitensiegelbeutel Gro\u00dfhandel Hersteller\" class=\"wp-image-2299\" srcset=\"https:\/\/www.zkprintpack.com\/wp-content\/uploads\/2025\/11\/China-Three-Side-Seal-Bag-Wholesale-Manufacturer.webp 800w, https:\/\/www.zkprintpack.com\/wp-content\/uploads\/2025\/11\/China-Three-Side-Seal-Bag-Wholesale-Manufacturer-150x150.webp 150w, https:\/\/www.zkprintpack.com\/wp-content\/uploads\/2025\/11\/China-Three-Side-Seal-Bag-Wholesale-Manufacturer-768x768.webp 768w, https:\/\/www.zkprintpack.com\/wp-content\/uploads\/2025\/11\/China-Three-Side-Seal-Bag-Wholesale-Manufacturer-12x12.webp 12w, https:\/\/www.zkprintpack.com\/wp-content\/uploads\/2025\/11\/China-Three-Side-Seal-Bag-Wholesale-Manufacturer-600x600.webp 600w, https:\/\/www.zkprintpack.com\/wp-content\/uploads\/2025\/11\/China-Three-Side-Seal-Bag-Wholesale-Manufacturer-300x300.webp 300w, https:\/\/www.zkprintpack.com\/wp-content\/uploads\/2025\/11\/China-Three-Side-Seal-Bag-Wholesale-Manufacturer-100x100.webp 100w\" sizes=\"(max-width: 800px) 100vw, 800px\" \/><\/figure>\n<\/div>\n<\/div>","protected":false},"excerpt":{"rendered":"<p>Willkommen zum Kauf unserer benutzerdefinierten Drei-Seiten-Verschlussbeutel Gro\u00dfhandel f\u00fcr Gew\u00fcrzpulver und feine k\u00f6rnige Produkte entwickelt. Als erfahrener Hersteller von Gew\u00fcrzpulververpackungen bieten wir OEM-Dreiseitensiegelbeutel mit Hochbarrierelaminaten, stabiler Versiegelung und anpassbarem Druck, um Ihre Marken- und Produktionsanforderungen zu erf\u00fcllen.<\/p>\n<h2>Parameter des kundenspezifischen Drei-Seiten-Siegelbeutels<\/h2>\n<ul>\n<li><strong>Material:<\/strong>\u00a0PET\/PE, PET\/NY\/PE, PET\/AL\/NY\/PE, usw.<\/li>\n<li><strong>Tasche Typ<\/strong>: <a href=\"https:\/\/www.zkprintpack.com\/de\/custom-three-side-seal-pouch\/\"><strong>Dreiseiten-Siegelbeutel<\/strong><\/a><\/li>\n<li><strong>Gr\u00f6\u00dfe<\/strong>: Benutzerdefiniert<\/li>\n<li><strong>Individuelle Bestellung<\/strong>: Akzeptieren Sie OEM &amp; ODM<\/li>\n<li><strong>Kostenlose Probe<\/strong>: Unterst\u00fctzung<\/li>\n<li><strong>Verwendung<\/strong>: Kaffeepulver, Puderzucker, Gew\u00fcrze, Trockenhefe, Milchpulver, Waschmittel, Tierfutter und andere pulverf\u00f6rmige oder k\u00f6rnige Produkte<\/li>\n<li><strong>Handhabung der Oberfl\u00e4che<\/strong>: Tiefdruck<\/li>\n<li><strong>Farbe<\/strong>: Kann angepasst werden<\/li>\n<li><strong>Zielm\u00e4rkte<\/strong>: \u00dcberall auf der Welt<\/li>\n<\/ul>","protected":false},"featured_media":2301,"comment_status":"closed","ping_status":"closed","template":"","meta":{"_acf_changed":false},"market":[62],"product_brand":[],"product_cat":[53],"product_tag":[],"class_list":{"0":"post-2296","1":"product","2":"type-product","3":"status-publish","4":"has-post-thumbnail","6":"market-powder-packaging-supplier","7":"product_cat-three-side-seal-pouch-wholesale","9":"first","10":"instock","11":"shipping-taxable","12":"product-type-simple"},"acf":[],"_links":{"self":[{"href":"https:\/\/www.zkprintpack.com\/de\/wp-json\/wp\/v2\/product\/2296","targetHints":{"allow":["GET"]}}],"collection":[{"href":"https:\/\/www.zkprintpack.com\/de\/wp-json\/wp\/v2\/product"}],"about":[{"href":"https:\/\/www.zkprintpack.com\/de\/wp-json\/wp\/v2\/types\/product"}],"replies":[{"embeddable":true,"href":"https:\/\/www.zkprintpack.com\/de\/wp-json\/wp\/v2\/comments?post=2296"}],"wp:featuredmedia":[{"embeddable":true,"href":"https:\/\/www.zkprintpack.com\/de\/wp-json\/wp\/v2\/media\/2301"}],"wp:attachment":[{"href":"https:\/\/www.zkprintpack.com\/de\/wp-json\/wp\/v2\/media?parent=2296"}],"wp:term":[{"taxonomy":"market","embeddable":true,"href":"https:\/\/www.zkprintpack.com\/de\/wp-json\/wp\/v2\/market?post=2296"},{"taxonomy":"product_brand","embeddable":true,"href":"https:\/\/www.zkprintpack.com\/de\/wp-json\/wp\/v2\/product_brand?post=2296"},{"taxonomy":"product_cat","embeddable":true,"href":"https:\/\/www.zkprintpack.com\/de\/wp-json\/wp\/v2\/product_cat?post=2296"},{"taxonomy":"product_tag","embeddable":true,"href":"https:\/\/www.zkprintpack.com\/de\/wp-json\/wp\/v2\/product_tag?post=2296"}],"curies":[{"name":"wp","href":"https:\/\/api.w.org\/{rel}","templated":true}]}}