{"id":2289,"date":"2025-11-19T09:17:17","date_gmt":"2025-11-19T09:17:17","guid":{"rendered":"https:\/\/www.zkprintpack.com\/?post_type=product&#038;p=2289"},"modified":"2025-11-19T09:17:20","modified_gmt":"2025-11-19T09:17:20","slug":"custom-printed-spout-pouches-wholesale","status":"publish","type":"product","link":"https:\/\/www.zkprintpack.com\/de\/product\/custom-printed-spout-pouches-wholesale\/","title":{"rendered":"Benutzerdefinierte gedruckt Spout Beutel Gro\u00dfhandel, OEM Farbe Verpackung Taschen Hersteller"},"content":{"rendered":"<div class=\"wp-block-columns is-layout-flex wp-container-core-columns-is-layout-9d6595d7 wp-block-columns-is-layout-flex\">\n<div class=\"wp-block-column is-layout-flow wp-block-column-is-layout-flow\">\n<h2 class=\"wp-block-heading\">Individuell bedruckte Ausgie\u00dfertaschen Merkmale:<\/h2>\n\n\n\n<ul class=\"wp-block-list\">\n<li><strong>Hochfeste Struktur f\u00fcr fl\u00fcssige Produkte<\/strong>: Speziell f\u00fcr Farben und Lacke entwickelt, bieten unsere individuell bedruckten Ausgie\u00dferbeutel eine starke Versiegelung, auslaufsichere Leistung und ausgezeichnete Haltbarkeit f\u00fcr Transport und Lagerung.<\/li>\n\n\n\n<li><strong>OEM-Druck und Branding<\/strong>: Als professioneller Hersteller von Farbverpackungsbeuteln bieten wir einen vollfl\u00e4chigen, individuellen Druck an, um die Sichtbarkeit des Produkts zu verbessern und die Markendifferenzierung zu unterst\u00fctzen.<\/li>\n\n\n\n<li><strong>Bequemer Ausgie\u00dfer f\u00fcr einfaches Ausgie\u00dfen<\/strong>: Der verst\u00e4rkte Ausgie\u00dfer erm\u00f6glicht ein sauberes und kontrolliertes Ausgie\u00dfen und ist damit ideal f\u00fcr OEM-Ausgie\u00dfer f\u00fcr Farben und industrielle Fl\u00fcssigkeiten.<\/li>\n\n\n\n<li><strong>Leichte und kosteneffiziente Alternative zu Dosen<\/strong>: Im Vergleich zu herk\u00f6mmlichen Metalldosen reduzieren Ausgie\u00dferbeutel das Versandgewicht, sparen Lagerplatz und senken die Verpackungskosten.<\/li>\n\n\n\n<li><strong>Mehrschichtiger Barriereschutz<\/strong>: Hochbarrierelaminierte Materialien sch\u00fctzen die Farbe vor Feuchtigkeit, Sauerstoff und Verunreinigungen und sorgen f\u00fcr eine lange Produktstabilit\u00e4t.<\/li>\n<\/ul>\n<\/div>\n\n\n\n<div class=\"wp-block-column is-layout-flow wp-block-column-is-layout-flow\">\n<figure class=\"wp-block-image size-full\"><img decoding=\"async\" width=\"800\" height=\"800\" src=\"https:\/\/www.zkprintpack.com\/wp-content\/uploads\/2025\/11\/Custom-Printed-Spout-Pouches-Wholesale-Manufacturer.webp\" alt=\"Individuell bedruckte Ausgusstaschen Gro\u00dfhandel Hersteller\" class=\"wp-image-2293\" srcset=\"https:\/\/www.zkprintpack.com\/wp-content\/uploads\/2025\/11\/Custom-Printed-Spout-Pouches-Wholesale-Manufacturer.webp 800w, https:\/\/www.zkprintpack.com\/wp-content\/uploads\/2025\/11\/Custom-Printed-Spout-Pouches-Wholesale-Manufacturer-150x150.webp 150w, https:\/\/www.zkprintpack.com\/wp-content\/uploads\/2025\/11\/Custom-Printed-Spout-Pouches-Wholesale-Manufacturer-768x768.webp 768w, https:\/\/www.zkprintpack.com\/wp-content\/uploads\/2025\/11\/Custom-Printed-Spout-Pouches-Wholesale-Manufacturer-12x12.webp 12w, https:\/\/www.zkprintpack.com\/wp-content\/uploads\/2025\/11\/Custom-Printed-Spout-Pouches-Wholesale-Manufacturer-600x600.webp 600w, https:\/\/www.zkprintpack.com\/wp-content\/uploads\/2025\/11\/Custom-Printed-Spout-Pouches-Wholesale-Manufacturer-300x300.webp 300w, https:\/\/www.zkprintpack.com\/wp-content\/uploads\/2025\/11\/Custom-Printed-Spout-Pouches-Wholesale-Manufacturer-100x100.webp 100w\" sizes=\"(max-width: 800px) 100vw, 800px\" \/><\/figure>\n<\/div>\n<\/div>\n\n\n\n<div class=\"wp-block-columns is-layout-flex wp-container-core-columns-is-layout-9d6595d7 wp-block-columns-is-layout-flex\">\n<div class=\"wp-block-column is-layout-flow wp-block-column-is-layout-flow\">\n<figure class=\"wp-block-image size-full\"><img decoding=\"async\" width=\"800\" height=\"800\" src=\"https:\/\/www.zkprintpack.com\/wp-content\/uploads\/2025\/11\/Custom-Printed-Spout-Pouches-with-Handles.webp\" alt=\"Individuell bedruckte Ausgie\u00dfertaschen mit Griffen\" class=\"wp-image-2294\" srcset=\"https:\/\/www.zkprintpack.com\/wp-content\/uploads\/2025\/11\/Custom-Printed-Spout-Pouches-with-Handles.webp 800w, https:\/\/www.zkprintpack.com\/wp-content\/uploads\/2025\/11\/Custom-Printed-Spout-Pouches-with-Handles-150x150.webp 150w, https:\/\/www.zkprintpack.com\/wp-content\/uploads\/2025\/11\/Custom-Printed-Spout-Pouches-with-Handles-768x768.webp 768w, https:\/\/www.zkprintpack.com\/wp-content\/uploads\/2025\/11\/Custom-Printed-Spout-Pouches-with-Handles-12x12.webp 12w, https:\/\/www.zkprintpack.com\/wp-content\/uploads\/2025\/11\/Custom-Printed-Spout-Pouches-with-Handles-600x600.webp 600w, https:\/\/www.zkprintpack.com\/wp-content\/uploads\/2025\/11\/Custom-Printed-Spout-Pouches-with-Handles-300x300.webp 300w, https:\/\/www.zkprintpack.com\/wp-content\/uploads\/2025\/11\/Custom-Printed-Spout-Pouches-with-Handles-100x100.webp 100w\" sizes=\"(max-width: 800px) 100vw, 800px\" \/><\/figure>\n<\/div>\n\n\n\n<div class=\"wp-block-column is-layout-flow wp-block-column-is-layout-flow\">\n<figure class=\"wp-block-image size-full\"><img decoding=\"async\" width=\"800\" height=\"800\" src=\"https:\/\/www.zkprintpack.com\/wp-content\/uploads\/2025\/11\/Custom-Printed-Spout-Pouches-Manufacturer-1.webp\" alt=\"Individuell bedruckte Ausgie\u00dfertaschen Hersteller (1)\" class=\"wp-image-2291\" srcset=\"https:\/\/www.zkprintpack.com\/wp-content\/uploads\/2025\/11\/Custom-Printed-Spout-Pouches-Manufacturer-1.webp 800w, https:\/\/www.zkprintpack.com\/wp-content\/uploads\/2025\/11\/Custom-Printed-Spout-Pouches-Manufacturer-1-150x150.webp 150w, https:\/\/www.zkprintpack.com\/wp-content\/uploads\/2025\/11\/Custom-Printed-Spout-Pouches-Manufacturer-1-768x768.webp 768w, https:\/\/www.zkprintpack.com\/wp-content\/uploads\/2025\/11\/Custom-Printed-Spout-Pouches-Manufacturer-1-12x12.webp 12w, https:\/\/www.zkprintpack.com\/wp-content\/uploads\/2025\/11\/Custom-Printed-Spout-Pouches-Manufacturer-1-600x600.webp 600w, https:\/\/www.zkprintpack.com\/wp-content\/uploads\/2025\/11\/Custom-Printed-Spout-Pouches-Manufacturer-1-300x300.webp 300w, https:\/\/www.zkprintpack.com\/wp-content\/uploads\/2025\/11\/Custom-Printed-Spout-Pouches-Manufacturer-1-100x100.webp 100w\" sizes=\"(max-width: 800px) 100vw, 800px\" \/><\/figure>\n<\/div>\n<\/div>","protected":false},"excerpt":{"rendered":"<p>Willkommen beim Kauf unserer individuell bedruckten Ausgie\u00dferbeutel f\u00fcr Farben und industrielle Fl\u00fcssigkeitsverpackungen. Als zuverl\u00e4ssiger Hersteller von Verpackungsbeuteln f\u00fcr Farben bieten wir OEM-Beutel f\u00fcr Farben mit starker Versiegelung, hohem Barriereschutz und professionellem, kundenspezifischem Druck, um Ihre Marke zu unterst\u00fctzen und die Verpackungskosten zu senken.<\/p>\n<h2>Parameter von individuell bedruckten Ausgie\u00dferbeuteln<\/h2>\n<ul>\n<li><strong>Material:<\/strong>\u00a0PET\/PE, PET\/NY\/PE, PET\/AL\/NY\/PE, usw.<\/li>\n<li><strong>Tasche Typ<\/strong>: <a href=\"https:\/\/www.zkprintpack.com\/de\/custom-stand-up-pouch\/\"><strong>Stand Up Pouch<\/strong><\/a>, <strong><a href=\"https:\/\/www.zkprintpack.com\/de\/custom-spout-pouch\/\">Ausgie\u00dferbeutel<\/a><\/strong><\/li>\n<li><strong>Gr\u00f6\u00dfe<\/strong>: Benutzerdefiniert<\/li>\n<li><strong>Individuelle Bestellung<\/strong>: Akzeptieren Sie OEM &amp; ODM<\/li>\n<li><strong>Kostenlose Probe<\/strong>: Unterst\u00fctzung<\/li>\n<li><strong>Verwendung<\/strong>Schmierstoffe, Autopflegemittel, Reinigungsmittel, Industriechemikalien, landwirtschaftliche Hilfsstoffe und andere fl\u00fcssige und halbfl\u00fcssige Produkte<\/li>\n<li><strong>Handhabung der Oberfl\u00e4che<\/strong>: Tiefdruck<\/li>\n<li><strong>Farbe<\/strong>: Kann angepasst werden<\/li>\n<li><strong>Zielm\u00e4rkte<\/strong>: \u00dcberall auf der Welt<\/li>\n<\/ul>","protected":false},"featured_media":2290,"comment_status":"closed","ping_status":"closed","template":"","meta":{"_acf_changed":false},"market":[],"product_brand":[],"product_cat":[50,56],"product_tag":[],"class_list":{"0":"post-2289","1":"product","2":"type-product","3":"status-publish","4":"has-post-thumbnail","6":"product_cat-stand-up-pouches-wholesale","7":"product_cat-custom-spout-pouches-supplier","9":"first","10":"instock","11":"shipping-taxable","12":"product-type-simple"},"acf":[],"_links":{"self":[{"href":"https:\/\/www.zkprintpack.com\/de\/wp-json\/wp\/v2\/product\/2289","targetHints":{"allow":["GET"]}}],"collection":[{"href":"https:\/\/www.zkprintpack.com\/de\/wp-json\/wp\/v2\/product"}],"about":[{"href":"https:\/\/www.zkprintpack.com\/de\/wp-json\/wp\/v2\/types\/product"}],"replies":[{"embeddable":true,"href":"https:\/\/www.zkprintpack.com\/de\/wp-json\/wp\/v2\/comments?post=2289"}],"wp:featuredmedia":[{"embeddable":true,"href":"https:\/\/www.zkprintpack.com\/de\/wp-json\/wp\/v2\/media\/2290"}],"wp:attachment":[{"href":"https:\/\/www.zkprintpack.com\/de\/wp-json\/wp\/v2\/media?parent=2289"}],"wp:term":[{"taxonomy":"market","embeddable":true,"href":"https:\/\/www.zkprintpack.com\/de\/wp-json\/wp\/v2\/market?post=2289"},{"taxonomy":"product_brand","embeddable":true,"href":"https:\/\/www.zkprintpack.com\/de\/wp-json\/wp\/v2\/product_brand?post=2289"},{"taxonomy":"product_cat","embeddable":true,"href":"https:\/\/www.zkprintpack.com\/de\/wp-json\/wp\/v2\/product_cat?post=2289"},{"taxonomy":"product_tag","embeddable":true,"href":"https:\/\/www.zkprintpack.com\/de\/wp-json\/wp\/v2\/product_tag?post=2289"}],"curies":[{"name":"wp","href":"https:\/\/api.w.org\/{rel}","templated":true}]}}