{"id":2037,"date":"2025-11-19T10:18:14","date_gmt":"2025-11-19T10:18:14","guid":{"rendered":"https:\/\/www.zkprintpack.com\/?post_type=product&#038;p=2037"},"modified":"2025-11-19T10:18:16","modified_gmt":"2025-11-19T10:18:16","slug":"custom-noodle-packaging-pouches-bulk","status":"publish","type":"product","link":"https:\/\/www.zkprintpack.com\/de\/product\/custom-noodle-packaging-pouches-bulk\/","title":{"rendered":"Benutzerdefinierte Nudel Verpackung Beutel Lieferant, Gro\u00dfhandel Lebensmittel Verpackung Taschen"},"content":{"rendered":"<div class=\"wp-block-columns is-layout-flex wp-container-core-columns-is-layout-9d6595d7 wp-block-columns-is-layout-flex\">\n<div class=\"wp-block-column is-layout-flow wp-block-column-is-layout-flow\">\n<h2 class=\"wp-block-heading\">Kundenspezifische Nudelverpackungsbeutel Merkmale:<\/h2>\n\n\n\n<ul class=\"wp-block-list\">\n<li><strong>Schutz durch hohe Barrieren:<\/strong> In unseren ma\u00dfgeschneiderten Nudelverpackungsbeuteln werden mehrschichtige Verbundmaterialien verwendet, um Feuchtigkeit, Sauerstoff und Ger\u00fcche wirksam zu isolieren. Dies gew\u00e4hrleistet, dass die Nudeln \u00fcber einen l\u00e4ngeren Zeitraum trocken und frisch bleiben. Wir k\u00f6nnen viele Kapazit\u00e4ten und Gr\u00f6\u00dfen f\u00fcr den Einzel-, Gro\u00df- und OEM-Bedarf anbieten und unterst\u00fctzen damit ma\u00dfgeschneiderte OEM-Nudelverpackungsl\u00f6sungen.<\/li>\n\n\n\n<li><strong>Langlebiges Design:<\/strong> Die robuste, dreiseitig versiegelte oder aufrecht stehende Beutelstruktur eignet sich f\u00fcr den Transport, das Stapeln und die Pr\u00e4sentation im Regal, was die Effizienz in Logistik und Lagerung erh\u00f6ht.<\/li>\n\n\n\n<li><strong>Einfach zu \u00f6ffnen und zu verwenden: <\/strong>Optionale Aufrei\u00df- oder Rei\u00dfverschlussverschl\u00fcsse erm\u00f6glichen dem Verbraucher einen einfachen Zugang, w\u00e4hrend die Produktintegrit\u00e4t im unge\u00f6ffneten Zustand erhalten bleibt.<\/li>\n\n\n\n<li><strong>Markendruck und Visual Merchandising:<\/strong> Vollfarbdruck mit matten oder gl\u00e4nzenden Laminierungseffekten wird unterst\u00fctzt. Entwurf und Druck von Markenlogos, Verpackungen und Druckvorlagen zur Steigerung der Attraktivit\u00e4t der Regale.<\/li>\n\n\n\n<li><strong>Umweltvertr\u00e4gliche Materialien verf\u00fcgbar: <\/strong>Wir bieten recycelbare oder biologisch abbaubare Materialien an, um unsere Kunden bei der Umsetzung von Strategien f\u00fcr umweltfreundliche Verpackungen zu unterst\u00fctzen, die sowohl den Umweltschutz als auch den Produktschutz ber\u00fccksichtigen.<\/li>\n\n\n\n<li><strong>Geeignet f\u00fcr verschiedene F\u00e4lle:<\/strong> Sie eignet sich f\u00fcr die Verpackung von Lebensmitteln wie Instantnudeln, Trockennudeln, Ramen usw. mit trockenem Pulver und hat ein breites Anwendungsspektrum, das auf W\u00fcrzpakete, verzehrfertige Lebensmittel und andere Szenarien ausgeweitet werden k\u00f6nnte.<\/li>\n<\/ul>\n<\/div>\n\n\n\n<div class=\"wp-block-column is-layout-flow wp-block-column-is-layout-flow\">\n<figure class=\"wp-block-image size-full\"><img decoding=\"async\" width=\"800\" height=\"800\" src=\"https:\/\/www.zkprintpack.com\/wp-content\/uploads\/2025\/11\/Custom-Noodle-Packaging-Pouches-Supplier.webp\" alt=\"Kundenspezifische Nudelverpackungsbeutel Lieferant\" class=\"wp-image-2303\" srcset=\"https:\/\/www.zkprintpack.com\/wp-content\/uploads\/2025\/11\/Custom-Noodle-Packaging-Pouches-Supplier.webp 800w, https:\/\/www.zkprintpack.com\/wp-content\/uploads\/2025\/11\/Custom-Noodle-Packaging-Pouches-Supplier-150x150.webp 150w, https:\/\/www.zkprintpack.com\/wp-content\/uploads\/2025\/11\/Custom-Noodle-Packaging-Pouches-Supplier-768x768.webp 768w, https:\/\/www.zkprintpack.com\/wp-content\/uploads\/2025\/11\/Custom-Noodle-Packaging-Pouches-Supplier-12x12.webp 12w, https:\/\/www.zkprintpack.com\/wp-content\/uploads\/2025\/11\/Custom-Noodle-Packaging-Pouches-Supplier-600x600.webp 600w, https:\/\/www.zkprintpack.com\/wp-content\/uploads\/2025\/11\/Custom-Noodle-Packaging-Pouches-Supplier-300x300.webp 300w, https:\/\/www.zkprintpack.com\/wp-content\/uploads\/2025\/11\/Custom-Noodle-Packaging-Pouches-Supplier-100x100.webp 100w\" sizes=\"(max-width: 800px) 100vw, 800px\" \/><\/figure>\n<\/div>\n<\/div>","protected":false},"excerpt":{"rendered":"<p>Willkommen beim Kauf unserer kundenspezifischen Nudelverpackungen, die sich perfekt f\u00fcr Ramen-Nudeln und andere Nudelsorten eignen. Als zuverl\u00e4ssiger Lieferant von <strong data-start=\"1533\" data-end=\"1564\">OEM-Verpackung f\u00fcr Ramen-Nudeln<\/strong>Wir bieten haltbare Beutel mit hoher Barrierewirkung, die die Frische bewahren und die Attraktivit\u00e4t im Regal erh\u00f6hen. Unsere Verpackungen sind in verschiedenen Gr\u00f6\u00dfen erh\u00e4ltlich und verf\u00fcgen \u00fcber einen lebendigen, individuellen Druck, der die Sichtbarkeit Ihrer Marke erh\u00f6ht. W\u00e4hlen Sie unsere Nudelverpackungsl\u00f6sungen f\u00fcr zuverl\u00e4ssigen Schutz und attraktive Pr\u00e4sentation Ihrer Produkte.<\/p>\n<h2>Parameter von kundenspezifischen Nudelverpackungsbeuteln<\/h2>\n<ul>\n<li><strong>Hersteller:<\/strong> <span style=\"color: #ff0000;\"><a style=\"color: #ff0000;\" href=\"https:\/\/www.zkprintpack.com\/de\/\"><strong>Zhongjia Verpackung<\/strong><\/a><\/span><\/li>\n<li><strong>Material:<\/strong>\u00a0PET\/PE, PET\/NY\/PE, PET\/AL\/NY\/PE, usw.<\/li>\n<li><strong>Tasche Typ<\/strong>:\u00a0<strong>Flachboden-Beutel<\/strong><\/li>\n<li><strong>Gr\u00f6\u00dfe<\/strong>: Benutzerdefiniert<\/li>\n<li><strong>Individuelle Bestellung<\/strong>: Akzeptieren Sie OEM &amp; ODM<\/li>\n<li><strong>Kostenlose Probe<\/strong>: Unterst\u00fctzung<\/li>\n<li><strong>Verwendung<\/strong>:\u00a0<\/li>\n<li><strong>Handhabung der Oberfl\u00e4che<\/strong>: Tiefdruck<\/li>\n<li><strong>Farbe<\/strong>: Kann bis zu 10 Farben drucken<\/li>\n<li><strong>Zielm\u00e4rkte<\/strong>: \u00dcberall auf der Welt<\/li>\n<\/ul>","protected":false},"featured_media":2303,"comment_status":"closed","ping_status":"closed","template":"","meta":{"_acf_changed":false},"market":[],"product_brand":[],"product_cat":[55],"product_tag":[],"class_list":{"0":"post-2037","1":"product","2":"type-product","3":"status-publish","4":"has-post-thumbnail","6":"product_cat-flat-bottom-pouches-wholesale","8":"first","9":"instock","10":"shipping-taxable","11":"product-type-simple"},"acf":[],"_links":{"self":[{"href":"https:\/\/www.zkprintpack.com\/de\/wp-json\/wp\/v2\/product\/2037","targetHints":{"allow":["GET"]}}],"collection":[{"href":"https:\/\/www.zkprintpack.com\/de\/wp-json\/wp\/v2\/product"}],"about":[{"href":"https:\/\/www.zkprintpack.com\/de\/wp-json\/wp\/v2\/types\/product"}],"replies":[{"embeddable":true,"href":"https:\/\/www.zkprintpack.com\/de\/wp-json\/wp\/v2\/comments?post=2037"}],"wp:featuredmedia":[{"embeddable":true,"href":"https:\/\/www.zkprintpack.com\/de\/wp-json\/wp\/v2\/media\/2303"}],"wp:attachment":[{"href":"https:\/\/www.zkprintpack.com\/de\/wp-json\/wp\/v2\/media?parent=2037"}],"wp:term":[{"taxonomy":"market","embeddable":true,"href":"https:\/\/www.zkprintpack.com\/de\/wp-json\/wp\/v2\/market?post=2037"},{"taxonomy":"product_brand","embeddable":true,"href":"https:\/\/www.zkprintpack.com\/de\/wp-json\/wp\/v2\/product_brand?post=2037"},{"taxonomy":"product_cat","embeddable":true,"href":"https:\/\/www.zkprintpack.com\/de\/wp-json\/wp\/v2\/product_cat?post=2037"},{"taxonomy":"product_tag","embeddable":true,"href":"https:\/\/www.zkprintpack.com\/de\/wp-json\/wp\/v2\/product_tag?post=2037"}],"curies":[{"name":"wp","href":"https:\/\/api.w.org\/{rel}","templated":true}]}}