{"id":2035,"date":"2025-09-25T09:32:03","date_gmt":"2025-09-25T09:32:03","guid":{"rendered":"https:\/\/www.zkprintpack.com\/?post_type=product&#038;p=2035"},"modified":"2025-09-25T09:32:05","modified_gmt":"2025-09-25T09:32:05","slug":"custom-ramen-noodles-packaging","status":"publish","type":"product","link":"https:\/\/www.zkprintpack.com\/de\/product\/custom-ramen-noodles-packaging\/","title":{"rendered":"Kundenspezifische Ramen-Nudel-Verpackungen, Lebensmittelverpackungen, Beutelhersteller"},"content":{"rendered":"<div class=\"wp-block-columns is-layout-flex wp-container-core-columns-is-layout-9d6595d7 wp-block-columns-is-layout-flex\">\n<div class=\"wp-block-column is-layout-flow wp-block-column-is-layout-flow\">\n<h2 class=\"wp-block-heading\">Individuelle Ramen-Nudel-Verpackung Merkmale:<\/h2>\n\n\n\n<p><strong>Vorteile der selbststehenden Taschen:<\/strong> Durch die Konstruktion der unteren Ecke kann der Verpackungsbeutel aufrecht im Regal stehen, was Platz spart und ihn stabil und sichtbar macht.<\/p>\n\n\n\n<p><strong>Leicht und tragbar:<\/strong> Dieser Beutel ist bequem zu handhaben und aufzubewahren, wiederverschlie\u00dfbar (optionaler Rei\u00dfverschluss) und kann nach dem \u00d6ffnen die Haltbarkeit verl\u00e4ngern.<\/p>\n\n\n\n<p><strong>Mehrschichtiges starkes Material:<\/strong> PET\/PE- oder OPP\/PE-Verbundverpackungen f\u00fcr Lebensmittel bieten eine hervorragende Sauerstoff- und Feuchtigkeitsbarriere, wodurch die Frische und Knusprigkeit der Nudeln erhalten bleibt.<\/p>\n\n\n\n<p><strong>Hochwertiger Druck: <\/strong>Gl\u00e4nzende Oberfl\u00e4chen eignen sich f\u00fcr den Druck von hochaufl\u00f6senden, farbenfrohen Grafiken und gut lesbaren Schriftarten, was die Attraktivit\u00e4t des Produkts erh\u00f6ht.<\/p>\n<\/div>\n\n\n\n<div class=\"wp-block-column is-layout-flow wp-block-column-is-layout-flow\">\n<figure class=\"wp-block-image size-full\"><img decoding=\"async\" width=\"800\" height=\"800\" src=\"https:\/\/www.zkprintpack.com\/wp-content\/uploads\/2025\/09\/wholesale-custom-food-packaging-pouch.webp\" alt=\"Gro\u00dfhandel benutzerdefinierte Lebensmittel Verpackung Beutel\" class=\"wp-image-2036\" srcset=\"https:\/\/www.zkprintpack.com\/wp-content\/uploads\/2025\/09\/wholesale-custom-food-packaging-pouch.webp 800w, https:\/\/www.zkprintpack.com\/wp-content\/uploads\/2025\/09\/wholesale-custom-food-packaging-pouch-150x150.webp 150w, https:\/\/www.zkprintpack.com\/wp-content\/uploads\/2025\/09\/wholesale-custom-food-packaging-pouch-768x768.webp 768w, https:\/\/www.zkprintpack.com\/wp-content\/uploads\/2025\/09\/wholesale-custom-food-packaging-pouch-12x12.webp 12w, https:\/\/www.zkprintpack.com\/wp-content\/uploads\/2025\/09\/wholesale-custom-food-packaging-pouch-600x600.webp 600w, https:\/\/www.zkprintpack.com\/wp-content\/uploads\/2025\/09\/wholesale-custom-food-packaging-pouch-300x300.webp 300w, https:\/\/www.zkprintpack.com\/wp-content\/uploads\/2025\/09\/wholesale-custom-food-packaging-pouch-100x100.webp 100w\" sizes=\"(max-width: 800px) 100vw, 800px\" \/><\/figure>\n<\/div>\n<\/div>\n\n\n\n<p><\/p>","protected":false},"excerpt":{"rendered":"<p>Unsere kundenspezifischen Ramen-Nudelverpackungen sind f\u00fcr Instant-Nudeln konzipiert. Mit lebendiger Optik, klarem Branding und zuverl\u00e4ssiger Versiegelung h\u00e4lt sie die Nudeln frisch, steigert den Appetit und erm\u00f6glicht ein einfaches Stapeln f\u00fcr die Lagerung und Auslage im Einzelhandel. Ideal f\u00fcr Lebensmittelmarken und -produkte. Willkommen zu einem Angebot. Erhalten Sie jetzt ein kostenloses Muster!<\/p>\n<h2>Benutzerdefinierte Ramen-Nudeln Verpackungsparameter:<\/h2>\n<ul>\n<li><strong>Material:<\/strong> PET\/PE, PET\/NY\/PE, usw.<\/li>\n<li><strong>Tasche Typ<\/strong>:<strong> Vierfachsiegel-Beutel<\/strong>, <a href=\"https:\/\/www.zkprintpack.com\/de\/custom-gusset-pouch-manufacturer\/\"><strong>G\u00e4stetasche<\/strong><\/a><\/li>\n<li><strong>Gr\u00f6\u00dfe<\/strong>: Benutzerdefiniert<\/li>\n<li><strong>Individuelle Bestellung<\/strong>: Akzeptieren Sie OEM &amp; ODM<\/li>\n<li><strong>Kostenlose Probe<\/strong>: Unterst\u00fctzung<\/li>\n<li><strong>Verwendung<\/strong>: Molkereiprodukte, Pulverprodukte, Snacks, etc.<\/li>\n<li><strong>Handhabung der Oberfl\u00e4che<\/strong>: Tiefdruck<\/li>\n<li><strong>Farbe<\/strong>: Kann angepasst werden<\/li>\n<li><strong>Zielm\u00e4rkte<\/strong>: \u00dcberall auf der Welt<\/li>\n<\/ul>","protected":false},"featured_media":2036,"comment_status":"closed","ping_status":"closed","template":"","meta":{"_acf_changed":false},"market":[],"product_brand":[],"product_cat":[54],"product_tag":[],"class_list":{"0":"post-2035","1":"product","2":"type-product","3":"status-publish","4":"has-post-thumbnail","6":"product_cat-quad-seal-pouch-supplier","8":"first","9":"instock","10":"shipping-taxable","11":"product-type-simple"},"acf":[],"_links":{"self":[{"href":"https:\/\/www.zkprintpack.com\/de\/wp-json\/wp\/v2\/product\/2035","targetHints":{"allow":["GET"]}}],"collection":[{"href":"https:\/\/www.zkprintpack.com\/de\/wp-json\/wp\/v2\/product"}],"about":[{"href":"https:\/\/www.zkprintpack.com\/de\/wp-json\/wp\/v2\/types\/product"}],"replies":[{"embeddable":true,"href":"https:\/\/www.zkprintpack.com\/de\/wp-json\/wp\/v2\/comments?post=2035"}],"wp:featuredmedia":[{"embeddable":true,"href":"https:\/\/www.zkprintpack.com\/de\/wp-json\/wp\/v2\/media\/2036"}],"wp:attachment":[{"href":"https:\/\/www.zkprintpack.com\/de\/wp-json\/wp\/v2\/media?parent=2035"}],"wp:term":[{"taxonomy":"market","embeddable":true,"href":"https:\/\/www.zkprintpack.com\/de\/wp-json\/wp\/v2\/market?post=2035"},{"taxonomy":"product_brand","embeddable":true,"href":"https:\/\/www.zkprintpack.com\/de\/wp-json\/wp\/v2\/product_brand?post=2035"},{"taxonomy":"product_cat","embeddable":true,"href":"https:\/\/www.zkprintpack.com\/de\/wp-json\/wp\/v2\/product_cat?post=2035"},{"taxonomy":"product_tag","embeddable":true,"href":"https:\/\/www.zkprintpack.com\/de\/wp-json\/wp\/v2\/product_tag?post=2035"}],"curies":[{"name":"wp","href":"https:\/\/api.w.org\/{rel}","templated":true}]}}