{"id":2032,"date":"2025-11-09T19:27:06","date_gmt":"2025-11-09T19:27:06","guid":{"rendered":"https:\/\/www.zkprintpack.com\/?post_type=product&#038;p=2032"},"modified":"2025-11-09T19:27:08","modified_gmt":"2025-11-09T19:27:08","slug":"stand-up-pouch-custom-packaging-noodle","status":"publish","type":"product","link":"https:\/\/www.zkprintpack.com\/de\/product\/stand-up-pouch-custom-packaging-noodle\/","title":{"rendered":"Standbodenbeutel f\u00fcr nicht gebrannte Instant-Nudeln - frisch und regalfertig"},"content":{"rendered":"<div class=\"wp-block-columns is-layout-flex wp-container-core-columns-is-layout-9d6595d7 wp-block-columns-is-layout-flex\">\n<div class=\"wp-block-column is-layout-flow wp-block-column-is-layout-flow\">\n<h2 class=\"wp-block-heading\">Eigenschaften der Stand Up Pouch Custom<\/h2>\n\n\n\n<p><strong>Sch\u00fctzende mehrschichtige Struktur:<\/strong> Der PET\/NY\/PE-Verbundbeutel hat eine ausgezeichnete Versiegelung, ist feuchtigkeitsbest\u00e4ndig und sch\u00fctzt vor Extrusion, wodurch der knusprige Geschmack der Nudeln erhalten bleibt und ihre Haltbarkeit verl\u00e4ngert wird.<\/p>\n\n\n\n<p><strong>Platzsparend und tragbar:<\/strong> Das leichte Verpackungsdesign spart Logistikkosten, ist einfach zu stapeln und zu lagern und eignet sich f\u00fcr den Hausgebrauch und die pers\u00f6nliche Aufbewahrung.<\/p>\n\n\n\n<p><strong>Gute Qualit\u00e4t der Druckoberfl\u00e4che:<\/strong> Glatte Substrate von Standbodenbeuteln k\u00f6nnen mit hochwertigen Bildern und mehrsprachigen Informationen (Englisch, Chinesisch, Franz\u00f6sisch) bedruckt werden, was die Professionalit\u00e4t der Marke auf dem globalen Markt erh\u00f6hen kann.<\/p>\n\n\n\n<p><strong>Umweltpotenzial:<\/strong> Sie ist leichter als Verpackungen mit Bechern oder Schalen und kann mit einer recycelbaren Folienstruktur hergestellt werden, was die Einhaltung moderner nachhaltiger Verpackungstrends f\u00f6rdert.<\/p>\n<\/div>\n\n\n\n<div class=\"wp-block-column is-layout-flow wp-block-column-is-layout-flow\">\n<figure class=\"wp-block-image size-full\"><img decoding=\"async\" width=\"800\" height=\"800\" src=\"https:\/\/www.zkprintpack.com\/wp-content\/uploads\/2025\/09\/stand-up-pouch-custom-2.webp\" alt=\"Standbodenbeutel nach Ma\u00df (2)\" class=\"wp-image-2034\" srcset=\"https:\/\/www.zkprintpack.com\/wp-content\/uploads\/2025\/09\/stand-up-pouch-custom-2.webp 800w, https:\/\/www.zkprintpack.com\/wp-content\/uploads\/2025\/09\/stand-up-pouch-custom-2-150x150.webp 150w, https:\/\/www.zkprintpack.com\/wp-content\/uploads\/2025\/09\/stand-up-pouch-custom-2-768x768.webp 768w, https:\/\/www.zkprintpack.com\/wp-content\/uploads\/2025\/09\/stand-up-pouch-custom-2-12x12.webp 12w, https:\/\/www.zkprintpack.com\/wp-content\/uploads\/2025\/09\/stand-up-pouch-custom-2-600x600.webp 600w, https:\/\/www.zkprintpack.com\/wp-content\/uploads\/2025\/09\/stand-up-pouch-custom-2-300x300.webp 300w, https:\/\/www.zkprintpack.com\/wp-content\/uploads\/2025\/09\/stand-up-pouch-custom-2-100x100.webp 100w\" sizes=\"(max-width: 800px) 100vw, 800px\" \/><\/figure>\n<\/div>\n<\/div>","protected":false},"excerpt":{"rendered":"<p>Der haltbare und flexible Standbodenbeutel wurde speziell f\u00fcr Instant-Nudeln entwickelt. Mit lebendiger Optik, klarem Branding und zuverl\u00e4ssiger Versiegelung h\u00e4lt er die Nudeln frisch, steigert den Appetit und gew\u00e4hrleistet eine einfache Stapelung f\u00fcr die Lagerung und Auslage im Einzelhandel. Willkommen zu einem Angebot. Erhalten Sie jetzt ein kostenloses Muster!<\/p>\n<h2>Parameter von Stand Up Pouch Custom<\/h2>\n<ul>\n<li><strong>Material:<\/strong>\u00a0PET\/PE, PET\/NY\/PE, PET\/AL\/NY\/PE, usw.<\/li>\n<li><strong>Tasche Typ<\/strong>: Stehtragetasche<\/li>\n<li><strong>Gr\u00f6\u00dfe<\/strong>: 720g\/Zoll<\/li>\n<li><strong>Individuelle Bestellung<\/strong>: Akzeptieren Sie OEM &amp; ODM<\/li>\n<li><strong>Kostenlose Probe<\/strong>: Unterst\u00fctzung<\/li>\n<li><strong>Verwendung<\/strong>: Molkereiprodukte, Pulverprodukte, Snacks, etc.<\/li>\n<li><strong>Handhabung der Oberfl\u00e4che<\/strong>: Tiefdruck<\/li>\n<li><strong>Farbe<\/strong>: Kann angepasst werden<\/li>\n<li><strong>Zielm\u00e4rkte<\/strong>: \u00dcberall auf der Welt<\/li>\n<\/ul>","protected":false},"featured_media":2034,"comment_status":"closed","ping_status":"closed","template":"","meta":{"_acf_changed":false},"market":[],"product_brand":[],"product_cat":[50],"product_tag":[],"class_list":{"0":"post-2032","1":"product","2":"type-product","3":"status-publish","4":"has-post-thumbnail","6":"product_cat-stand-up-pouches-wholesale","8":"first","9":"instock","10":"shipping-taxable","11":"product-type-simple"},"acf":[],"_links":{"self":[{"href":"https:\/\/www.zkprintpack.com\/de\/wp-json\/wp\/v2\/product\/2032","targetHints":{"allow":["GET"]}}],"collection":[{"href":"https:\/\/www.zkprintpack.com\/de\/wp-json\/wp\/v2\/product"}],"about":[{"href":"https:\/\/www.zkprintpack.com\/de\/wp-json\/wp\/v2\/types\/product"}],"replies":[{"embeddable":true,"href":"https:\/\/www.zkprintpack.com\/de\/wp-json\/wp\/v2\/comments?post=2032"}],"wp:featuredmedia":[{"embeddable":true,"href":"https:\/\/www.zkprintpack.com\/de\/wp-json\/wp\/v2\/media\/2034"}],"wp:attachment":[{"href":"https:\/\/www.zkprintpack.com\/de\/wp-json\/wp\/v2\/media?parent=2032"}],"wp:term":[{"taxonomy":"market","embeddable":true,"href":"https:\/\/www.zkprintpack.com\/de\/wp-json\/wp\/v2\/market?post=2032"},{"taxonomy":"product_brand","embeddable":true,"href":"https:\/\/www.zkprintpack.com\/de\/wp-json\/wp\/v2\/product_brand?post=2032"},{"taxonomy":"product_cat","embeddable":true,"href":"https:\/\/www.zkprintpack.com\/de\/wp-json\/wp\/v2\/product_cat?post=2032"},{"taxonomy":"product_tag","embeddable":true,"href":"https:\/\/www.zkprintpack.com\/de\/wp-json\/wp\/v2\/product_tag?post=2032"}],"curies":[{"name":"wp","href":"https:\/\/api.w.org\/{rel}","templated":true}]}}