{"id":2026,"date":"2025-09-30T01:13:51","date_gmt":"2025-09-30T01:13:51","guid":{"rendered":"https:\/\/www.zkprintpack.com\/?post_type=product&#038;p=2026"},"modified":"2025-09-30T01:13:55","modified_gmt":"2025-09-30T01:13:55","slug":"custom-instant-noodles-film-packaging","status":"publish","type":"product","link":"https:\/\/www.zkprintpack.com\/de\/product\/custom-instant-noodles-film-packaging\/","title":{"rendered":"Kundenspezifische Instant-Nudel-Folienverpackungsfabrik - Frische und Komfort"},"content":{"rendered":"<div class=\"wp-block-columns is-layout-flex wp-container-core-columns-is-layout-9d6595d7 wp-block-columns-is-layout-flex\">\n<div class=\"wp-block-column is-layout-flow wp-block-column-is-layout-flow\">\n<h2 class=\"wp-block-heading\">Merkmale der kundenspezifischen Instant-Nudel-Folienverpackung<\/h2>\n\n\n\n<p><strong>Flexibel und gut gesch\u00fctzt:<\/strong> Die PE\/PP-Verbundfolienverpackung umschlie\u00dft den Oberfl\u00e4chenblock fest, um Besch\u00e4digungen w\u00e4hrend des Transports und der Lagerung zu vermeiden und gleichzeitig die Produktintegrit\u00e4t zu erhalten.<\/p>\n\n\n\n<p><strong>Hochwertige Druckoberfl\u00e4che:<\/strong> Die glatte Folie unterst\u00fctzt den klaren und detaillierten Druck von Markenlogos, visuellen Produkteffekten und Zutatenlisten und f\u00f6rdert so die Professionalit\u00e4t der Marke.<\/p>\n\n\n\n<p><strong>Mehrere Gr\u00f6\u00dfen f\u00fcr unterschiedliche Bed\u00fcrfnisse:<\/strong> Die 50-g-Packung eignet sich f\u00fcr den Einzel- oder Mitnahmeverzehr, die 85-g-Packung f\u00fcr den gemeinsamen Verzehr in der Familie oder als Fastfood.<\/p>\n\n\n\n<p><strong>Globale Anwendbarkeit auf dem Markt:<\/strong> Unsere kundenspezifischen Folienverpackungen sind mehrsprachig (Englisch, Chinesisch und Franz\u00f6sisch) und k\u00f6nnen an verschiedene M\u00e4rkte in Asien, Europa und anderen Regionen angepasst werden.<\/p>\n<\/div>\n\n\n\n<div class=\"wp-block-column is-layout-flow wp-block-column-is-layout-flow\">\n<figure class=\"wp-block-image size-full\"><img decoding=\"async\" width=\"800\" height=\"800\" src=\"https:\/\/www.zkprintpack.com\/wp-content\/uploads\/2025\/09\/Custom-Instant-Noodles-Film-Packaging-2.webp\" alt=\"Kundenspezifische Folienverpackungen f\u00fcr Instant-Nudeln (2)\" class=\"wp-image-2029\" srcset=\"https:\/\/www.zkprintpack.com\/wp-content\/uploads\/2025\/09\/Custom-Instant-Noodles-Film-Packaging-2.webp 800w, https:\/\/www.zkprintpack.com\/wp-content\/uploads\/2025\/09\/Custom-Instant-Noodles-Film-Packaging-2-150x150.webp 150w, https:\/\/www.zkprintpack.com\/wp-content\/uploads\/2025\/09\/Custom-Instant-Noodles-Film-Packaging-2-768x768.webp 768w, https:\/\/www.zkprintpack.com\/wp-content\/uploads\/2025\/09\/Custom-Instant-Noodles-Film-Packaging-2-12x12.webp 12w, https:\/\/www.zkprintpack.com\/wp-content\/uploads\/2025\/09\/Custom-Instant-Noodles-Film-Packaging-2-600x600.webp 600w, https:\/\/www.zkprintpack.com\/wp-content\/uploads\/2025\/09\/Custom-Instant-Noodles-Film-Packaging-2-300x300.webp 300w, https:\/\/www.zkprintpack.com\/wp-content\/uploads\/2025\/09\/Custom-Instant-Noodles-Film-Packaging-2-100x100.webp 100w\" sizes=\"(max-width: 800px) 100vw, 800px\" \/><\/figure>\n<\/div>\n<\/div>\n\n\n\n<p><\/p>","protected":false},"excerpt":{"rendered":"<p>Strapazierf\u00e4hige und flexible Folienverpackung f\u00fcr Instant-Nudeln. Mit lebendiger Optik, klarem Branding und zuverl\u00e4ssiger Versiegelung h\u00e4lt sie die Nudeln frisch, steigert den Appetit und gew\u00e4hrleistet eine einfache Stapelung f\u00fcr die Lagerung und Pr\u00e4sentation im Einzelhandel. Wir freuen uns auf Ihr Angebot. Erhalten Sie jetzt ein kostenloses Muster!<\/p>\n<h2>Instant-Nudeln Folienverpackung Parameter:<\/h2>\n<ul>\n<li><strong>Material:<\/strong>\u00a0PET\/PE, PET\/NY\/PE, PET\/AL\/NY\/PE, usw.<\/li>\n<li><strong>Tasche Typ<\/strong>: Rollenmaterial<\/li>\n<li><strong>Gr\u00f6\u00dfe<\/strong>: 85g\/Zoll<\/li>\n<li><strong>Individuelle Bestellung<\/strong>: Akzeptieren Sie OEM &amp; ODM<\/li>\n<li><strong>Kostenlose Probe<\/strong>: Unterst\u00fctzung<\/li>\n<li><strong>Verwendung<\/strong>: Molkereiprodukte, Pulverprodukte, Snacks, etc.<\/li>\n<li><strong>Handhabung der Oberfl\u00e4che<\/strong>: Tiefdruck<\/li>\n<li><strong>Farbe<\/strong>: Kann angepasst werden<\/li>\n<li><strong>Zielm\u00e4rkte<\/strong>: \u00dcberall auf der Welt<\/li>\n<\/ul>","protected":false},"featured_media":2028,"comment_status":"closed","ping_status":"closed","template":"","meta":{"_acf_changed":false},"market":[],"product_brand":[],"product_cat":[57],"product_tag":[],"class_list":{"0":"post-2026","1":"product","2":"type-product","3":"status-publish","4":"has-post-thumbnail","6":"product_cat-rollstock-film-supplier","8":"first","9":"instock","10":"shipping-taxable","11":"product-type-simple"},"acf":[],"_links":{"self":[{"href":"https:\/\/www.zkprintpack.com\/de\/wp-json\/wp\/v2\/product\/2026","targetHints":{"allow":["GET"]}}],"collection":[{"href":"https:\/\/www.zkprintpack.com\/de\/wp-json\/wp\/v2\/product"}],"about":[{"href":"https:\/\/www.zkprintpack.com\/de\/wp-json\/wp\/v2\/types\/product"}],"replies":[{"embeddable":true,"href":"https:\/\/www.zkprintpack.com\/de\/wp-json\/wp\/v2\/comments?post=2026"}],"wp:featuredmedia":[{"embeddable":true,"href":"https:\/\/www.zkprintpack.com\/de\/wp-json\/wp\/v2\/media\/2028"}],"wp:attachment":[{"href":"https:\/\/www.zkprintpack.com\/de\/wp-json\/wp\/v2\/media?parent=2026"}],"wp:term":[{"taxonomy":"market","embeddable":true,"href":"https:\/\/www.zkprintpack.com\/de\/wp-json\/wp\/v2\/market?post=2026"},{"taxonomy":"product_brand","embeddable":true,"href":"https:\/\/www.zkprintpack.com\/de\/wp-json\/wp\/v2\/product_brand?post=2026"},{"taxonomy":"product_cat","embeddable":true,"href":"https:\/\/www.zkprintpack.com\/de\/wp-json\/wp\/v2\/product_cat?post=2026"},{"taxonomy":"product_tag","embeddable":true,"href":"https:\/\/www.zkprintpack.com\/de\/wp-json\/wp\/v2\/product_tag?post=2026"}],"curies":[{"name":"wp","href":"https:\/\/api.w.org\/{rel}","templated":true}]}}