{"id":2023,"date":"2025-09-30T03:09:36","date_gmt":"2025-09-30T03:09:36","guid":{"rendered":"https:\/\/www.zkprintpack.com\/?post_type=product&#038;p=2023"},"modified":"2025-09-30T03:12:19","modified_gmt":"2025-09-30T03:12:19","slug":"custom-printed-rollstock-for-candy","status":"publish","type":"product","link":"https:\/\/www.zkprintpack.com\/de\/product\/custom-printed-rollstock-for-candy\/","title":{"rendered":"Kundenspezifisch bedruckte Rollenware f\u00fcr S\u00fc\u00dfigkeiten, Gummibonbon-Verpackungsfolienlieferant Fabrik"},"content":{"rendered":"<div class=\"wp-block-columns is-layout-flex wp-container-core-columns-is-layout-9d6595d7 wp-block-columns-is-layout-flex\">\n<div class=\"wp-block-column is-layout-flow wp-block-column-is-layout-flow\">\n<h2 class=\"wp-block-heading\">Individuell bedruckte Rollenware f\u00fcr S\u00fc\u00dfigkeiten Merkmale:<\/h2>\n\n\n\n<p><strong>Starker Dichtungsschutz:<\/strong> Unsere individuell bedruckten Rollenware f\u00fcr S\u00fc\u00dfigkeiten verwendet eine Hei\u00dfsiegelstruktur, die Luft und Feuchtigkeit abh\u00e4lt, so dass die Gummibonbons z\u00e4h, s\u00fc\u00df und lecker bleiben und eine lange Haltbarkeit haben.<\/p>\n\n\n\n<p><strong>Tragbar und praktisch:<\/strong> Die leichte Roll-up-Verpackung, die in zwei Gr\u00f6\u00dfen (100 g und 150 g) erh\u00e4ltlich ist, l\u00e4sst sich leicht in einer Tasche oder einem Beutel verstauen und kann so in der Schule, im B\u00fcro oder auf Reisen jederzeit genossen werden.<\/p>\n\n\n\n<p><strong>Globale Anwendbarkeit auf dem Markt:<\/strong> Mehrsprachiger Druck und universelles Design, geeignet f\u00fcr internationale Einzelhandelsregale.<\/p>\n\n\n\n<p><strong>Flexibel und platzsparend:<\/strong> Das ma\u00dfgeschneiderte Rollenmaterial umh\u00fcllt die Gummib\u00e4rchen fest, um Verformungen w\u00e4hrend der Lagerung und des Transports zu verhindern und gleichzeitig die Logistikkosten zu senken.<\/p>\n<\/div>\n\n\n\n<div class=\"wp-block-column is-layout-flow wp-block-column-is-layout-flow\">\n<figure class=\"wp-block-image size-full\"><img decoding=\"async\" width=\"800\" height=\"800\" src=\"https:\/\/www.zkprintpack.com\/wp-content\/uploads\/2025\/09\/custom-rollstock-packaging-for-filled-candy-1.webp\" alt=\"Kundenspezifische Rollstock-Verpackungen f\u00fcr gef\u00fcllte S\u00fc\u00dfigkeiten (1)\" class=\"wp-image-2024\" srcset=\"https:\/\/www.zkprintpack.com\/wp-content\/uploads\/2025\/09\/custom-rollstock-packaging-for-filled-candy-1.webp 800w, https:\/\/www.zkprintpack.com\/wp-content\/uploads\/2025\/09\/custom-rollstock-packaging-for-filled-candy-1-150x150.webp 150w, https:\/\/www.zkprintpack.com\/wp-content\/uploads\/2025\/09\/custom-rollstock-packaging-for-filled-candy-1-768x768.webp 768w, https:\/\/www.zkprintpack.com\/wp-content\/uploads\/2025\/09\/custom-rollstock-packaging-for-filled-candy-1-12x12.webp 12w, https:\/\/www.zkprintpack.com\/wp-content\/uploads\/2025\/09\/custom-rollstock-packaging-for-filled-candy-1-600x600.webp 600w, https:\/\/www.zkprintpack.com\/wp-content\/uploads\/2025\/09\/custom-rollstock-packaging-for-filled-candy-1-300x300.webp 300w, https:\/\/www.zkprintpack.com\/wp-content\/uploads\/2025\/09\/custom-rollstock-packaging-for-filled-candy-1-100x100.webp 100w\" sizes=\"(max-width: 800px) 100vw, 800px\" \/><\/figure>\n<\/div>\n<\/div>","protected":false},"excerpt":{"rendered":"<p>Die weich gef\u00fcllten Bonbons eignen sich f\u00fcr unsere kundenspezifischen Rollstock-Verpackungen, die frisch bleiben, leicht zu lagern sind und ein stilvolles Aussehen haben. Die individuell bedruckte Rollenware f\u00fcr S\u00fc\u00dfigkeiten hat ein modernes, praktisches Design und ist damit die ideale Wahl f\u00fcr S\u00fc\u00dfwarenmarken und -produkte. Willkommen zu einem Angebot. Erhalten Sie jetzt ein kostenloses Muster!<\/p>\n<h2>Parameter f\u00fcr individuell bedruckte Rollenware f\u00fcr S\u00fc\u00dfigkeiten<\/h2>\n<ul>\n<li><strong>Material:<\/strong>\u00a0PET\/PE, PET\/NY\/PE, PET\/AL\/NY\/PE, usw.<\/li>\n<li><strong>Tasche Typ<\/strong>: Rollenmaterial<\/li>\n<li><strong>Gr\u00f6\u00dfe<\/strong>: 100g\/Zoll<\/li>\n<li><strong>Individuelle Bestellung<\/strong>: Akzeptieren Sie OEM &amp; ODM<\/li>\n<li><strong>Kostenlose Probe<\/strong>: Unterst\u00fctzung<\/li>\n<li><strong>Verwendung<\/strong>: Molkereiprodukte, Pulverprodukte, Snacks, etc.<\/li>\n<li><strong>Handhabung der Oberfl\u00e4che<\/strong>: Tiefdruck<\/li>\n<li><strong>Farbe<\/strong>: Kann angepasst werden<\/li>\n<li><strong>Zielm\u00e4rkte<\/strong>: \u00dcberall auf der Welt<\/li>\n<\/ul>","protected":false},"featured_media":2107,"comment_status":"closed","ping_status":"closed","template":"","meta":{"_acf_changed":false},"market":[60],"product_brand":[],"product_cat":[57],"product_tag":[],"class_list":{"0":"post-2023","1":"product","2":"type-product","3":"status-publish","4":"has-post-thumbnail","6":"market-confectionery-packaging-supplier","7":"product_cat-rollstock-film-supplier","9":"first","10":"instock","11":"shipping-taxable","12":"product-type-simple"},"acf":[],"_links":{"self":[{"href":"https:\/\/www.zkprintpack.com\/de\/wp-json\/wp\/v2\/product\/2023","targetHints":{"allow":["GET"]}}],"collection":[{"href":"https:\/\/www.zkprintpack.com\/de\/wp-json\/wp\/v2\/product"}],"about":[{"href":"https:\/\/www.zkprintpack.com\/de\/wp-json\/wp\/v2\/types\/product"}],"replies":[{"embeddable":true,"href":"https:\/\/www.zkprintpack.com\/de\/wp-json\/wp\/v2\/comments?post=2023"}],"wp:featuredmedia":[{"embeddable":true,"href":"https:\/\/www.zkprintpack.com\/de\/wp-json\/wp\/v2\/media\/2107"}],"wp:attachment":[{"href":"https:\/\/www.zkprintpack.com\/de\/wp-json\/wp\/v2\/media?parent=2023"}],"wp:term":[{"taxonomy":"market","embeddable":true,"href":"https:\/\/www.zkprintpack.com\/de\/wp-json\/wp\/v2\/market?post=2023"},{"taxonomy":"product_brand","embeddable":true,"href":"https:\/\/www.zkprintpack.com\/de\/wp-json\/wp\/v2\/product_brand?post=2023"},{"taxonomy":"product_cat","embeddable":true,"href":"https:\/\/www.zkprintpack.com\/de\/wp-json\/wp\/v2\/product_cat?post=2023"},{"taxonomy":"product_tag","embeddable":true,"href":"https:\/\/www.zkprintpack.com\/de\/wp-json\/wp\/v2\/product_tag?post=2023"}],"curies":[{"name":"wp","href":"https:\/\/api.w.org\/{rel}","templated":true}]}}