{"id":2020,"date":"2025-09-30T03:17:10","date_gmt":"2025-09-30T03:17:10","guid":{"rendered":"https:\/\/www.zkprintpack.com\/?post_type=product&#038;p=2020"},"modified":"2025-09-30T03:25:49","modified_gmt":"2025-09-30T03:25:49","slug":"custom-lay-flat-pouches-marshmallow","status":"publish","type":"product","link":"https:\/\/www.zkprintpack.com\/de\/product\/custom-lay-flat-pouches-marshmallow\/","title":{"rendered":"Individuelle Flachbeutel f\u00fcr Marshmallow-Verpackungen - Komfort und Frische"},"content":{"rendered":"<div class=\"wp-block-columns is-layout-flex wp-container-core-columns-is-layout-9d6595d7 wp-block-columns-is-layout-flex\">\n<div class=\"wp-block-column is-layout-flow wp-block-column-is-layout-flow\">\n<h2 class=\"wp-block-heading\">Kundenspezifische Flachbeutel f\u00fcr Marshmallows Merkmale: <\/h2>\n\n\n\n<ul class=\"wp-block-list\">\n<li><strong>K\u00fchnes Design:<\/strong> Diese individuell gestalteten Flachbeutel mit orangefarbenen und wei\u00dfen Streifen werden mit bunten Marshmallows und Fruchtmustern kombiniert, was einen starken visuellen Eindruck in den Regalen erzeugt und die Produktpers\u00f6nlichkeit sofort zur Geltung bringt.<\/li>\n\n\n\n<li><strong>Starke Versiegelung und Frischeerhaltung<\/strong>: Mehrschichtige Verbundmaterialien mit hitzeversiegelten R\u00e4ndern verhindern wirksam, dass die Zuckerwatte feucht wird und behalten ihre Weichheit und S\u00fc\u00dfe.<\/li>\n\n\n\n<li><strong>Bequeme Aufbewahrung im Regal:<\/strong> Das Design unserer ma\u00dfgeschneiderten Flachbeutel l\u00e4sst sich leicht im Lager stapeln und zu Hause ordentlich aufbewahren, steht aber auch fest im Verkaufsregal.<\/li>\n\n\n\n<li><strong>Tragbar und handlich:<\/strong> Die leichte 150-Gramm-Verpackung l\u00e4sst sich leicht transportieren und ist damit ein idealer Snack f\u00fcr Schule, B\u00fcro oder Reise.<\/li>\n\n\n\n<li><strong>Klares Fensterdesign:<\/strong> Ein durchsichtiges Fenster erm\u00f6glicht es den Kunden, die bunte Zuckerwatte im Inneren leicht zu sehen, was das Vertrauen st\u00e4rkt und die Kauflust erh\u00f6ht.<\/li>\n\n\n\n<li><strong>Easy Tear Notch:<\/strong> Das humanisierte, leicht zu \u00f6ffnende Design erm\u00f6glicht es den Kunden, den Beutel im Handumdrehen zu \u00f6ffnen, ohne dass eine Schere ben\u00f6tigt wird, was die Kundenerfahrung verbessert.<\/li>\n\n\n\n<li><strong>Option Gr\u00fcnes Material<\/strong>: Marshmallow-Verpackungsbeutel sind mit recycelbarer oder biologisch abbaubarer Folie erh\u00e4ltlich, was die kundenspezifischen Flachbeutel umweltfreundlicher macht und dem gr\u00fcnen Verpackungstrend entspricht.<\/li>\n<\/ul>\n<\/div>\n\n\n\n<div class=\"wp-block-column is-layout-flow wp-block-column-is-layout-flow\">\n<figure class=\"wp-block-image size-full\"><img decoding=\"async\" width=\"800\" height=\"800\" src=\"https:\/\/www.zkprintpack.com\/wp-content\/uploads\/2025\/09\/custom-lay-flat-pouches-1.webp\" alt=\"\" class=\"wp-image-2021\" srcset=\"https:\/\/www.zkprintpack.com\/wp-content\/uploads\/2025\/09\/custom-lay-flat-pouches-1.webp 800w, https:\/\/www.zkprintpack.com\/wp-content\/uploads\/2025\/09\/custom-lay-flat-pouches-1-150x150.webp 150w, https:\/\/www.zkprintpack.com\/wp-content\/uploads\/2025\/09\/custom-lay-flat-pouches-1-768x768.webp 768w, https:\/\/www.zkprintpack.com\/wp-content\/uploads\/2025\/09\/custom-lay-flat-pouches-1-12x12.webp 12w, https:\/\/www.zkprintpack.com\/wp-content\/uploads\/2025\/09\/custom-lay-flat-pouches-1-600x600.webp 600w, https:\/\/www.zkprintpack.com\/wp-content\/uploads\/2025\/09\/custom-lay-flat-pouches-1-300x300.webp 300w, https:\/\/www.zkprintpack.com\/wp-content\/uploads\/2025\/09\/custom-lay-flat-pouches-1-100x100.webp 100w\" sizes=\"(max-width: 800px) 100vw, 800px\" \/><\/figure>\n<\/div>\n<\/div>","protected":false},"excerpt":{"rendered":"<p>Der Marshmallow eignet sich f\u00fcr die Verpackung in unseren ma\u00dfgeschneiderten Flachbeuteln, die frisch bleiben, leicht zu lagern sind und ein elegantes Aussehen haben. Die ma\u00dfgeschneiderten Flachbeutel haben ein modernes, praktisches Design und sind die ideale Wahl f\u00fcr Marshmallow-Marken und -Produkte. Willkommen zu einem Angebot. Erhalten Sie jetzt ein kostenloses Muster!<\/p>\n<h2>Parameter des benutzerdefinierten Lay-flat-Beutels<\/h2>\n<ul>\n<li><strong>Material:<\/strong>\u00a0PET\/PE, PET\/NY\/PE, PET\/AL\/NY\/PE, usw.<\/li>\n<li><strong>Tasche Typ<\/strong>: Flachlegende Tasche<\/li>\n<li><strong>Gr\u00f6\u00dfe<\/strong>: 150g\/Zoll<\/li>\n<li><strong>Individuelle Bestellung<\/strong>: Akzeptieren Sie OEM &amp; ODM<\/li>\n<li><strong>Kostenlose Probe<\/strong>: Unterst\u00fctzung<\/li>\n<li><strong>Verwendung<\/strong>: Molkereiprodukte, Pulverprodukte, Snacks, etc.<\/li>\n<li><strong>Handhabung der Oberfl\u00e4che<\/strong>: Tiefdruck<\/li>\n<li><strong>Farbe<\/strong>: Kann angepasst werden<\/li>\n<li><strong>Zielm\u00e4rkte<\/strong>: \u00dcberall auf der Welt<\/li>\n<\/ul>","protected":false},"featured_media":2021,"comment_status":"closed","ping_status":"closed","template":"","meta":{"_acf_changed":false},"market":[60],"product_brand":[],"product_cat":[53],"product_tag":[],"class_list":{"0":"post-2020","1":"product","2":"type-product","3":"status-publish","4":"has-post-thumbnail","6":"market-confectionery-packaging-supplier","7":"product_cat-three-side-seal-pouch-wholesale","9":"first","10":"instock","11":"shipping-taxable","12":"product-type-simple"},"acf":[],"_links":{"self":[{"href":"https:\/\/www.zkprintpack.com\/de\/wp-json\/wp\/v2\/product\/2020","targetHints":{"allow":["GET"]}}],"collection":[{"href":"https:\/\/www.zkprintpack.com\/de\/wp-json\/wp\/v2\/product"}],"about":[{"href":"https:\/\/www.zkprintpack.com\/de\/wp-json\/wp\/v2\/types\/product"}],"replies":[{"embeddable":true,"href":"https:\/\/www.zkprintpack.com\/de\/wp-json\/wp\/v2\/comments?post=2020"}],"wp:featuredmedia":[{"embeddable":true,"href":"https:\/\/www.zkprintpack.com\/de\/wp-json\/wp\/v2\/media\/2021"}],"wp:attachment":[{"href":"https:\/\/www.zkprintpack.com\/de\/wp-json\/wp\/v2\/media?parent=2020"}],"wp:term":[{"taxonomy":"market","embeddable":true,"href":"https:\/\/www.zkprintpack.com\/de\/wp-json\/wp\/v2\/market?post=2020"},{"taxonomy":"product_brand","embeddable":true,"href":"https:\/\/www.zkprintpack.com\/de\/wp-json\/wp\/v2\/product_brand?post=2020"},{"taxonomy":"product_cat","embeddable":true,"href":"https:\/\/www.zkprintpack.com\/de\/wp-json\/wp\/v2\/product_cat?post=2020"},{"taxonomy":"product_tag","embeddable":true,"href":"https:\/\/www.zkprintpack.com\/de\/wp-json\/wp\/v2\/product_tag?post=2020"}],"curies":[{"name":"wp","href":"https:\/\/api.w.org\/{rel}","templated":true}]}}