{"id":2017,"date":"2025-09-25T09:19:44","date_gmt":"2025-09-25T09:19:44","guid":{"rendered":"https:\/\/www.zkprintpack.com\/?post_type=product&#038;p=2017"},"modified":"2025-09-25T09:19:50","modified_gmt":"2025-09-25T09:19:50","slug":"custom-stand-up-pouch-snack-packaging","status":"publish","type":"product","link":"https:\/\/www.zkprintpack.com\/de\/product\/custom-stand-up-pouch-snack-packaging\/","title":{"rendered":"Gro\u00dfhandel benutzerdefinierte Stand-up-Beutel f\u00fcr Snacks - Frische und Bequemlichkeit"},"content":{"rendered":"<div class=\"wp-block-columns is-layout-flex wp-container-core-columns-is-layout-9d6595d7 wp-block-columns-is-layout-flex\">\n<div class=\"wp-block-column is-layout-flow wp-block-column-is-layout-flow\">\n<h2 class=\"wp-block-heading\">Merkmale der Custom Stand Up Pouch f\u00fcr Desserts<\/h2>\n\n\n\n<p><strong>K\u00fchnes Farbdesign der Verpackung:<\/strong> Unsere kundenspezifischen Standbeutel sind in einem leuchtenden Orange gehalten und zeigen ein klares Produktbild und einen auff\u00e4lligen Markennamen, was die Attraktivit\u00e4t der Regale und das Vertrauen der Verbraucher erh\u00f6ht.<\/p>\n\n\n\n<p><strong>Vorteile von Standbodenbeuteln:<\/strong> Durch die untere Eckstrebe kann der Verpackungsbeutel aufrecht stehen, was die Sichtbarkeit und die Effizienz der Lagerung verbessert.<\/p>\n\n\n\n<p><strong>Bewahrung und Schutz:<\/strong> Die mehrschichtigen Verbundmaterialien unserer ma\u00dfgefertigten Aufrei\u00dfbeutel isolieren Luft und Feuchtigkeit, so dass die Kakis weich, z\u00e4h und lecker bleiben.<\/p>\n\n\n\n<p><strong>Informationsanzeige l\u00f6schen:<\/strong> Eine glatte Oberfl\u00e4che unterst\u00fctzt den hochwertigen Druck von Produktnamen, Herkunftsnachweisen und Markengeschichten.<\/p>\n<\/div>\n\n\n\n<div class=\"wp-block-column is-layout-flow wp-block-column-is-layout-flow\">\n<figure class=\"wp-block-image size-full\"><img decoding=\"async\" width=\"800\" height=\"800\" src=\"https:\/\/www.zkprintpack.com\/wp-content\/uploads\/2025\/09\/wholesale-custom-stand-up-pouch.webp\" alt=\"Individuell gestaltete Standtasche\" class=\"wp-image-2018\" srcset=\"https:\/\/www.zkprintpack.com\/wp-content\/uploads\/2025\/09\/wholesale-custom-stand-up-pouch.webp 800w, https:\/\/www.zkprintpack.com\/wp-content\/uploads\/2025\/09\/wholesale-custom-stand-up-pouch-150x150.webp 150w, https:\/\/www.zkprintpack.com\/wp-content\/uploads\/2025\/09\/wholesale-custom-stand-up-pouch-768x768.webp 768w, https:\/\/www.zkprintpack.com\/wp-content\/uploads\/2025\/09\/wholesale-custom-stand-up-pouch-12x12.webp 12w, https:\/\/www.zkprintpack.com\/wp-content\/uploads\/2025\/09\/wholesale-custom-stand-up-pouch-600x600.webp 600w, https:\/\/www.zkprintpack.com\/wp-content\/uploads\/2025\/09\/wholesale-custom-stand-up-pouch-300x300.webp 300w, https:\/\/www.zkprintpack.com\/wp-content\/uploads\/2025\/09\/wholesale-custom-stand-up-pouch-100x100.webp 100w\" sizes=\"(max-width: 800px) 100vw, 800px\" \/><\/figure>\n<\/div>\n<\/div>","protected":false},"excerpt":{"rendered":"<p>Diese Art von Snacks eignet sich f\u00fcr die Verpackung in einem individuellen Standbeutel, der frisch h\u00e4lt, leicht zu lagern ist und eine kr\u00e4ftige Farbe hat. Der ma\u00dfgeschneiderte Standbeutel hat ein modernes, praktisches Design f\u00fcr solche Snacks und ist damit eine ideale Wahl f\u00fcr Snackmarken und -produkte. Willkommen zu einem Angebot. Erhalten Sie jetzt ein kostenloses Muster!<\/p>\n<h2>Parameter der benutzerdefinierten Stand Up Pouch<\/h2>\n<ul>\n<li><strong>Material:<\/strong>\u00a0PET\/PE, PET\/NY\/PE, PET\/AL\/NY\/PE, usw.<\/li>\n<li><strong>Tasche Typ<\/strong>: Stehtragetasche<\/li>\n<li><strong>Gr\u00f6\u00dfe<\/strong>: 500g\/Zoll<\/li>\n<li><strong>Individuelle Bestellung<\/strong>: Akzeptieren Sie OEM &amp; ODM<\/li>\n<li><strong>Kostenlose Probe<\/strong>: Unterst\u00fctzung<\/li>\n<li><strong>Verwendung<\/strong>: Molkereiprodukte, Pulverprodukte, Snacks, etc.<\/li>\n<li><strong>Handhabung der Oberfl\u00e4che<\/strong>: Tiefdruck<\/li>\n<li><strong>Farbe<\/strong>: Kann angepasst werden<\/li>\n<li><strong>Zielm\u00e4rkte<\/strong>: \u00dcberall auf der Welt<\/li>\n<\/ul>","protected":false},"featured_media":2018,"comment_status":"closed","ping_status":"closed","template":"","meta":{"_acf_changed":false},"market":[61],"product_brand":[],"product_cat":[50],"product_tag":[],"class_list":{"0":"post-2017","1":"product","2":"type-product","3":"status-publish","4":"has-post-thumbnail","6":"market-snack-packaging-supplier","7":"product_cat-stand-up-pouches-wholesale","9":"first","10":"instock","11":"shipping-taxable","12":"product-type-simple"},"acf":[],"_links":{"self":[{"href":"https:\/\/www.zkprintpack.com\/de\/wp-json\/wp\/v2\/product\/2017","targetHints":{"allow":["GET"]}}],"collection":[{"href":"https:\/\/www.zkprintpack.com\/de\/wp-json\/wp\/v2\/product"}],"about":[{"href":"https:\/\/www.zkprintpack.com\/de\/wp-json\/wp\/v2\/types\/product"}],"replies":[{"embeddable":true,"href":"https:\/\/www.zkprintpack.com\/de\/wp-json\/wp\/v2\/comments?post=2017"}],"wp:featuredmedia":[{"embeddable":true,"href":"https:\/\/www.zkprintpack.com\/de\/wp-json\/wp\/v2\/media\/2018"}],"wp:attachment":[{"href":"https:\/\/www.zkprintpack.com\/de\/wp-json\/wp\/v2\/media?parent=2017"}],"wp:term":[{"taxonomy":"market","embeddable":true,"href":"https:\/\/www.zkprintpack.com\/de\/wp-json\/wp\/v2\/market?post=2017"},{"taxonomy":"product_brand","embeddable":true,"href":"https:\/\/www.zkprintpack.com\/de\/wp-json\/wp\/v2\/product_brand?post=2017"},{"taxonomy":"product_cat","embeddable":true,"href":"https:\/\/www.zkprintpack.com\/de\/wp-json\/wp\/v2\/product_cat?post=2017"},{"taxonomy":"product_tag","embeddable":true,"href":"https:\/\/www.zkprintpack.com\/de\/wp-json\/wp\/v2\/product_tag?post=2017"}],"curies":[{"name":"wp","href":"https:\/\/api.w.org\/{rel}","templated":true}]}}