{"id":1941,"date":"2025-09-18T03:13:57","date_gmt":"2025-09-18T03:13:57","guid":{"rendered":"https:\/\/www.zkprintpack.com\/?post_type=product&#038;p=1941"},"modified":"2025-09-18T03:14:04","modified_gmt":"2025-09-18T03:14:04","slug":"wholesale-custom-shaped-pouch-mask","status":"publish","type":"product","link":"https:\/\/www.zkprintpack.com\/de\/product\/wholesale-custom-shaped-pouch-mask\/","title":{"rendered":"Benutzerdefinierte geformte Beutel f\u00fcr Maske K\u00f6rperpflege, kosmetische Verpackung Beutel Lieferant"},"content":{"rendered":"<div class=\"wp-block-columns is-layout-flex wp-container-core-columns-is-layout-9d6595d7 wp-block-columns-is-layout-flex\">\n<div class=\"wp-block-column is-layout-flow wp-block-column-is-layout-flow\">\n<h2 class=\"wp-block-heading\">Eigenschaften von Custom Shaped Pouch<\/h2>\n\n\n\n<p><strong>Innovatives Design eines intraven\u00f6sen Infusionsbeutels:<\/strong><br>Der Verpackungsbeutel hat die Form eines medizinischen Infusionsbeutels und vermittelt visuell das Konzept \"hohe Konzentration, starke Reparatur\", was eine starke Anziehungskraft im Regal und eine Markendifferenzierung bewirkt.<\/p>\n\n\n\n<p><strong>Verbundwerkstoff mit hoher Barriere:<br><\/strong>Weiche, mehrschichtige Plastikfolie, Aluminiumfolie oder Sperrschicht k\u00f6nnen gew\u00e4hlt werden, um eine auslaufsichere Versiegelung zu gew\u00e4hrleisten, Oxidation zu verhindern und die Stabilit\u00e4t und Frische der Aloe-Essenz zu erhalten.<\/p>\n\n\n\n<p><strong>Von der Natur inspirierte visuelle Effekte:<\/strong><br>Der gr\u00fcne Farbton, das Aloe-Vera-Muster und das Wassertropfenmuster betonen die feuchtigkeitsspendende und beruhigende Pflege und sprechen Verbraucher an, die nat\u00fcrliche Hautpflege bevorzugen.<\/p>\n<\/div>\n\n\n\n<div class=\"wp-block-column is-layout-flow wp-block-column-is-layout-flow\">\n<figure class=\"wp-block-image size-full\"><img decoding=\"async\" width=\"800\" height=\"800\" src=\"https:\/\/www.zkprintpack.com\/wp-content\/uploads\/2025\/09\/custom-shaped-pouch-for-personal-care.webp\" alt=\"Individuell gestalteter Beutel f\u00fcr die K\u00f6rperpflege\" class=\"wp-image-1943\" srcset=\"https:\/\/www.zkprintpack.com\/wp-content\/uploads\/2025\/09\/custom-shaped-pouch-for-personal-care.webp 800w, https:\/\/www.zkprintpack.com\/wp-content\/uploads\/2025\/09\/custom-shaped-pouch-for-personal-care-150x150.webp 150w, https:\/\/www.zkprintpack.com\/wp-content\/uploads\/2025\/09\/custom-shaped-pouch-for-personal-care-768x768.webp 768w, https:\/\/www.zkprintpack.com\/wp-content\/uploads\/2025\/09\/custom-shaped-pouch-for-personal-care-12x12.webp 12w, https:\/\/www.zkprintpack.com\/wp-content\/uploads\/2025\/09\/custom-shaped-pouch-for-personal-care-600x600.webp 600w, https:\/\/www.zkprintpack.com\/wp-content\/uploads\/2025\/09\/custom-shaped-pouch-for-personal-care-300x300.webp 300w, https:\/\/www.zkprintpack.com\/wp-content\/uploads\/2025\/09\/custom-shaped-pouch-for-personal-care-100x100.webp 100w\" sizes=\"(max-width: 800px) 100vw, 800px\" \/><\/figure>\n<\/div>\n<\/div>","protected":false},"excerpt":{"rendered":"<p>Eine einzigartig gestaltete Ampullen-Gesichtsmaske, verpackt in einem geformten (IV-\u00e4hnlichen) Beutel f\u00fcr eine auff\u00e4llige visuelle Identit\u00e4t und ein erstklassiges Hautpflegeerlebnis. Dieser kundenspezifisch geformte Beutel bietet eine Hochbarriere-Verpackung, die Frische, Bequemlichkeit und ein Gef\u00fchl von Ritual bei jeder Anwendung gew\u00e4hrleistet. Wir unterst\u00fctzen OEM- und ODM-Dienstleistungen. Fordern Sie jetzt Ihre kostenlosen Muster an!<\/p>\n<h2>Parameter f\u00fcr individuell geformte Beutel<\/h2>\n<ul>\n<li><strong>Material:<\/strong>\u00a0PET\/PE, PET\/NY\/PE, PET\/AL\/NY\/PE, usw.<\/li>\n<li><strong>Tasche Typ<\/strong>: Geformter Beutel<\/li>\n<li><strong>Gr\u00f6\u00dfe<\/strong>: Benutzerdefiniert<\/li>\n<li><strong>Individuelle Bestellung<\/strong>: Akzeptieren Sie OEM &amp; ODM<\/li>\n<li><strong>Kostenlose Probe<\/strong>: Unterst\u00fctzung<\/li>\n<li><strong>Verwendung<\/strong>: Maske, feuchte K\u00f6rperpflege, Kosmetik, etc.<\/li>\n<li><strong>Handhabung der Oberfl\u00e4che<\/strong>: Tiefdruck<\/li>\n<li><strong>Farbe<\/strong>: Kann angepasst werden<\/li>\n<li><strong>Zielm\u00e4rkte<\/strong>: \u00dcberall auf der Welt<\/li>\n<\/ul>","protected":false},"featured_media":1943,"comment_status":"closed","ping_status":"closed","template":"","meta":{"_acf_changed":false},"market":[58,51],"product_brand":[],"product_cat":[52],"product_tag":[],"class_list":{"0":"post-1941","1":"product","2":"type-product","3":"status-publish","4":"has-post-thumbnail","6":"market-face-mask-packaging-supplier","7":"market-personal-care-and-cosmetic","8":"product_cat-shaped-pouches-factory","10":"first","11":"instock","12":"shipping-taxable","13":"product-type-simple"},"acf":[],"_links":{"self":[{"href":"https:\/\/www.zkprintpack.com\/de\/wp-json\/wp\/v2\/product\/1941","targetHints":{"allow":["GET"]}}],"collection":[{"href":"https:\/\/www.zkprintpack.com\/de\/wp-json\/wp\/v2\/product"}],"about":[{"href":"https:\/\/www.zkprintpack.com\/de\/wp-json\/wp\/v2\/types\/product"}],"replies":[{"embeddable":true,"href":"https:\/\/www.zkprintpack.com\/de\/wp-json\/wp\/v2\/comments?post=1941"}],"wp:featuredmedia":[{"embeddable":true,"href":"https:\/\/www.zkprintpack.com\/de\/wp-json\/wp\/v2\/media\/1943"}],"wp:attachment":[{"href":"https:\/\/www.zkprintpack.com\/de\/wp-json\/wp\/v2\/media?parent=1941"}],"wp:term":[{"taxonomy":"market","embeddable":true,"href":"https:\/\/www.zkprintpack.com\/de\/wp-json\/wp\/v2\/market?post=1941"},{"taxonomy":"product_brand","embeddable":true,"href":"https:\/\/www.zkprintpack.com\/de\/wp-json\/wp\/v2\/product_brand?post=1941"},{"taxonomy":"product_cat","embeddable":true,"href":"https:\/\/www.zkprintpack.com\/de\/wp-json\/wp\/v2\/product_cat?post=1941"},{"taxonomy":"product_tag","embeddable":true,"href":"https:\/\/www.zkprintpack.com\/de\/wp-json\/wp\/v2\/product_tag?post=1941"}],"curies":[{"name":"wp","href":"https:\/\/api.w.org\/{rel}","templated":true}]}}