{"id":1939,"date":"2025-11-09T19:23:50","date_gmt":"2025-11-09T19:23:50","guid":{"rendered":"https:\/\/www.zkprintpack.com\/?post_type=product&#038;p=1939"},"modified":"2025-11-09T19:23:52","modified_gmt":"2025-11-09T19:23:52","slug":"custom-flat-pouches-for-mask-package","status":"publish","type":"product","link":"https:\/\/www.zkprintpack.com\/de\/product\/custom-flat-pouches-for-mask-package\/","title":{"rendered":"Benutzerdefinierte flache Beutel Gro\u00dfhandel f\u00fcr Maske Paket"},"content":{"rendered":"<div class=\"wp-block-columns is-layout-flex wp-container-core-columns-is-layout-9d6595d7 wp-block-columns-is-layout-flex\">\n<div class=\"wp-block-column is-layout-flow wp-block-column-is-layout-flow\">\n<h2 class=\"wp-block-heading\">Merkmale der Custom Flat Pouches<\/h2>\n\n\n\n<p><strong>Tragbares und praktisches Design:<br><\/strong>Der kundenspezifische Flachbeutel ist leicht und einfach zu versiegeln, gew\u00e4hrleistet die Qualit\u00e4t der Essenz und bietet eine praktische, hygienische und tragbare Verpackungsform.<\/p>\n\n\n\n<p><strong>Verpackungsmaterialien mit hoher Barriere:<\/strong><br>Die PET+PE-Verbundfolie hat einen klaren Druck und eine feste Versiegelung; das Aluminiumfolienmaterial kann die Wirkstoffe effektiv blockieren und sch\u00fctzt sie vor Licht, Feuchtigkeit und Sauerstoff.<\/p>\n\n\n\n<p><strong>Visuelle Darstellung der Produktvorteile:<\/strong><br>Die gr\u00fcne Verpackung zeigt frisches Gem\u00fcse und unterstreicht die nat\u00fcrlichen und strahlenden Hautpflegevorteile; die beigefarbene Verpackung hebt das Honigelement hervor und vermittelt das Konzept der n\u00e4hrenden und feuchtigkeitsspendenden Wirkung.<\/p>\n<\/div>\n\n\n\n<div class=\"wp-block-column is-layout-flow wp-block-column-is-layout-flow\">\n<figure class=\"wp-block-image size-full\"><img decoding=\"async\" width=\"800\" height=\"800\" src=\"https:\/\/www.zkprintpack.com\/wp-content\/uploads\/2025\/09\/custom-flat-pouches-for-mask-packaging.webp\" alt=\"kundenspezifische Flachbeutel f\u00fcr Maskenverpackungen\" class=\"wp-image-1940\" srcset=\"https:\/\/www.zkprintpack.com\/wp-content\/uploads\/2025\/09\/custom-flat-pouches-for-mask-packaging.webp 800w, https:\/\/www.zkprintpack.com\/wp-content\/uploads\/2025\/09\/custom-flat-pouches-for-mask-packaging-150x150.webp 150w, https:\/\/www.zkprintpack.com\/wp-content\/uploads\/2025\/09\/custom-flat-pouches-for-mask-packaging-768x768.webp 768w, https:\/\/www.zkprintpack.com\/wp-content\/uploads\/2025\/09\/custom-flat-pouches-for-mask-packaging-12x12.webp 12w, https:\/\/www.zkprintpack.com\/wp-content\/uploads\/2025\/09\/custom-flat-pouches-for-mask-packaging-600x600.webp 600w, https:\/\/www.zkprintpack.com\/wp-content\/uploads\/2025\/09\/custom-flat-pouches-for-mask-packaging-300x300.webp 300w, https:\/\/www.zkprintpack.com\/wp-content\/uploads\/2025\/09\/custom-flat-pouches-for-mask-packaging-100x100.webp 100w\" sizes=\"(max-width: 800px) 100vw, 800px\" \/><\/figure>\n<\/div>\n<\/div>","protected":false},"excerpt":{"rendered":"<p>Hochwertige Einweg-Verpackung f\u00fcr Gesichtsmasken, frisch, tragbar und mit hoher Attraktivit\u00e4t im Regal. Dieser Verpackungsbeutel zeichnet sich durch ein nat\u00fcrliches Design, klare zweisprachige Informationen und eine Hochbarriere-Verbundfolie aus, die die Produktstabilit\u00e4t gew\u00e4hrleistet und gleichzeitig das Markenimage st\u00e4rkt. Wir unterst\u00fctzen OEM- und ODM-Dienstleistungen. Fordern Sie jetzt Ihre kostenlosen Muster an!<\/p>\n<h2>Parameter von kundenspezifischen Flachbeuteln<\/h2>\n<ul>\n<li><strong>Material:<\/strong>\u00a0PET\/PE, PET\/NY\/PE, PET\/AL\/NY\/PE, usw.<\/li>\n<li><strong>Tasche Typ<\/strong>: Flachbeutel<\/li>\n<li><strong>Gr\u00f6\u00dfe<\/strong>: Benutzerdefiniert<\/li>\n<li><strong>Individuelle Bestellung<\/strong>: Akzeptieren Sie OEM &amp; ODM<\/li>\n<li><strong>Kostenlose Probe<\/strong>: Unterst\u00fctzung<\/li>\n<li><strong>Verwendung<\/strong>: Maske, feuchte K\u00f6rperpflege, Kosmetik, etc.<\/li>\n<li><strong>Handhabung der Oberfl\u00e4che<\/strong>: Tiefdruck<\/li>\n<li><strong>Farbe<\/strong>: Kann angepasst werden<\/li>\n<li><strong>Zielm\u00e4rkte<\/strong>: \u00dcberall auf der Welt<\/li>\n<\/ul>","protected":false},"featured_media":1940,"comment_status":"closed","ping_status":"closed","template":"","meta":{"_acf_changed":false},"market":[51],"product_brand":[],"product_cat":[53],"product_tag":[],"class_list":{"0":"post-1939","1":"product","2":"type-product","3":"status-publish","4":"has-post-thumbnail","6":"market-personal-care-and-cosmetic","7":"product_cat-three-side-seal-pouch-wholesale","9":"first","10":"instock","11":"shipping-taxable","12":"product-type-simple"},"acf":[],"_links":{"self":[{"href":"https:\/\/www.zkprintpack.com\/de\/wp-json\/wp\/v2\/product\/1939","targetHints":{"allow":["GET"]}}],"collection":[{"href":"https:\/\/www.zkprintpack.com\/de\/wp-json\/wp\/v2\/product"}],"about":[{"href":"https:\/\/www.zkprintpack.com\/de\/wp-json\/wp\/v2\/types\/product"}],"replies":[{"embeddable":true,"href":"https:\/\/www.zkprintpack.com\/de\/wp-json\/wp\/v2\/comments?post=1939"}],"wp:featuredmedia":[{"embeddable":true,"href":"https:\/\/www.zkprintpack.com\/de\/wp-json\/wp\/v2\/media\/1940"}],"wp:attachment":[{"href":"https:\/\/www.zkprintpack.com\/de\/wp-json\/wp\/v2\/media?parent=1939"}],"wp:term":[{"taxonomy":"market","embeddable":true,"href":"https:\/\/www.zkprintpack.com\/de\/wp-json\/wp\/v2\/market?post=1939"},{"taxonomy":"product_brand","embeddable":true,"href":"https:\/\/www.zkprintpack.com\/de\/wp-json\/wp\/v2\/product_brand?post=1939"},{"taxonomy":"product_cat","embeddable":true,"href":"https:\/\/www.zkprintpack.com\/de\/wp-json\/wp\/v2\/product_cat?post=1939"},{"taxonomy":"product_tag","embeddable":true,"href":"https:\/\/www.zkprintpack.com\/de\/wp-json\/wp\/v2\/product_tag?post=1939"}],"curies":[{"name":"wp","href":"https:\/\/api.w.org\/{rel}","templated":true}]}}