{"id":1936,"date":"2025-09-25T09:48:47","date_gmt":"2025-09-25T09:48:47","guid":{"rendered":"https:\/\/www.zkprintpack.com\/?post_type=product&#038;p=1936"},"modified":"2025-09-25T09:49:13","modified_gmt":"2025-09-25T09:49:13","slug":"custom-three-side-seal-bags-for-mask","status":"publish","type":"product","link":"https:\/\/www.zkprintpack.com\/de\/product\/custom-three-side-seal-bags-for-mask\/","title":{"rendered":"Benutzerdefinierte drei Seite Seal Beutel f\u00fcr Gesichtsmaske, Gro\u00dfhandel Kosmetikverpackungen Hersteller"},"content":{"rendered":"<div class=\"wp-block-columns is-layout-flex wp-container-core-columns-is-layout-9d6595d7 wp-block-columns-is-layout-flex\">\n<div class=\"wp-block-column is-layout-flow wp-block-column-is-layout-flow\">\n<h2 class=\"wp-block-heading\">Merkmale der Custom Three Side Seal Bags<\/h2>\n\n\n\n<p><strong>Hochwertiges Verpackungsmaterial:<\/strong><br>Mehrschichtige Verbundfolien (PET, PE, Aluminiumfolie) bieten einen hervorragenden Schutz vor Sauerstoff, Feuchtigkeit und Licht und sch\u00fctzen die Wirkstoffe wirksam.<\/p>\n\n\n\n<p><strong>Optionen f\u00fcr den Umweltschutz:<\/strong><br>Verwendung recycelbarer und biologisch abbaubarer Materialien, um nachhaltige Entwicklung und ESG-orientierte Markenstrategien zu erf\u00fcllen.<\/p>\n\n\n\n<p><strong>Auff\u00e4llige visuelle Gestaltung:<\/strong><br>Die Darstellung von schneebedeckten Bergen, Seen und Winterw\u00e4ldern in ruhigen Blau- und Wei\u00dft\u00f6nen vermittelt ein k\u00fchles und erfrischendes Hautpflegeerlebnis.<\/p>\n\n\n\n<p><strong>Klare zweisprachige Informationen:<\/strong><br>Heben Sie die Produktart, die wichtigsten Inhaltsstoffe und die Verwendungsmethoden sowohl auf Chinesisch als auch auf Englisch hervor, um in- und ausl\u00e4ndische Verbraucher anzusprechen.<\/p>\n<\/div>\n\n\n\n<div class=\"wp-block-column is-layout-flow wp-block-column-is-layout-flow\">\n<figure class=\"wp-block-image size-full\"><img decoding=\"async\" width=\"800\" height=\"800\" src=\"https:\/\/www.zkprintpack.com\/wp-content\/uploads\/2025\/09\/custom-three-side-seal-bag.webp\" alt=\"Kundenspezifischer Dreiseitenverschlussbeutel\" class=\"wp-image-1937\" srcset=\"https:\/\/www.zkprintpack.com\/wp-content\/uploads\/2025\/09\/custom-three-side-seal-bag.webp 800w, https:\/\/www.zkprintpack.com\/wp-content\/uploads\/2025\/09\/custom-three-side-seal-bag-150x150.webp 150w, https:\/\/www.zkprintpack.com\/wp-content\/uploads\/2025\/09\/custom-three-side-seal-bag-768x768.webp 768w, https:\/\/www.zkprintpack.com\/wp-content\/uploads\/2025\/09\/custom-three-side-seal-bag-12x12.webp 12w, https:\/\/www.zkprintpack.com\/wp-content\/uploads\/2025\/09\/custom-three-side-seal-bag-600x600.webp 600w, https:\/\/www.zkprintpack.com\/wp-content\/uploads\/2025\/09\/custom-three-side-seal-bag-300x300.webp 300w, https:\/\/www.zkprintpack.com\/wp-content\/uploads\/2025\/09\/custom-three-side-seal-bag-100x100.webp 100w\" sizes=\"(max-width: 800px) 100vw, 800px\" \/><\/figure>\n<\/div>\n<\/div>","protected":false},"excerpt":{"rendered":"<p>Eine Eis-Gesichtsmaske f\u00fcr den einmaligen Gebrauch in einem individuell gestalteten, dreiseitig verschlie\u00dfbaren Beutel mit einem ruhigen, schneebedeckten Bergdesign. Diese Verpackung ist auf Frische und Bequemlichkeit ausgelegt und hebt die k\u00fchlenden und beruhigenden Vorteile der Maske hervor, w\u00e4hrend sie ein erstklassiges Auspackerlebnis bietet. Wir unterst\u00fctzen OEM- und ODM-Dienstleistungen. Fordern Sie jetzt Ihre kostenlosen Muster an!<\/p>\n<h2>Parameter des kundenspezifischen Drei-Seiten-Siegelbeutels<\/h2>\n<ul>\n<li><strong>Material:<\/strong>\u00a0PET\/PE, PET\/NY\/PE, PET\/AL\/NY\/PE, usw.<\/li>\n<li><strong>Tasche Typ<\/strong>: Dreiseitiger Siegelbeutel<\/li>\n<li><strong>Gr\u00f6\u00dfe<\/strong>: Benutzerdefiniert<\/li>\n<li><strong>Individuelle Bestellung<\/strong>: Akzeptieren Sie OEM &amp; ODM<\/li>\n<li><strong>Kostenlose Probe<\/strong>: Unterst\u00fctzung<\/li>\n<li><strong>Verwendung<\/strong>: Maske, feuchte K\u00f6rperpflege, Kosmetik, etc.<\/li>\n<li><strong>Handhabung der Oberfl\u00e4che<\/strong>: Tiefdruck<\/li>\n<li><strong>Farbe<\/strong>: Kann angepasst werden<\/li>\n<li><strong>Zielm\u00e4rkte<\/strong>: \u00dcberall auf der Welt<\/li>\n<\/ul>","protected":false},"featured_media":1937,"comment_status":"closed","ping_status":"closed","template":"","meta":{"_acf_changed":false},"market":[58],"product_brand":[],"product_cat":[53],"product_tag":[],"class_list":{"0":"post-1936","1":"product","2":"type-product","3":"status-publish","4":"has-post-thumbnail","6":"market-face-mask-packaging-supplier","7":"product_cat-three-side-seal-pouch-wholesale","9":"first","10":"instock","11":"shipping-taxable","12":"product-type-simple"},"acf":[],"_links":{"self":[{"href":"https:\/\/www.zkprintpack.com\/de\/wp-json\/wp\/v2\/product\/1936","targetHints":{"allow":["GET"]}}],"collection":[{"href":"https:\/\/www.zkprintpack.com\/de\/wp-json\/wp\/v2\/product"}],"about":[{"href":"https:\/\/www.zkprintpack.com\/de\/wp-json\/wp\/v2\/types\/product"}],"replies":[{"embeddable":true,"href":"https:\/\/www.zkprintpack.com\/de\/wp-json\/wp\/v2\/comments?post=1936"}],"wp:featuredmedia":[{"embeddable":true,"href":"https:\/\/www.zkprintpack.com\/de\/wp-json\/wp\/v2\/media\/1937"}],"wp:attachment":[{"href":"https:\/\/www.zkprintpack.com\/de\/wp-json\/wp\/v2\/media?parent=1936"}],"wp:term":[{"taxonomy":"market","embeddable":true,"href":"https:\/\/www.zkprintpack.com\/de\/wp-json\/wp\/v2\/market?post=1936"},{"taxonomy":"product_brand","embeddable":true,"href":"https:\/\/www.zkprintpack.com\/de\/wp-json\/wp\/v2\/product_brand?post=1936"},{"taxonomy":"product_cat","embeddable":true,"href":"https:\/\/www.zkprintpack.com\/de\/wp-json\/wp\/v2\/product_cat?post=1936"},{"taxonomy":"product_tag","embeddable":true,"href":"https:\/\/www.zkprintpack.com\/de\/wp-json\/wp\/v2\/product_tag?post=1936"}],"curies":[{"name":"wp","href":"https:\/\/api.w.org\/{rel}","templated":true}]}}