{"id":1932,"date":"2025-11-09T17:54:09","date_gmt":"2025-11-09T17:54:09","guid":{"rendered":"https:\/\/www.zkprintpack.com\/?post_type=product&#038;p=1932"},"modified":"2025-11-09T17:54:12","modified_gmt":"2025-11-09T17:54:12","slug":"custom-food-packaging-film-for-nuts","status":"publish","type":"product","link":"https:\/\/www.zkprintpack.com\/de\/product\/custom-food-packaging-film-for-nuts\/","title":{"rendered":"Ma\u00dfgeschneiderte Lebensmittelverpackungsfolien f\u00fcr N\u00fcsse, Kekse, Pl\u00e4tzchen und Snacks"},"content":{"rendered":"<div class=\"wp-block-columns is-layout-flex wp-container-core-columns-is-layout-9d6595d7 wp-block-columns-is-layout-flex\">\n<div class=\"wp-block-column is-layout-flow wp-block-column-is-layout-flow\">\n<h2 class=\"wp-block-heading\">Kundenspezifische Lebensmittelverpackungsfolie Merkmale: <\/h2>\n\n\n\n<p><strong>Individuell und flexibel<\/strong>: Professionelle kundenspezifische Lebensmittelverpackungsfolien f\u00fcr N\u00fcsse sind auf die Bed\u00fcrfnisse verschiedener Nuss- und Snackmarken zugeschnitten und unterst\u00fctzen den Druck und die individuelle Gestaltung, um die Produkte wettbewerbsf\u00e4higer zu machen.<\/p>\n\n\n\n<p><strong>Hochwertige Verpackung<\/strong>: Unsere ma\u00dfgefertigten Lebensmittelverpackungsfolien werden aus lebensmittelechtem Material hergestellt, um die Frische, die Versiegelung und den Feuchtigkeitsschutz von N\u00fcssen zu gew\u00e4hrleisten.<\/p>\n\n\n\n<p><strong>Effiziente Produktion<\/strong>: Die automatisierte Produktionslinie gew\u00e4hrleistet, dass jede Charge pr\u00e4zise und effizient ist und den internationalen Qualit\u00e4tsstandards entspricht.<\/p>\n\n\n\n<p><strong>Innovatives Design<\/strong>: Wir bieten innovative Verpackungsfolien f\u00fcr N\u00fcsse an, die sowohl \u00e4sthetisch ansprechend als auch praktisch sind, damit sich Marken von anderen abheben k\u00f6nnen.<\/p>\n\n\n\n<p><strong>Umweltfreundlich und sicher<\/strong>: Wir verwenden umweltfreundliche Materialien und Technologien, um die Lebensmittelsicherheit zu gew\u00e4hrleisten und eine umweltfreundliche und nachhaltige Entwicklung zu unterst\u00fctzen, die den hohen Anforderungen des Marktes gerecht wird.<\/p>\n<\/div>\n\n\n\n<div class=\"wp-block-column is-layout-flow wp-block-column-is-layout-flow\">\n<figure class=\"wp-block-image size-full\"><img decoding=\"async\" width=\"800\" height=\"800\" src=\"https:\/\/www.zkprintpack.com\/wp-content\/uploads\/2025\/09\/custom-food-packaging-film-for-nuts-1.webp\" alt=\"Lebensmittelverpackungsfolie f\u00fcr N\u00fcsse (1)\" class=\"wp-image-1933\" srcset=\"https:\/\/www.zkprintpack.com\/wp-content\/uploads\/2025\/09\/custom-food-packaging-film-for-nuts-1.webp 800w, https:\/\/www.zkprintpack.com\/wp-content\/uploads\/2025\/09\/custom-food-packaging-film-for-nuts-1-150x150.webp 150w, https:\/\/www.zkprintpack.com\/wp-content\/uploads\/2025\/09\/custom-food-packaging-film-for-nuts-1-768x768.webp 768w, https:\/\/www.zkprintpack.com\/wp-content\/uploads\/2025\/09\/custom-food-packaging-film-for-nuts-1-12x12.webp 12w, https:\/\/www.zkprintpack.com\/wp-content\/uploads\/2025\/09\/custom-food-packaging-film-for-nuts-1-600x600.webp 600w, https:\/\/www.zkprintpack.com\/wp-content\/uploads\/2025\/09\/custom-food-packaging-film-for-nuts-1-300x300.webp 300w, https:\/\/www.zkprintpack.com\/wp-content\/uploads\/2025\/09\/custom-food-packaging-film-for-nuts-1-100x100.webp 100w\" sizes=\"(max-width: 800px) 100vw, 800px\" \/><\/figure>\n<\/div>\n<\/div>","protected":false},"excerpt":{"rendered":"<p>Zhongjia Printing ist spezialisiert auf kundenspezifische Lebensmittelverpackungsfolien f\u00fcr Nussprodukte, deren Materialien sicher und umweltfreundlich sind und deren Technologie umweltschonend ist. Wir unterst\u00fctzen OEM- und ODM-Dienstleistungen. Kontaktieren Sie uns jetzt, um eine gl\u00e4nzende Zukunft f\u00fcr Ihre Marke zu schaffen!<\/p>\n<h2>Parameter der kundenspezifischen Lebensmittelverpackungsfolie<\/h2>\n<p>Material: PET\/NY\/PE, PET\/AL\/NY\/PE, PET+VMPET+PE \/ kundenspezifisch, etc. Beutel Typ: Sachet-Verpackung, Roll Stock Film Pouch Gr\u00f6\u00dfe: Kundenspezifische Bestellung: Akzeptieren Sie OEM &amp; ODM Kostenloses Muster: Unterst\u00fctzung Verwendung: N\u00fcsse, Kekse, Kekse Oberfl\u00e4chenbehandlung: Tiefdruck Farbe: Kann bis zu 10 Farben drucken Zielm\u00e4rkte: \u00dcberall in der Welt<\/p>","protected":false},"featured_media":1933,"comment_status":"closed","ping_status":"closed","template":"","meta":{"_acf_changed":false},"market":[63,61],"product_brand":[],"product_cat":[57],"product_tag":[],"class_list":{"0":"post-1932","1":"product","2":"type-product","3":"status-publish","4":"has-post-thumbnail","6":"market-nuts-packaging-supplier","7":"market-snack-packaging-supplier","8":"product_cat-rollstock-film-supplier","10":"first","11":"instock","12":"shipping-taxable","13":"product-type-simple"},"acf":[],"_links":{"self":[{"href":"https:\/\/www.zkprintpack.com\/de\/wp-json\/wp\/v2\/product\/1932","targetHints":{"allow":["GET"]}}],"collection":[{"href":"https:\/\/www.zkprintpack.com\/de\/wp-json\/wp\/v2\/product"}],"about":[{"href":"https:\/\/www.zkprintpack.com\/de\/wp-json\/wp\/v2\/types\/product"}],"replies":[{"embeddable":true,"href":"https:\/\/www.zkprintpack.com\/de\/wp-json\/wp\/v2\/comments?post=1932"}],"wp:featuredmedia":[{"embeddable":true,"href":"https:\/\/www.zkprintpack.com\/de\/wp-json\/wp\/v2\/media\/1933"}],"wp:attachment":[{"href":"https:\/\/www.zkprintpack.com\/de\/wp-json\/wp\/v2\/media?parent=1932"}],"wp:term":[{"taxonomy":"market","embeddable":true,"href":"https:\/\/www.zkprintpack.com\/de\/wp-json\/wp\/v2\/market?post=1932"},{"taxonomy":"product_brand","embeddable":true,"href":"https:\/\/www.zkprintpack.com\/de\/wp-json\/wp\/v2\/product_brand?post=1932"},{"taxonomy":"product_cat","embeddable":true,"href":"https:\/\/www.zkprintpack.com\/de\/wp-json\/wp\/v2\/product_cat?post=1932"},{"taxonomy":"product_tag","embeddable":true,"href":"https:\/\/www.zkprintpack.com\/de\/wp-json\/wp\/v2\/product_tag?post=1932"}],"curies":[{"name":"wp","href":"https:\/\/api.w.org\/{rel}","templated":true}]}}