{"id":1929,"date":"2025-11-09T17:55:36","date_gmt":"2025-11-09T17:55:36","guid":{"rendered":"https:\/\/www.zkprintpack.com\/?post_type=product&#038;p=1929"},"modified":"2026-01-15T02:38:38","modified_gmt":"2026-01-15T02:38:38","slug":"custom-nut-rollstock-for-nuts-brands","status":"publish","type":"product","link":"https:\/\/www.zkprintpack.com\/de\/product\/custom-nut-rollstock-for-nuts-brands\/","title":{"rendered":"Benutzerdefinierte Mutter Rollstock Gro\u00dfhandel f\u00fcr Muttern Marken"},"content":{"rendered":"<div class=\"wp-block-columns is-layout-flex wp-container-core-columns-is-layout-9d6595d7 wp-block-columns-is-layout-flex\">\n<div class=\"wp-block-column is-layout-flow wp-block-column-is-layout-flow\">\n<h2 class=\"wp-block-heading\">Eigenschaften von Custom Nut Rollstock<\/h2>\n\n\n\n<p><strong>Individuell und flexibel<\/strong>: Wir bieten professionelle Verpackungsl\u00f6sungen f\u00fcr kundenspezifische N\u00fcsse an, um den Anforderungen verschiedener Marken gerecht zu werden, und unterst\u00fctzen den Druck und die individuelle Gestaltung, um die Produkte wettbewerbsf\u00e4higer zu machen.<\/p>\n\n\n\n<p><strong>Hochwertige Verpackung<\/strong>: Unsere ma\u00dfgefertigten Nussrollen werden aus lebensmittelechtem Material hergestellt, um die Frische, die Versiegelung und die Feuchtigkeitsbest\u00e4ndigkeit der N\u00fcsse zu gew\u00e4hrleisten.<\/p>\n\n\n\n<p><strong>Effiziente Produktion<\/strong>: Die automatisierte Produktionslinie stellt sicher, dass jede Charge einer kundenspezifischen Rollenverpackung pr\u00e4zise und effizient ist und den internationalen Qualit\u00e4tsstandards entspricht.<\/p>\n\n\n\n<p><strong>Innovatives Design<\/strong>: Wir bieten innovative Verpackungsrollen f\u00fcr N\u00fcsse an, die sowohl \u00e4sthetisch ansprechend als auch praktisch sind, damit sich Marken von der Masse abheben k\u00f6nnen.<\/p>\n\n\n\n<p><strong>Umweltfreundlich und sicher<\/strong>: Wir verwenden umweltfreundliche Materialien und Technologien, um die Lebensmittelsicherheit zu gew\u00e4hrleisten und eine umweltfreundliche und nachhaltige Entwicklung zu unterst\u00fctzen, die den hohen Anforderungen des Marktes gerecht wird.<\/p>\n<\/div>\n\n\n\n<div class=\"wp-block-column is-layout-flow wp-block-column-is-layout-flow\">\n<figure class=\"wp-block-image size-full\"><img decoding=\"async\" width=\"800\" height=\"800\" src=\"https:\/\/www.zkprintpack.com\/wp-content\/uploads\/2025\/09\/custom-nut-rollstock.webp\" alt=\"Gewindemutter-Rollstock\" class=\"wp-image-1930\" srcset=\"https:\/\/www.zkprintpack.com\/wp-content\/uploads\/2025\/09\/custom-nut-rollstock.webp 800w, https:\/\/www.zkprintpack.com\/wp-content\/uploads\/2025\/09\/custom-nut-rollstock-150x150.webp 150w, https:\/\/www.zkprintpack.com\/wp-content\/uploads\/2025\/09\/custom-nut-rollstock-768x768.webp 768w, https:\/\/www.zkprintpack.com\/wp-content\/uploads\/2025\/09\/custom-nut-rollstock-12x12.webp 12w, https:\/\/www.zkprintpack.com\/wp-content\/uploads\/2025\/09\/custom-nut-rollstock-600x600.webp 600w, https:\/\/www.zkprintpack.com\/wp-content\/uploads\/2025\/09\/custom-nut-rollstock-300x300.webp 300w, https:\/\/www.zkprintpack.com\/wp-content\/uploads\/2025\/09\/custom-nut-rollstock-100x100.webp 100w\" sizes=\"(max-width: 800px) 100vw, 800px\" \/><\/figure>\n<\/div>\n<\/div>","protected":false},"excerpt":{"rendered":"<p>Zhongjia Printing ist spezialisiert auf kundenspezifische Nussrollen f\u00fcr Nussprodukte, deren Materialien und Technologie sicher und umweltfreundlich sind. Wir unterst\u00fctzen OEM- und ODM-Dienstleistungen. Kontaktieren Sie uns jetzt, um eine gl\u00e4nzende Zukunft f\u00fcr Ihre Marke zu schaffen!<\/p>\n<h2>Parameter des Rollstocks f\u00fcr kundenspezifische Muttern<\/h2>\n<ul>\n<li><strong>Material:<\/strong> PET\/NY\/PE, PET\/AL\/NY\/PE, PET+VMPET+PE \/ kundenspezifisch, etc. <\/li>\n<li><strong>Tasche Typ:<\/strong> Sachet-Verpackungen, Roll Stock Film <\/li>\n<li><strong>Gr\u00f6\u00dfe des Beutels:<\/strong> Benutzerdefiniert <\/li>\n<li><strong>Benutzerdefinierte Bestellung:<\/strong> Akzeptieren Sie OEM &amp; ODM <\/li>\n<li><strong>Kostenlose Probe<\/strong>: Unterst\u00fctzung <\/li>\n<li><strong>Verwendung<\/strong>: N\u00fcsse, Kekse, Pl\u00e4tzchen Oberfl\u00e4che <\/li>\n<li><strong>Handhabung:<\/strong> Tiefdruck <\/li>\n<li><strong>Farbe:<\/strong> Kann bis zu 10 Farben drucken <\/li>\n<li><strong>Zielm\u00e4rkte:<\/strong> \u00dcberall auf der Welt<\/li>\n<\/ul>","protected":false},"featured_media":1930,"comment_status":"closed","ping_status":"closed","template":"","meta":{"_acf_changed":false},"market":[63,61],"product_brand":[],"product_cat":[57],"product_tag":[],"class_list":{"0":"post-1929","1":"product","2":"type-product","3":"status-publish","4":"has-post-thumbnail","6":"market-nuts-packaging-supplier","7":"market-snack-packaging-supplier","8":"product_cat-rollstock-film-supplier","10":"first","11":"instock","12":"shipping-taxable","13":"product-type-simple"},"acf":[],"_links":{"self":[{"href":"https:\/\/www.zkprintpack.com\/de\/wp-json\/wp\/v2\/product\/1929","targetHints":{"allow":["GET"]}}],"collection":[{"href":"https:\/\/www.zkprintpack.com\/de\/wp-json\/wp\/v2\/product"}],"about":[{"href":"https:\/\/www.zkprintpack.com\/de\/wp-json\/wp\/v2\/types\/product"}],"replies":[{"embeddable":true,"href":"https:\/\/www.zkprintpack.com\/de\/wp-json\/wp\/v2\/comments?post=1929"}],"wp:featuredmedia":[{"embeddable":true,"href":"https:\/\/www.zkprintpack.com\/de\/wp-json\/wp\/v2\/media\/1930"}],"wp:attachment":[{"href":"https:\/\/www.zkprintpack.com\/de\/wp-json\/wp\/v2\/media?parent=1929"}],"wp:term":[{"taxonomy":"market","embeddable":true,"href":"https:\/\/www.zkprintpack.com\/de\/wp-json\/wp\/v2\/market?post=1929"},{"taxonomy":"product_brand","embeddable":true,"href":"https:\/\/www.zkprintpack.com\/de\/wp-json\/wp\/v2\/product_brand?post=1929"},{"taxonomy":"product_cat","embeddable":true,"href":"https:\/\/www.zkprintpack.com\/de\/wp-json\/wp\/v2\/product_cat?post=1929"},{"taxonomy":"product_tag","embeddable":true,"href":"https:\/\/www.zkprintpack.com\/de\/wp-json\/wp\/v2\/product_tag?post=1929"}],"curies":[{"name":"wp","href":"https:\/\/api.w.org\/{rel}","templated":true}]}}