{"id":1927,"date":"2025-11-09T17:59:00","date_gmt":"2025-11-09T17:59:00","guid":{"rendered":"https:\/\/www.zkprintpack.com\/?post_type=product&#038;p=1927"},"modified":"2025-11-09T18:52:50","modified_gmt":"2025-11-09T18:52:50","slug":"custom-printed-stand-up-pouch-powder","status":"publish","type":"product","link":"https:\/\/www.zkprintpack.com\/de\/product\/custom-printed-stand-up-pouch-powder\/","title":{"rendered":"Kundenspezifisch bedruckte Stand Up Pouch Hersteller - Spiece Powder Packaging"},"content":{"rendered":"<div class=\"wp-block-columns is-layout-flex wp-container-core-columns-is-layout-9d6595d7 wp-block-columns-is-layout-flex\">\n<div class=\"wp-block-column is-layout-flow wp-block-column-is-layout-flow\">\n<h2 class=\"wp-block-heading\">Merkmale der individuell bedruckten Stand Up Pouch<\/h2>\n\n\n\n<p><strong>Aufrechtes Display: <\/strong>Es kann aufrecht gestellt werden, ohne auf Regale\/Beh\u00e4lter angewiesen zu sein, was es in Supermarktregalen und Haushaltsschr\u00e4nken ordentlicher und stabiler macht. Es erh\u00f6ht nicht nur die Pr\u00e4senz des Produkts, sondern erleichtert auch den Zugang der Verbraucher (Vermeidung von visueller Unordnung durch \"Unterbringung und Stapelung\").<\/p>\n\n\n\n<p><strong>Leichtes Material:<\/strong> Kunststoffsubstrate senken die Transportkosten und schaffen gleichzeitig ein Gleichgewicht zwischen Umweltschutz und Wirtschaftlichkeit.<\/p>\n\n\n\n<p><strong>Anpassung des Szenarios:<\/strong> 30g kleine Gr\u00f6\u00dfe + aufrechte Form, geeignet f\u00fcr Haushalt \"kleine Menge mehrmals\" verwenden (um Abfall nach dem \u00d6ffnen zu vermeiden), und erf\u00fcllt auch die tragbaren Bed\u00fcrfnisse der Outdoor-Kochen, Camping und andere Szenarien.<\/p>\n\n\n\n<p><strong>Anpassungsf\u00e4higkeit beim Drucken: <\/strong>Die Oberfl\u00e4che des selbsttragenden Beutels hat eine hohe Ebenheit und kann hochaufl\u00f6send bedruckt werden, was nicht nur die visuellen Erinnerungspunkte der Marke st\u00e4rkt, sondern durch die visuelle Assoziation auch die Geschmackserwartungen der Verbraucher im Voraus weckt.<\/p>\n<\/div>\n\n\n\n<div class=\"wp-block-column is-layout-flow wp-block-column-is-layout-flow\">\n<figure class=\"wp-block-image size-full\"><img decoding=\"async\" width=\"800\" height=\"800\" src=\"https:\/\/www.zkprintpack.com\/wp-content\/uploads\/2025\/09\/custom-printed-stand-up-pouch.webp\" alt=\"Individuell bedruckte Standtasche\" class=\"wp-image-1928\" srcset=\"https:\/\/www.zkprintpack.com\/wp-content\/uploads\/2025\/09\/custom-printed-stand-up-pouch.webp 800w, https:\/\/www.zkprintpack.com\/wp-content\/uploads\/2025\/09\/custom-printed-stand-up-pouch-150x150.webp 150w, https:\/\/www.zkprintpack.com\/wp-content\/uploads\/2025\/09\/custom-printed-stand-up-pouch-768x768.webp 768w, https:\/\/www.zkprintpack.com\/wp-content\/uploads\/2025\/09\/custom-printed-stand-up-pouch-12x12.webp 12w, https:\/\/www.zkprintpack.com\/wp-content\/uploads\/2025\/09\/custom-printed-stand-up-pouch-600x600.webp 600w, https:\/\/www.zkprintpack.com\/wp-content\/uploads\/2025\/09\/custom-printed-stand-up-pouch-300x300.webp 300w, https:\/\/www.zkprintpack.com\/wp-content\/uploads\/2025\/09\/custom-printed-stand-up-pouch-100x100.webp 100w\" sizes=\"(max-width: 800px) 100vw, 800px\" \/><\/figure>\n<\/div>\n<\/div>\n\n\n\n<p><\/p>","protected":false},"excerpt":{"rendered":"<p>Das Gew\u00fcrzpulver eignet sich f\u00fcr die Verpackung in individuell bedruckten Standbeuteln, die frisch bleiben, leicht zu lagern sind und ein stilvolles Aussehen haben. Der individuell bedruckte Standbeutel hat ein modernes, praktisches Design und ist damit die ideale Wahl f\u00fcr Pulvermarken und -produkte. Willkommen zu einem Angebot. Erhalten Sie jetzt ein kostenloses Muster!<\/p>\n<h2>Parameter der benutzerdefinierten Stand Up Pouch<\/h2>\n<ul>\n<li><strong>Material:<\/strong>\u00a0PET\/PE, PET\/NY\/PE, PET\/AL\/NY\/PE, usw.<\/li>\n<li><strong>Tasche Typ<\/strong>: Stehtragetasche<\/li>\n<li><strong>Gr\u00f6\u00dfe<\/strong>: 30g\/Zoll<\/li>\n<li><strong>Individuelle Bestellung<\/strong>: Akzeptieren Sie OEM &amp; ODM<\/li>\n<li><strong>Kostenlose Probe<\/strong>: Unterst\u00fctzung<\/li>\n<li><strong>Verwendung<\/strong>: Molkereiprodukte, Pulverprodukte, Snacks, etc.<\/li>\n<li><strong>Handhabung der Oberfl\u00e4che<\/strong>: Tiefdruck<\/li>\n<li><strong>Farbe<\/strong>: Kann angepasst werden<\/li>\n<li><strong>Zielm\u00e4rkte<\/strong>: \u00dcberall auf der Welt<\/li>\n<\/ul>","protected":false},"featured_media":1928,"comment_status":"closed","ping_status":"closed","template":"","meta":{"_acf_changed":false},"market":[62],"product_brand":[],"product_cat":[50],"product_tag":[],"class_list":{"0":"post-1927","1":"product","2":"type-product","3":"status-publish","4":"has-post-thumbnail","6":"market-powder-packaging-supplier","7":"product_cat-stand-up-pouches-wholesale","9":"first","10":"instock","11":"shipping-taxable","12":"product-type-simple"},"acf":[],"_links":{"self":[{"href":"https:\/\/www.zkprintpack.com\/de\/wp-json\/wp\/v2\/product\/1927","targetHints":{"allow":["GET"]}}],"collection":[{"href":"https:\/\/www.zkprintpack.com\/de\/wp-json\/wp\/v2\/product"}],"about":[{"href":"https:\/\/www.zkprintpack.com\/de\/wp-json\/wp\/v2\/types\/product"}],"replies":[{"embeddable":true,"href":"https:\/\/www.zkprintpack.com\/de\/wp-json\/wp\/v2\/comments?post=1927"}],"wp:featuredmedia":[{"embeddable":true,"href":"https:\/\/www.zkprintpack.com\/de\/wp-json\/wp\/v2\/media\/1928"}],"wp:attachment":[{"href":"https:\/\/www.zkprintpack.com\/de\/wp-json\/wp\/v2\/media?parent=1927"}],"wp:term":[{"taxonomy":"market","embeddable":true,"href":"https:\/\/www.zkprintpack.com\/de\/wp-json\/wp\/v2\/market?post=1927"},{"taxonomy":"product_brand","embeddable":true,"href":"https:\/\/www.zkprintpack.com\/de\/wp-json\/wp\/v2\/product_brand?post=1927"},{"taxonomy":"product_cat","embeddable":true,"href":"https:\/\/www.zkprintpack.com\/de\/wp-json\/wp\/v2\/product_cat?post=1927"},{"taxonomy":"product_tag","embeddable":true,"href":"https:\/\/www.zkprintpack.com\/de\/wp-json\/wp\/v2\/product_tag?post=1927"}],"curies":[{"name":"wp","href":"https:\/\/api.w.org\/{rel}","templated":true}]}}