{"id":1921,"date":"2025-11-09T19:16:37","date_gmt":"2025-11-09T19:16:37","guid":{"rendered":"https:\/\/www.zkprintpack.com\/?post_type=product&#038;p=1921"},"modified":"2025-11-09T19:16:39","modified_gmt":"2025-11-09T19:16:39","slug":"custom-stand-up-pouches-for-powder","status":"publish","type":"product","link":"https:\/\/www.zkprintpack.com\/de\/product\/custom-stand-up-pouches-for-powder\/","title":{"rendered":"Kundenspezifische Standbeutel f\u00fcr Gew\u00fcrzpulvermarken - Scharnierloch &amp; Aufrei\u00dfkerbe"},"content":{"rendered":"<div class=\"wp-block-columns is-layout-flex wp-container-core-columns-is-layout-9d6595d7 wp-block-columns-is-layout-flex\">\n<div class=\"wp-block-column is-layout-flow wp-block-column-is-layout-flow\">\n<h2 class=\"wp-block-heading\">Merkmale der Custom Stand Up Pouches<\/h2>\n\n\n\n<p><strong>Funktionelle Verpackung:<\/strong> Standbodenbeutel bieten eine hervorragende Regalstabilit\u00e4t ohne zus\u00e4tzliche Unterst\u00fctzung, sparen Platz und halten die Produkte sichtbar und sauber. Der wiederverschlie\u00dfbare Verschluss h\u00e4lt die Produkte \u00fcber einen l\u00e4ngeren Zeitraum frisch und verhindert Klumpenbildung.<\/p>\n\n\n\n<p><strong>Auff\u00e4lliger Druck mit visuellem Reiz<\/strong>: Ein warmer beiger Hintergrund, tiefviolette Etiketten und rotgoldene Schriftz\u00fcge vermitteln hochwertigen klassischen Geschmack. Gerippte Designs und verlockende Bilder von Lebensmitteln erm\u00f6glichen es den Verbrauchern, den Geschmack des Produkts sofort zu erkennen.<\/p>\n\n\n\n<p><strong>Vielf\u00e4ltig einsetzbar:<\/strong> Geeignet f\u00fcr pulverf\u00f6rmige W\u00fcrzmittel, Gew\u00fcrze, Snacks, Kaffee, Tee und andere trockene Lebensmittel.<\/p>\n\n\n\n<p><strong>Kosteng\u00fcnstige Verpackung:<\/strong> Geringere Transport- und Lagerkosten als bei Dosen- oder Konservenprodukten, und sie sind am besten f\u00fcr kleine und gro\u00dfe Verpackungsanforderungen geeignet.<\/p>\n<\/div>\n\n\n\n<div class=\"wp-block-column is-layout-flow wp-block-column-is-layout-flow\">\n<figure class=\"wp-block-image size-full\"><img decoding=\"async\" width=\"800\" height=\"800\" src=\"https:\/\/www.zkprintpack.com\/wp-content\/uploads\/2025\/09\/wholesale-custom-stand-up-pouches.webp\" alt=\"Gro\u00dfhandel benutzerdefinierte Stand-up-Beutel\" class=\"wp-image-1926\" srcset=\"https:\/\/www.zkprintpack.com\/wp-content\/uploads\/2025\/09\/wholesale-custom-stand-up-pouches.webp 800w, https:\/\/www.zkprintpack.com\/wp-content\/uploads\/2025\/09\/wholesale-custom-stand-up-pouches-150x150.webp 150w, https:\/\/www.zkprintpack.com\/wp-content\/uploads\/2025\/09\/wholesale-custom-stand-up-pouches-768x768.webp 768w, https:\/\/www.zkprintpack.com\/wp-content\/uploads\/2025\/09\/wholesale-custom-stand-up-pouches-12x12.webp 12w, https:\/\/www.zkprintpack.com\/wp-content\/uploads\/2025\/09\/wholesale-custom-stand-up-pouches-600x600.webp 600w, https:\/\/www.zkprintpack.com\/wp-content\/uploads\/2025\/09\/wholesale-custom-stand-up-pouches-300x300.webp 300w, https:\/\/www.zkprintpack.com\/wp-content\/uploads\/2025\/09\/wholesale-custom-stand-up-pouches-100x100.webp 100w\" sizes=\"(max-width: 800px) 100vw, 800px\" \/><\/figure>\n<\/div>\n<\/div>\n\n\n\n<p><\/p>","protected":false},"excerpt":{"rendered":"<p>Dieses W\u00fcrzpulver mit Schweinerippchen-Geschmack eignet sich f\u00fcr die Verpackung in ma\u00dfgeschneiderten Standbeuteln, die frisch bleiben, leicht zu lagern sind und ein elegantes Aussehen haben. Die ma\u00dfgeschneiderten Standbeutel haben ein modernes, praktisches Design und sind die ideale Wahl f\u00fcr Pulvermarken und -produkte. Willkommen zu einem Angebot. Erhalten Sie jetzt ein kostenloses Muster!<\/p>\n<h2>Parameter der benutzerdefinierten Stand Up Pouch<\/h2>\n<ul>\n<li><strong>Material:<\/strong>\u00a0PET\/PE, PET\/NY\/PE, PET\/AL\/NY\/PE, usw.<\/li>\n<li><strong>Tasche Typ<\/strong>: Stehtragetasche<\/li>\n<li><strong>Gr\u00f6\u00dfe<\/strong>: 180g\/Zoll<\/li>\n<li><strong>Individuelle Bestellung<\/strong>: Akzeptieren Sie OEM &amp; ODM<\/li>\n<li><strong>Kostenlose Probe<\/strong>: Unterst\u00fctzung<\/li>\n<li><strong>Verwendung<\/strong>: Molkereiprodukte, Pulverprodukte, Snacks, etc.<\/li>\n<li><strong>Handhabung der Oberfl\u00e4che<\/strong>: Tiefdruck<\/li>\n<li><strong>Farbe<\/strong>: Kann angepasst werden<\/li>\n<li><strong>Zielm\u00e4rkte<\/strong>: \u00dcberall auf der Welt<\/li>\n<\/ul>","protected":false},"featured_media":1926,"comment_status":"closed","ping_status":"closed","template":"","meta":{"_acf_changed":false},"market":[62],"product_brand":[],"product_cat":[50],"product_tag":[],"class_list":{"0":"post-1921","1":"product","2":"type-product","3":"status-publish","4":"has-post-thumbnail","6":"market-powder-packaging-supplier","7":"product_cat-stand-up-pouches-wholesale","9":"first","10":"instock","11":"shipping-taxable","12":"product-type-simple"},"acf":[],"_links":{"self":[{"href":"https:\/\/www.zkprintpack.com\/de\/wp-json\/wp\/v2\/product\/1921","targetHints":{"allow":["GET"]}}],"collection":[{"href":"https:\/\/www.zkprintpack.com\/de\/wp-json\/wp\/v2\/product"}],"about":[{"href":"https:\/\/www.zkprintpack.com\/de\/wp-json\/wp\/v2\/types\/product"}],"replies":[{"embeddable":true,"href":"https:\/\/www.zkprintpack.com\/de\/wp-json\/wp\/v2\/comments?post=1921"}],"wp:featuredmedia":[{"embeddable":true,"href":"https:\/\/www.zkprintpack.com\/de\/wp-json\/wp\/v2\/media\/1926"}],"wp:attachment":[{"href":"https:\/\/www.zkprintpack.com\/de\/wp-json\/wp\/v2\/media?parent=1921"}],"wp:term":[{"taxonomy":"market","embeddable":true,"href":"https:\/\/www.zkprintpack.com\/de\/wp-json\/wp\/v2\/market?post=1921"},{"taxonomy":"product_brand","embeddable":true,"href":"https:\/\/www.zkprintpack.com\/de\/wp-json\/wp\/v2\/product_brand?post=1921"},{"taxonomy":"product_cat","embeddable":true,"href":"https:\/\/www.zkprintpack.com\/de\/wp-json\/wp\/v2\/product_cat?post=1921"},{"taxonomy":"product_tag","embeddable":true,"href":"https:\/\/www.zkprintpack.com\/de\/wp-json\/wp\/v2\/product_tag?post=1921"}],"curies":[{"name":"wp","href":"https:\/\/api.w.org\/{rel}","templated":true}]}}