{"id":1884,"date":"2025-11-09T19:22:18","date_gmt":"2025-11-09T19:22:18","guid":{"rendered":"https:\/\/www.zkprintpack.com\/?post_type=product&#038;p=1884"},"modified":"2025-11-09T19:22:38","modified_gmt":"2025-11-09T19:22:38","slug":"customized-stand-up-pouches-for-powder","status":"publish","type":"product","link":"https:\/\/www.zkprintpack.com\/de\/product\/customized-stand-up-pouches-for-powder\/","title":{"rendered":"Kundenspezifische Standbodenbeutel f\u00fcr pulverf\u00f6rmige Produkte - Aufrei\u00dfkerbe und Aufh\u00e4ngeloch"},"content":{"rendered":"<div class=\"wp-block-columns is-layout-flex wp-container-core-columns-is-layout-9d6595d7 wp-block-columns-is-layout-flex\">\n<div class=\"wp-block-column is-layout-flow wp-block-column-is-layout-flow\">\n<h2 class=\"wp-block-heading\">Merkmale von kundenspezifischen Stand Up Pouches<\/h2>\n\n\n\n<p><strong>N\u00fctzliches Regal-Design:<\/strong> Dank des Stand-up-Designs k\u00f6nnen die Verpackungsbeutel in Regalen oder auf Arbeitsfl\u00e4chen aufrecht stehen, was die Wiedererkennung der Marke und die Sichtbarkeit des Produkts f\u00f6rdert.<\/p>\n\n\n\n<p><strong>Bequem und tragbar: <\/strong>Leichte Verpackungsmaterialien aus lebensmittelechtem Verbundwerkstoff sparen Transportkosten, w\u00e4hrend das leicht zu \u00f6ffnende und wiederverschlie\u00dfbare Faltdesign einen benutzerfreundlichen Zugang und eine einfache Aufbewahrung erm\u00f6glicht.<\/p>\n\n\n\n<p><strong>Flexibilit\u00e4t bei der Gr\u00f6\u00dfenwahl:<\/strong> Optionale Gr\u00f6\u00dfen von ma\u00dfgeschneiderten Standbeuteln, die sowohl den Anforderungen der Verkostung als auch dem t\u00e4glichen Gebrauch zu Hause gerecht werden k\u00f6nnen.<\/p>\n\n\n\n<p><strong>Markenfreundlicher Verpackungsraum:<\/strong> Auf der gro\u00dfen Vorderseite der Verpackung ist gen\u00fcgend Platz, um den Markennamen, den Produktnamen und die wichtigsten Verkaufsargumente gut sichtbar anzubringen.<\/p>\n\n\n\n<p><strong>Starkes und sicheres Material:<\/strong> Sie besteht aus einer hochwertigen Verbundfolie, die Feuchtigkeit, Wind und Verschmutzung wirksam abh\u00e4lt.<\/p>\n<\/div>\n\n\n\n<div class=\"wp-block-column is-layout-flow wp-block-column-is-layout-flow\">\n<figure class=\"wp-block-image size-full\"><img decoding=\"async\" width=\"800\" height=\"800\" src=\"https:\/\/www.zkprintpack.com\/wp-content\/uploads\/2025\/09\/custom-stand-up-pouch-.webp\" alt=\"Individuell gestaltete Standtasche\" class=\"wp-image-1887\" srcset=\"https:\/\/www.zkprintpack.com\/wp-content\/uploads\/2025\/09\/custom-stand-up-pouch-.webp 800w, https:\/\/www.zkprintpack.com\/wp-content\/uploads\/2025\/09\/custom-stand-up-pouch--150x150.webp 150w, https:\/\/www.zkprintpack.com\/wp-content\/uploads\/2025\/09\/custom-stand-up-pouch--768x768.webp 768w, https:\/\/www.zkprintpack.com\/wp-content\/uploads\/2025\/09\/custom-stand-up-pouch--12x12.webp 12w, https:\/\/www.zkprintpack.com\/wp-content\/uploads\/2025\/09\/custom-stand-up-pouch--600x600.webp 600w, https:\/\/www.zkprintpack.com\/wp-content\/uploads\/2025\/09\/custom-stand-up-pouch--300x300.webp 300w, https:\/\/www.zkprintpack.com\/wp-content\/uploads\/2025\/09\/custom-stand-up-pouch--100x100.webp 100w\" sizes=\"(max-width: 800px) 100vw, 800px\" \/><\/figure>\n<\/div>\n<\/div>\n\n\n\n<p><\/p>","protected":false},"excerpt":{"rendered":"<p>Diese vielseitigen, individuell gestalteten Standbeutel eignen sich hervorragend f\u00fcr die Pr\u00e4sentation im Regal, sind tragbar und lassen sich bequem aufbewahren. Sie eignen sich ideal f\u00fcr eine Vielzahl von Pulverprodukten und bieten eine erstklassige Verpackungsl\u00f6sung f\u00fcr Marken, die sowohl Wert auf Praktikabilit\u00e4t als auch auf optische Attraktivit\u00e4t legen. Wir erstellen gerne ein Angebot. Fordern Sie jetzt ein kostenloses Muster an!<\/p>\n<h2>Parameter von kundenspezifischen Standbodenbeuteln<\/h2>\n<ul>\n<li><strong>Material:<\/strong>\u00a0PET\/PE, PET\/NY\/PE, PET\/AL\/NY\/PE, usw.<\/li>\n<li><strong>Tasche Typ<\/strong>: Stehtragetasche<\/li>\n<li><strong>Gr\u00f6\u00dfe<\/strong>: 100g\/227g\/Kunde<\/li>\n<li><strong>Individuelle Bestellung<\/strong>: Akzeptieren Sie OEM &amp; ODM<\/li>\n<li><strong>Kostenlose Probe<\/strong>: Unterst\u00fctzung<\/li>\n<li><strong>Verwendung<\/strong>: Molkereiprodukte, Pulverprodukte, Snacks, etc.<\/li>\n<li><strong>Handhabung der Oberfl\u00e4che<\/strong>: Tiefdruck<\/li>\n<li><strong>Farbe<\/strong>: Kann angepasst werden<\/li>\n<li><strong>Zielm\u00e4rkte<\/strong>: \u00dcberall auf der Welt<\/li>\n<\/ul>","protected":false},"featured_media":1886,"comment_status":"closed","ping_status":"closed","template":"","meta":{"_acf_changed":false},"market":[62],"product_brand":[],"product_cat":[50],"product_tag":[],"class_list":{"0":"post-1884","1":"product","2":"type-product","3":"status-publish","4":"has-post-thumbnail","6":"market-powder-packaging-supplier","7":"product_cat-stand-up-pouches-wholesale","9":"first","10":"instock","11":"shipping-taxable","12":"product-type-simple"},"acf":[],"_links":{"self":[{"href":"https:\/\/www.zkprintpack.com\/de\/wp-json\/wp\/v2\/product\/1884","targetHints":{"allow":["GET"]}}],"collection":[{"href":"https:\/\/www.zkprintpack.com\/de\/wp-json\/wp\/v2\/product"}],"about":[{"href":"https:\/\/www.zkprintpack.com\/de\/wp-json\/wp\/v2\/types\/product"}],"replies":[{"embeddable":true,"href":"https:\/\/www.zkprintpack.com\/de\/wp-json\/wp\/v2\/comments?post=1884"}],"wp:featuredmedia":[{"embeddable":true,"href":"https:\/\/www.zkprintpack.com\/de\/wp-json\/wp\/v2\/media\/1886"}],"wp:attachment":[{"href":"https:\/\/www.zkprintpack.com\/de\/wp-json\/wp\/v2\/media?parent=1884"}],"wp:term":[{"taxonomy":"market","embeddable":true,"href":"https:\/\/www.zkprintpack.com\/de\/wp-json\/wp\/v2\/market?post=1884"},{"taxonomy":"product_brand","embeddable":true,"href":"https:\/\/www.zkprintpack.com\/de\/wp-json\/wp\/v2\/product_brand?post=1884"},{"taxonomy":"product_cat","embeddable":true,"href":"https:\/\/www.zkprintpack.com\/de\/wp-json\/wp\/v2\/product_cat?post=1884"},{"taxonomy":"product_tag","embeddable":true,"href":"https:\/\/www.zkprintpack.com\/de\/wp-json\/wp\/v2\/product_tag?post=1884"}],"curies":[{"name":"wp","href":"https:\/\/api.w.org\/{rel}","templated":true}]}}