{"id":1880,"date":"2025-09-05T19:14:26","date_gmt":"2025-09-05T19:14:26","guid":{"rendered":"https:\/\/www.zkprintpack.com\/?post_type=product&#038;p=1880"},"modified":"2026-02-04T02:50:48","modified_gmt":"2026-02-04T02:50:48","slug":"custom-stand-up-pouch-bag-for-powder","status":"publish","type":"product","link":"https:\/\/www.zkprintpack.com\/de\/product\/custom-stand-up-pouch-bag-for-powder\/","title":{"rendered":"Kundenspezifischer Standbodenbeutel f\u00fcr Gew\u00fcrzpulver - Aufrei\u00dfkerbe &amp; Linie"},"content":{"rendered":"<div class=\"wp-block-columns is-layout-flex wp-container-core-columns-is-layout-9d6595d7 wp-block-columns-is-layout-flex\">\n<div class=\"wp-block-column is-layout-flow wp-block-column-is-layout-flow\">\n<h2 class=\"wp-block-heading\">Merkmale der Custom Stand Up Pouch Bag<\/h2>\n\n\n\n<p><strong>Sparen Sie Platz: <\/strong>Als kundenspezifischer Standbeutel kann er unabh\u00e4ngig auf Regalen oder K\u00fcchentheken stehen, um einfach ausgestellt und abgerufen zu werden, was die Wirkung von Terminals erh\u00f6ht und gleichzeitig Platz spart.<\/p>\n\n\n\n<p><strong>Spezifikationen f\u00fcr gro\u00dfe Kapazit\u00e4t:<\/strong> Der Boden ist deutlich mit \"2 Kilogramm Nettoinhalt\" gekennzeichnet, und das Fassungsverm\u00f6gen kann individuell angepasst werden.<\/p>\n\n\n\n<p><strong>Hervorragende Farbanpassung:<\/strong> Mit leuchtendem Gelb als Hauptfarbton, gepaart mit frischem Gr\u00fcn und reinem Wei\u00df, vermitteln unsere ma\u00dfgefertigten Standbodenbeutel ein Gef\u00fchl von Appetit und Vitalit\u00e4t, ganz im Einklang mit dem Produktattribut \"Frische und Duft\" der Gew\u00fcrze.<\/p>\n\n\n\n<p><strong>Versiegelung sichert Qualit\u00e4t: <\/strong>Der kundenspezifische Standbodenbeutel aus Verbundkunststoff hat feuchtigkeits- und lichtundurchl\u00e4ssige Eigenschaften und verl\u00e4ngert die Haltbarkeit von Gew\u00fcrzen. Die \u00d6ffnung an der Oberseite erm\u00f6glicht einen bequemen Zugriff und eine sekund\u00e4re Versiegelung, wodurch Komfort und Lagerungsbedarf ausgeglichen werden.<\/p>\n<\/div>\n\n\n\n<div class=\"wp-block-column is-layout-flow wp-block-column-is-layout-flow\">\n<figure class=\"wp-block-image size-full\"><img decoding=\"async\" width=\"800\" height=\"800\" src=\"https:\/\/www.zkprintpack.com\/wp-content\/uploads\/2025\/09\/custom-stand-up-pouch-bag.webp\" alt=\"\" class=\"wp-image-1882\" srcset=\"https:\/\/www.zkprintpack.com\/wp-content\/uploads\/2025\/09\/custom-stand-up-pouch-bag.webp 800w, https:\/\/www.zkprintpack.com\/wp-content\/uploads\/2025\/09\/custom-stand-up-pouch-bag-150x150.webp 150w, https:\/\/www.zkprintpack.com\/wp-content\/uploads\/2025\/09\/custom-stand-up-pouch-bag-768x768.webp 768w, https:\/\/www.zkprintpack.com\/wp-content\/uploads\/2025\/09\/custom-stand-up-pouch-bag-12x12.webp 12w, https:\/\/www.zkprintpack.com\/wp-content\/uploads\/2025\/09\/custom-stand-up-pouch-bag-600x600.webp 600w, https:\/\/www.zkprintpack.com\/wp-content\/uploads\/2025\/09\/custom-stand-up-pouch-bag-300x300.webp 300w, https:\/\/www.zkprintpack.com\/wp-content\/uploads\/2025\/09\/custom-stand-up-pouch-bag-100x100.webp 100w\" sizes=\"(max-width: 800px) 100vw, 800px\" \/><\/figure>\n<\/div>\n<\/div>\n\n\n\n<p><\/p>","protected":false},"excerpt":{"rendered":"<p>Unser kundenspezifischer Standbodenbeutel ist aus lebensmittelechtem Material hergestellt. Er ist platzsparend und hat eine hohe Siegelleistung. Die benutzerdefinierten Standbodenbeutel sind leicht, langlebig und perfekt f\u00fcr die Verpackung von Gew\u00fcrzen, Snacks, Pulvern und anderen trockenen Waren. Willkommen zu einem Angebot. Erhalten Sie jetzt ein kostenloses Muster!<\/p>\n<h2>Parameter der benutzerdefinierten Stand Up Pouch<\/h2>\n<ul>\n<li><strong>Material:<\/strong>\u00a0PET\/PE, PET\/NY\/PE, PET\/AL\/NY\/PE, usw.<\/li>\n<li><strong>Tasche Typ<\/strong>: Stehtragetasche<\/li>\n<li><strong>Gr\u00f6\u00dfe<\/strong>: 2kg\/Zoll<\/li>\n<li><strong>Individuelle Bestellung<\/strong>: Akzeptieren Sie OEM &amp; ODM<\/li>\n<li><strong>Kostenlose Probe<\/strong>: Unterst\u00fctzung<\/li>\n<li><strong>Verwendung<\/strong>: Molkereiprodukte, Pulverprodukte, Snacks, etc.<\/li>\n<li><strong>Handhabung der Oberfl\u00e4che<\/strong>: Tiefdruck<\/li>\n<li><strong>Farbe<\/strong>: Kann angepasst werden<\/li>\n<li><strong>Zielm\u00e4rkte<\/strong>: \u00dcberall auf der Welt<\/li>\n<\/ul>","protected":false},"featured_media":1881,"comment_status":"closed","ping_status":"closed","template":"","meta":{"_acf_changed":false},"market":[62],"product_brand":[],"product_cat":[50],"product_tag":[],"class_list":{"0":"post-1880","1":"product","2":"type-product","3":"status-publish","4":"has-post-thumbnail","6":"market-powder-packaging-supplier","7":"product_cat-stand-up-pouches-wholesale","9":"first","10":"instock","11":"shipping-taxable","12":"product-type-simple"},"acf":[],"_links":{"self":[{"href":"https:\/\/www.zkprintpack.com\/de\/wp-json\/wp\/v2\/product\/1880","targetHints":{"allow":["GET"]}}],"collection":[{"href":"https:\/\/www.zkprintpack.com\/de\/wp-json\/wp\/v2\/product"}],"about":[{"href":"https:\/\/www.zkprintpack.com\/de\/wp-json\/wp\/v2\/types\/product"}],"replies":[{"embeddable":true,"href":"https:\/\/www.zkprintpack.com\/de\/wp-json\/wp\/v2\/comments?post=1880"}],"wp:featuredmedia":[{"embeddable":true,"href":"https:\/\/www.zkprintpack.com\/de\/wp-json\/wp\/v2\/media\/1881"}],"wp:attachment":[{"href":"https:\/\/www.zkprintpack.com\/de\/wp-json\/wp\/v2\/media?parent=1880"}],"wp:term":[{"taxonomy":"market","embeddable":true,"href":"https:\/\/www.zkprintpack.com\/de\/wp-json\/wp\/v2\/market?post=1880"},{"taxonomy":"product_brand","embeddable":true,"href":"https:\/\/www.zkprintpack.com\/de\/wp-json\/wp\/v2\/product_brand?post=1880"},{"taxonomy":"product_cat","embeddable":true,"href":"https:\/\/www.zkprintpack.com\/de\/wp-json\/wp\/v2\/product_cat?post=1880"},{"taxonomy":"product_tag","embeddable":true,"href":"https:\/\/www.zkprintpack.com\/de\/wp-json\/wp\/v2\/product_tag?post=1880"}],"curies":[{"name":"wp","href":"https:\/\/api.w.org\/{rel}","templated":true}]}}