{"id":1874,"date":"2025-09-05T19:16:11","date_gmt":"2025-09-05T19:16:11","guid":{"rendered":"https:\/\/www.zkprintpack.com\/?post_type=product&#038;p=1874"},"modified":"2026-01-15T02:10:57","modified_gmt":"2026-01-15T02:10:57","slug":"custom-printed-roll-stock-for-snacks","status":"publish","type":"product","link":"https:\/\/www.zkprintpack.com\/de\/product\/custom-printed-roll-stock-for-snacks\/","title":{"rendered":"Individuell bedruckte Rollenware f\u00fcr Kekse und Snacks, Lieferant f\u00fcr Snack-Verpackungsfolien"},"content":{"rendered":"<div class=\"wp-block-columns is-layout-flex wp-container-core-columns-is-layout-9d6595d7 wp-block-columns-is-layout-flex\">\n<div class=\"wp-block-column is-layout-flow wp-block-column-is-layout-flow\">\n<h2 class=\"wp-block-heading\">Merkmale der individuell bedruckten Rollenware<\/h2>\n\n\n\n<p><strong>Lebensmittelgeeignete, umweltfreundliche Materialien: <\/strong>Unser individuell bedrucktes Rollenmaterial wird aus zertifizierten Verbundmaterialien hergestellt, die mit Lebensmitteln in Ber\u00fchrung kommen, um die Sicherheit zu gew\u00e4hrleisten und die Haltbarkeit zu verl\u00e4ngern.<\/p>\n\n\n\n<p><strong>Druck mit Tinte auf Wasserbasis: <\/strong><br>Unser bedrucktes Rollenmaterial verwendet umweltfreundliche Druckl\u00f6sungen, die die Emission fl\u00fcchtiger organischer Verbindungen (VOC) reduzieren, das Risiko von Schwermetallen minimieren und leuchtende Farben w\u00e4hrend des Transports und der Lagerung bewahren k\u00f6nnen.<\/p>\n\n\n\n<p><strong>Ma\u00dfgeschneiderte Snack-Verpackungen<\/strong>: Als f\u00fchrender Anbieter von individuell bedruckten Verpackungen von der Rolle bieten wir eine breite Palette von Dienstleistungen an, um Marken bei der Entwicklung einzigartiger Verpackungsdesigns zu unterst\u00fctzen und ihre Wettbewerbsf\u00e4higkeit zu verbessern.<\/p>\n\n\n\n<p><strong>Effiziente Produktion<\/strong>: <br>Die automatisierte Produktionslinie stellt sicher, dass jede Charge unseres bedruckten Rollenmaterials pr\u00e4zise und effizient ist und den internationalen Qualit\u00e4tsstandards entspricht.<\/p>\n<\/div>\n\n\n\n<div class=\"wp-block-column is-layout-flow wp-block-column-is-layout-flow\">\n<figure class=\"wp-block-image size-full\"><img decoding=\"async\" width=\"800\" height=\"800\" src=\"https:\/\/www.zkprintpack.com\/wp-content\/uploads\/2025\/09\/custom-printed-roll-stock-4.webp\" alt=\"individuell bedruckte Rollenware (4)\" class=\"wp-image-1878\" srcset=\"https:\/\/www.zkprintpack.com\/wp-content\/uploads\/2025\/09\/custom-printed-roll-stock-4.webp 800w, https:\/\/www.zkprintpack.com\/wp-content\/uploads\/2025\/09\/custom-printed-roll-stock-4-150x150.webp 150w, https:\/\/www.zkprintpack.com\/wp-content\/uploads\/2025\/09\/custom-printed-roll-stock-4-768x768.webp 768w, https:\/\/www.zkprintpack.com\/wp-content\/uploads\/2025\/09\/custom-printed-roll-stock-4-12x12.webp 12w, https:\/\/www.zkprintpack.com\/wp-content\/uploads\/2025\/09\/custom-printed-roll-stock-4-600x600.webp 600w, https:\/\/www.zkprintpack.com\/wp-content\/uploads\/2025\/09\/custom-printed-roll-stock-4-300x300.webp 300w, https:\/\/www.zkprintpack.com\/wp-content\/uploads\/2025\/09\/custom-printed-roll-stock-4-100x100.webp 100w\" sizes=\"(max-width: 800px) 100vw, 800px\" \/><\/figure>\n<\/div>\n<\/div>\n\n\n\n<p><\/p>","protected":false},"excerpt":{"rendered":"<p>Zhongjia Printing hat sich auf individuell bedruckte Rollenware f\u00fcr Kekse, Kekse, Trockenfr\u00fcchte, N\u00fcsse und andere Snacks spezialisiert, die sicher und umweltfreundlich ist und OEM und ODM unterst\u00fctzt. Kontaktieren Sie uns, um eine gl\u00e4nzende Zukunft f\u00fcr Ihre Marke zu schaffen! Fordern Sie jetzt ein Muster an!<\/p>\n<h2>Parameter f\u00fcr individuell bedruckte Rollenware<\/h2>\n<ul>\n<li><strong>Material:<\/strong>\u00a0PET\/PE, PET\/NY\/PE, PET\/AL\/NY\/PE, usw.<\/li>\n<li><strong>Tasche Typ<\/strong>: Rollenware Film<\/li>\n<li><strong>Gr\u00f6\u00dfe<\/strong>: 360g\/Zoll<\/li>\n<li><strong>Individuelle Bestellung<\/strong>: Akzeptieren Sie OEM &amp; ODM<\/li>\n<li><strong>Kostenlose Probe<\/strong>: Unterst\u00fctzung<\/li>\n<li><strong>Verwendung<\/strong>: Milchprodukte, Kekse, Kekse, Trockenfr\u00fcchte, N\u00fcsse und andere Snacks<\/li>\n<li><strong>Handhabung der Oberfl\u00e4che<\/strong>: Tiefdruck<\/li>\n<li><strong>Farbe<\/strong>: Kann angepasst werden<\/li>\n<li><strong>Zielm\u00e4rkte<\/strong>: \u00dcberall auf der Welt<\/li>\n<\/ul>","protected":false},"featured_media":1875,"comment_status":"closed","ping_status":"closed","template":"","meta":{"_acf_changed":false},"market":[61],"product_brand":[],"product_cat":[57],"product_tag":[],"class_list":{"0":"post-1874","1":"product","2":"type-product","3":"status-publish","4":"has-post-thumbnail","6":"market-snack-packaging-supplier","7":"product_cat-rollstock-film-supplier","9":"first","10":"instock","11":"shipping-taxable","12":"product-type-simple"},"acf":[],"_links":{"self":[{"href":"https:\/\/www.zkprintpack.com\/de\/wp-json\/wp\/v2\/product\/1874","targetHints":{"allow":["GET"]}}],"collection":[{"href":"https:\/\/www.zkprintpack.com\/de\/wp-json\/wp\/v2\/product"}],"about":[{"href":"https:\/\/www.zkprintpack.com\/de\/wp-json\/wp\/v2\/types\/product"}],"replies":[{"embeddable":true,"href":"https:\/\/www.zkprintpack.com\/de\/wp-json\/wp\/v2\/comments?post=1874"}],"wp:featuredmedia":[{"embeddable":true,"href":"https:\/\/www.zkprintpack.com\/de\/wp-json\/wp\/v2\/media\/1875"}],"wp:attachment":[{"href":"https:\/\/www.zkprintpack.com\/de\/wp-json\/wp\/v2\/media?parent=1874"}],"wp:term":[{"taxonomy":"market","embeddable":true,"href":"https:\/\/www.zkprintpack.com\/de\/wp-json\/wp\/v2\/market?post=1874"},{"taxonomy":"product_brand","embeddable":true,"href":"https:\/\/www.zkprintpack.com\/de\/wp-json\/wp\/v2\/product_brand?post=1874"},{"taxonomy":"product_cat","embeddable":true,"href":"https:\/\/www.zkprintpack.com\/de\/wp-json\/wp\/v2\/product_cat?post=1874"},{"taxonomy":"product_tag","embeddable":true,"href":"https:\/\/www.zkprintpack.com\/de\/wp-json\/wp\/v2\/product_tag?post=1874"}],"curies":[{"name":"wp","href":"https:\/\/api.w.org\/{rel}","templated":true}]}}