{"id":1871,"date":"2025-09-03T16:01:20","date_gmt":"2025-09-03T16:01:20","guid":{"rendered":"https:\/\/www.zkprintpack.com\/?post_type=product&#038;p=1871"},"modified":"2026-02-04T02:50:34","modified_gmt":"2026-02-04T02:50:34","slug":"custom-cookie-pouch-factory","status":"publish","type":"product","link":"https:\/\/www.zkprintpack.com\/de\/product\/custom-cookie-pouch-factory\/","title":{"rendered":"Custom Cookie Pouch Factory f\u00fcr Kekse, Kekse und getrocknete Fr\u00fcchte - Tear Notch &amp; Hanging Hole."},"content":{"rendered":"<div class=\"wp-block-columns is-layout-flex wp-container-core-columns-is-layout-9d6595d7 wp-block-columns-is-layout-flex\">\n<div class=\"wp-block-column is-layout-flow wp-block-column-is-layout-flow\">\n<h2 class=\"wp-block-heading\">Eigenschaften von Custom Cookie Pouch<\/h2>\n\n\n\n<p><strong>Auff\u00e4llige Verpackung:<\/strong> <br>Lebendige Farben, auff\u00e4llige Schriftarten und visuelle Produkteffekte unserer individuellen Kekst\u00fcten sollen die visuelle Wirkung der Regale verst\u00e4rken.<\/p>\n\n\n\n<p><strong>Frisch und praktisch: <\/strong><br>Die dreiseitige<strong> <\/strong>Das Siegel l\u00e4sst sich leicht einrei\u00dfen, so dass die Snacks knusprig bleiben und sich leicht \u00f6ffnen lassen.<\/p>\n\n\n\n<p><strong>Aufh\u00e4ngel\u00f6cher anzeigen: <\/strong><br>Die verst\u00e4rkten Aufh\u00e4ngel\u00f6cher der individuellen Kekstasche erleichtern das Aufh\u00e4ngen an Lochplatten oder Regalen und verbessern so die Sichtbarkeit im Regal.<\/p>\n\n\n\n<p><strong>Lebensmittelgeeignete, sichere und langlebige Materialien:<br><\/strong>Unsere kundenspezifischen Kekst\u00fcten werden aus lebensmittelechter PE\/PA-Verbundfolie hergestellt und mit einer pr\u00e4zisen Hei\u00dfsiegeltechnik versiegelt, um Verunreinigungen wirksam zu verhindern und die lang anhaltende Frische des Produkts zu gew\u00e4hrleisten. Die glatten Kanten und die robuste Versiegelung gew\u00e4hrleisten die Haltbarkeit des Produkts bei Lagerung und Transport.<\/p>\n<\/div>\n\n\n\n<div class=\"wp-block-column is-layout-flow wp-block-column-is-layout-flow\">\n<figure class=\"wp-block-image size-full\"><img decoding=\"async\" width=\"800\" height=\"800\" src=\"https:\/\/www.zkprintpack.com\/wp-content\/uploads\/2025\/09\/Custom-Cookie-Pouch-2.webp\" alt=\"\" class=\"wp-image-1873\" srcset=\"https:\/\/www.zkprintpack.com\/wp-content\/uploads\/2025\/09\/Custom-Cookie-Pouch-2.webp 800w, https:\/\/www.zkprintpack.com\/wp-content\/uploads\/2025\/09\/Custom-Cookie-Pouch-2-150x150.webp 150w, https:\/\/www.zkprintpack.com\/wp-content\/uploads\/2025\/09\/Custom-Cookie-Pouch-2-768x768.webp 768w, https:\/\/www.zkprintpack.com\/wp-content\/uploads\/2025\/09\/Custom-Cookie-Pouch-2-12x12.webp 12w, https:\/\/www.zkprintpack.com\/wp-content\/uploads\/2025\/09\/Custom-Cookie-Pouch-2-600x600.webp 600w, https:\/\/www.zkprintpack.com\/wp-content\/uploads\/2025\/09\/Custom-Cookie-Pouch-2-300x300.webp 300w, https:\/\/www.zkprintpack.com\/wp-content\/uploads\/2025\/09\/Custom-Cookie-Pouch-2-100x100.webp 100w\" sizes=\"(max-width: 800px) 100vw, 800px\" \/><\/figure>\n<\/div>\n<\/div>","protected":false},"excerpt":{"rendered":"<p>Unsere individuellen Kekst\u00fcten werden aus lebensmittelechten Materialien hergestellt und sind ideal f\u00fcr Kekse, Kekse, Trockenfr\u00fcchte, N\u00fcsse und andere Snacks. Perfekt f\u00fcr Keksmarken, Keksmarken, Trockenfruchtmarken, Nussmarken und andere Snackmarken, die eine auff\u00e4llige Verpackung suchen.  Vollst\u00e4ndig anpassbar (OEM\/ODM) mit lebhaften Aufdrucken und Optionen f\u00fcr wei\u00dfe Etiketten. Jetzt Muster anfordern!<\/p>\n<h2>Parameter der individuellen Kekstasche<\/h2>\n<ul>\n<li><strong>Material:<\/strong>\u00a0PET\/PE, PET\/NY\/PE, PET\/AL\/NY\/PE, usw.<\/li>\n<li><strong>Tasche Typ<\/strong>: Stehtragetasche<\/li>\n<li><strong>Gr\u00f6\u00dfe<\/strong>: 55g\/Zoll<\/li>\n<li><strong>Individuelle Bestellung<\/strong>: Akzeptieren Sie OEM &amp; ODM<\/li>\n<li><strong>Kostenlose Probe<\/strong>: Unterst\u00fctzung<\/li>\n<li><strong>Verwendung<\/strong>: Milchprodukte, Kekse, Kekse, Trockenfr\u00fcchte, N\u00fcsse und andere Snacks<\/li>\n<li><strong>Handhabung der Oberfl\u00e4che<\/strong>: Tiefdruck<\/li>\n<li><strong>Farbe<\/strong>: Kann angepasst werden<\/li>\n<li><strong>Zielm\u00e4rkte<\/strong>: \u00dcberall auf der Welt<\/li>\n<\/ul>","protected":false},"featured_media":1872,"comment_status":"closed","ping_status":"closed","template":"","meta":{"_acf_changed":false},"market":[61],"product_brand":[],"product_cat":[50],"product_tag":[],"class_list":{"0":"post-1871","1":"product","2":"type-product","3":"status-publish","4":"has-post-thumbnail","6":"market-snack-packaging-supplier","7":"product_cat-stand-up-pouches-wholesale","9":"first","10":"instock","11":"shipping-taxable","12":"product-type-simple"},"acf":[],"_links":{"self":[{"href":"https:\/\/www.zkprintpack.com\/de\/wp-json\/wp\/v2\/product\/1871","targetHints":{"allow":["GET"]}}],"collection":[{"href":"https:\/\/www.zkprintpack.com\/de\/wp-json\/wp\/v2\/product"}],"about":[{"href":"https:\/\/www.zkprintpack.com\/de\/wp-json\/wp\/v2\/types\/product"}],"replies":[{"embeddable":true,"href":"https:\/\/www.zkprintpack.com\/de\/wp-json\/wp\/v2\/comments?post=1871"}],"wp:featuredmedia":[{"embeddable":true,"href":"https:\/\/www.zkprintpack.com\/de\/wp-json\/wp\/v2\/media\/1872"}],"wp:attachment":[{"href":"https:\/\/www.zkprintpack.com\/de\/wp-json\/wp\/v2\/media?parent=1871"}],"wp:term":[{"taxonomy":"market","embeddable":true,"href":"https:\/\/www.zkprintpack.com\/de\/wp-json\/wp\/v2\/market?post=1871"},{"taxonomy":"product_brand","embeddable":true,"href":"https:\/\/www.zkprintpack.com\/de\/wp-json\/wp\/v2\/product_brand?post=1871"},{"taxonomy":"product_cat","embeddable":true,"href":"https:\/\/www.zkprintpack.com\/de\/wp-json\/wp\/v2\/product_cat?post=1871"},{"taxonomy":"product_tag","embeddable":true,"href":"https:\/\/www.zkprintpack.com\/de\/wp-json\/wp\/v2\/product_tag?post=1871"}],"curies":[{"name":"wp","href":"https:\/\/api.w.org\/{rel}","templated":true}]}}