{"id":1866,"date":"2025-09-05T19:20:39","date_gmt":"2025-09-05T19:20:39","guid":{"rendered":"https:\/\/www.zkprintpack.com\/?post_type=product&#038;p=1866"},"modified":"2026-01-15T02:10:46","modified_gmt":"2026-01-15T02:10:46","slug":"custom-cookie-bag-3-side-seal-for-food","status":"publish","type":"product","link":"https:\/\/www.zkprintpack.com\/de\/product\/custom-cookie-bag-3-side-seal-for-food\/","title":{"rendered":"Individuelle Kekst\u00fcte mit 3-seitigem Verschluss f\u00fcr Kekse, Kekse und andere Snacks"},"content":{"rendered":"<div class=\"wp-block-columns is-layout-flex wp-container-core-columns-is-layout-9d6595d7 wp-block-columns-is-layout-flex\">\n<div class=\"wp-block-column is-layout-flow wp-block-column-is-layout-flow\">\n<h2 class=\"wp-block-heading\">Merkmale von Custom Cookie Bag 3-seitiger Verschluss<\/h2>\n\n\n\n<p><strong>Praktische und \u00e4sthetisch ansprechende Verpackung:<\/strong><br>Unsere 3-Seiten-Versiegelung f\u00fcr Pl\u00e4tzchent\u00fcten gew\u00e4hrleistet die Versiegelung, bewahrt die frische und knusprige Konsistenz und verhindert das Aufweichen. <\/p>\n\n\n\n<p><strong>Klare und \u00e4sthetisch ansprechende Verpackung:<\/strong><br>Die leuchtende Farbe der individuellen Kekst\u00fcte mit 3-seitigem Verschluss spiegelt die nat\u00fcrliche Frische der Snacks wider, w\u00e4hrend das Keksmuster und die Kombinationsvorschl\u00e4ge ein visuelles Vergn\u00fcgen darstellen. <\/p>\n\n\n\n<p><strong>Lebensmittelgeeignete, sichere und langlebige Materialien:<br><\/strong>Unsere kundenspezifischen Kekst\u00fcten mit 3-seitiger Versiegelung bestehen aus lebensmittelechter PE\/PA-Verbundfolie und werden mit einer pr\u00e4zisen Hei\u00dfsiegeltechnik versiegelt, um Verunreinigungen wirksam zu verhindern und die lang anhaltende Frische des Produkts zu gew\u00e4hrleisten. Die glatten Kanten und die robuste Versiegelung gew\u00e4hrleisten die Haltbarkeit des Produkts bei Lagerung und Transport.<\/p>\n\n\n\n<p><strong>Umweltfreundliche Drucktechnik:<\/strong><br>Im Einklang mit dem Trend der modernen nachhaltigen Entwicklung werden die Verpackungen mit Druckfarben auf Wasserbasis bedruckt, wodurch die Emissionen fl\u00fcchtiger organischer Verbindungen (VOC) und Schwermetallr\u00fcckst\u00e4nde reduziert, die Umweltauswirkungen minimiert und die Initiative der Marke f\u00fcr verantwortungsvolle Verpackungen unterst\u00fctzt werden k\u00f6nnen.<\/p>\n<\/div>\n\n\n\n<div class=\"wp-block-column is-layout-flow wp-block-column-is-layout-flow\">\n<figure class=\"wp-block-image size-full\"><img decoding=\"async\" width=\"800\" height=\"800\" src=\"https:\/\/www.zkprintpack.com\/wp-content\/uploads\/2025\/09\/Custom-Cookie-Bag-3-side-Seal-2.webp\" alt=\"Individueller Keksbeutel mit 3-seitigem Verschluss (2)\" class=\"wp-image-1869\" srcset=\"https:\/\/www.zkprintpack.com\/wp-content\/uploads\/2025\/09\/Custom-Cookie-Bag-3-side-Seal-2.webp 800w, https:\/\/www.zkprintpack.com\/wp-content\/uploads\/2025\/09\/Custom-Cookie-Bag-3-side-Seal-2-150x150.webp 150w, https:\/\/www.zkprintpack.com\/wp-content\/uploads\/2025\/09\/Custom-Cookie-Bag-3-side-Seal-2-768x768.webp 768w, https:\/\/www.zkprintpack.com\/wp-content\/uploads\/2025\/09\/Custom-Cookie-Bag-3-side-Seal-2-12x12.webp 12w, https:\/\/www.zkprintpack.com\/wp-content\/uploads\/2025\/09\/Custom-Cookie-Bag-3-side-Seal-2-600x600.webp 600w, https:\/\/www.zkprintpack.com\/wp-content\/uploads\/2025\/09\/Custom-Cookie-Bag-3-side-Seal-2-300x300.webp 300w, https:\/\/www.zkprintpack.com\/wp-content\/uploads\/2025\/09\/Custom-Cookie-Bag-3-side-Seal-2-100x100.webp 100w\" sizes=\"(max-width: 800px) 100vw, 800px\" \/><\/figure>\n<\/div>\n<\/div>\n\n\n\n<p><\/p>","protected":false},"excerpt":{"rendered":"<p>Unsere individuelle Kekst\u00fcte mit 3-seitigem Verschluss wird aus lebensmittelechten Materialien hergestellt und ist ideal f\u00fcr Kekse, Kekse, Trockenfr\u00fcchte, N\u00fcsse und andere Snacks. Perfekt f\u00fcr Keksmarken, Keksmarken, Trockenobstmarken, Nussmarken und andere Snackmarken, die eine auff\u00e4llige Verpackung suchen.  Vollst\u00e4ndig anpassbar (OEM\/ODM) mit lebhaften Aufdrucken und Eigenmarkenoptionen. Jetzt Muster anfordern!<\/p>\n<h2>Parameter der benutzerdefinierten Kekst\u00fcte 3-Seiten-Verschluss<\/h2>\n<ul>\n<li><strong>Material:<\/strong>\u00a0PET\/PE, PET\/NY\/PE, PET\/AL\/NY\/PE, usw.<\/li>\n<li><strong>Tasche Typ<\/strong>: 3-Seiten-Siegelbeutel<\/li>\n<li><strong>Gr\u00f6\u00dfe<\/strong>: 228g\/Zoll<\/li>\n<li><strong>Individuelle Bestellung<\/strong>: Akzeptieren Sie OEM &amp; ODM<\/li>\n<li><strong>Kostenlose Probe<\/strong>: Unterst\u00fctzung<\/li>\n<li><strong>Verwendung<\/strong>: Milchprodukte, Kekse, Kekse, Trockenfr\u00fcchte, N\u00fcsse und andere Snacks<\/li>\n<li><strong>Handhabung der Oberfl\u00e4che<\/strong>: Tiefdruck<\/li>\n<li><strong>Farbe<\/strong>: Kann angepasst werden<\/li>\n<li><strong>Zielm\u00e4rkte<\/strong>: \u00dcberall auf der Welt<\/li>\n<\/ul>","protected":false},"featured_media":1870,"comment_status":"closed","ping_status":"closed","template":"","meta":{"_acf_changed":false},"market":[61],"product_brand":[],"product_cat":[53],"product_tag":[],"class_list":{"0":"post-1866","1":"product","2":"type-product","3":"status-publish","4":"has-post-thumbnail","6":"market-snack-packaging-supplier","7":"product_cat-three-side-seal-pouch-wholesale","9":"first","10":"instock","11":"shipping-taxable","12":"product-type-simple"},"acf":[],"_links":{"self":[{"href":"https:\/\/www.zkprintpack.com\/de\/wp-json\/wp\/v2\/product\/1866","targetHints":{"allow":["GET"]}}],"collection":[{"href":"https:\/\/www.zkprintpack.com\/de\/wp-json\/wp\/v2\/product"}],"about":[{"href":"https:\/\/www.zkprintpack.com\/de\/wp-json\/wp\/v2\/types\/product"}],"replies":[{"embeddable":true,"href":"https:\/\/www.zkprintpack.com\/de\/wp-json\/wp\/v2\/comments?post=1866"}],"wp:featuredmedia":[{"embeddable":true,"href":"https:\/\/www.zkprintpack.com\/de\/wp-json\/wp\/v2\/media\/1870"}],"wp:attachment":[{"href":"https:\/\/www.zkprintpack.com\/de\/wp-json\/wp\/v2\/media?parent=1866"}],"wp:term":[{"taxonomy":"market","embeddable":true,"href":"https:\/\/www.zkprintpack.com\/de\/wp-json\/wp\/v2\/market?post=1866"},{"taxonomy":"product_brand","embeddable":true,"href":"https:\/\/www.zkprintpack.com\/de\/wp-json\/wp\/v2\/product_brand?post=1866"},{"taxonomy":"product_cat","embeddable":true,"href":"https:\/\/www.zkprintpack.com\/de\/wp-json\/wp\/v2\/product_cat?post=1866"},{"taxonomy":"product_tag","embeddable":true,"href":"https:\/\/www.zkprintpack.com\/de\/wp-json\/wp\/v2\/product_tag?post=1866"}],"curies":[{"name":"wp","href":"https:\/\/api.w.org\/{rel}","templated":true}]}}