{"id":1826,"date":"2025-08-29T19:04:06","date_gmt":"2025-08-29T19:04:06","guid":{"rendered":"https:\/\/www.zkprintpack.com\/?post_type=product&#038;p=1826"},"modified":"2026-01-15T02:11:21","modified_gmt":"2026-01-15T02:11:21","slug":"custom-food-stand-up-pouch-manufacture","status":"publish","type":"product","link":"https:\/\/www.zkprintpack.com\/de\/product\/custom-food-stand-up-pouch-manufacture\/","title":{"rendered":"Custom Food Stand Up Pouch Hersteller f\u00fcr k\u00fcchenfertige Lebensmittel - Tear Notch"},"content":{"rendered":"<div class=\"wp-block-columns is-layout-flex wp-container-core-columns-is-layout-9d6595d7 wp-block-columns-is-layout-flex\">\n<div class=\"wp-block-column is-layout-flow wp-block-column-is-layout-flow\">\n<h2 class=\"wp-block-heading\">Merkmale von Custom Food Stand Up Pouch<\/h2>\n\n\n\n<p><strong>Verbesserte Branding-M\u00f6glichkeiten<\/strong>:<br>Die breiten, flachen Vorder- und R\u00fcckseiten unserer ma\u00dfgeschneiderten Standbeutel f\u00fcr Lebensmittel bieten Platz f\u00fcr auff\u00e4llige Grafiken, Logos und Fakten. Matte, gl\u00e4nzende oder metallische Beschichtungen sorgen f\u00fcr ein hochwertiges Erscheinungsbild, so dass sich Marken von den \u00fcberf\u00fcllten Verkaufsregalen abheben und die umwelt- und designbewussten K\u00e4ufer erreichen k\u00f6nnen.<\/p>\n\n\n\n<p><strong>Ausgezeichneter Produktschutz:<\/strong><br>Dieser kundenspezifische Standbodenbeutel bietet eine einheitliche Barriere gegen Feuchtigkeit, Ger\u00fcche und Sauerstoff und sorgt so f\u00fcr frische und haltbare Produkte. Standbodenbeutel k\u00f6nnen mit Aluminiumfolie, Barrierefolien oder Schutzbeschichtungen kombiniert werden, um verschiedene Lebensmittel- und Getr\u00e4nkeprodukte zu verpacken.<\/p>\n\n\n\n<p><strong>Stabil und regalf\u00e4hig:<\/strong><br>Dieses Verpackungsdesign sorgt daf\u00fcr, dass die Verpackung in den Regalen des Einzelhandels und bei der Lagerung zu Hause an ihrem Platz bleibt, das Produkt sauberer und ansprechender ist. Sie verhindert, dass das Produkt umkippt, was die Effizienz der Regale und die Benutzerfreundlichkeit erh\u00f6ht.<\/p>\n<\/div>\n\n\n\n<div class=\"wp-block-column is-layout-flow wp-block-column-is-layout-flow\">\n<figure class=\"wp-block-image size-full\"><img decoding=\"async\" width=\"800\" height=\"800\" src=\"https:\/\/www.zkprintpack.com\/wp-content\/uploads\/2025\/08\/Custom-Pre-made-Food-Stand-up-Pouches-3.webp\" alt=\"Individuell vorgefertigte Lebensmittel-Standbeutel (3)\" class=\"wp-image-1829\" srcset=\"https:\/\/www.zkprintpack.com\/wp-content\/uploads\/2025\/08\/Custom-Pre-made-Food-Stand-up-Pouches-3.webp 800w, https:\/\/www.zkprintpack.com\/wp-content\/uploads\/2025\/08\/Custom-Pre-made-Food-Stand-up-Pouches-3-150x150.webp 150w, https:\/\/www.zkprintpack.com\/wp-content\/uploads\/2025\/08\/Custom-Pre-made-Food-Stand-up-Pouches-3-768x768.webp 768w, https:\/\/www.zkprintpack.com\/wp-content\/uploads\/2025\/08\/Custom-Pre-made-Food-Stand-up-Pouches-3-12x12.webp 12w, https:\/\/www.zkprintpack.com\/wp-content\/uploads\/2025\/08\/Custom-Pre-made-Food-Stand-up-Pouches-3-600x600.webp 600w, https:\/\/www.zkprintpack.com\/wp-content\/uploads\/2025\/08\/Custom-Pre-made-Food-Stand-up-Pouches-3-300x300.webp 300w, https:\/\/www.zkprintpack.com\/wp-content\/uploads\/2025\/08\/Custom-Pre-made-Food-Stand-up-Pouches-3-100x100.webp 100w\" sizes=\"(max-width: 800px) 100vw, 800px\" \/><\/figure>\n<\/div>\n<\/div>\n\n\n\n<p><\/p>","protected":false},"excerpt":{"rendered":"<p>Unsere ma\u00dfgefertigten Standbodenbeutel werden aus lebensmittelechten Materialien hergestellt und sind ideal f\u00fcr k\u00fcchenfertige Lebensmittel und Meeresfr\u00fcchte. Perfekt f\u00fcr Marken von k\u00fcchenfertigen Lebensmitteln und Meeresfr\u00fcchten, die eine aufmerksamkeitsstarke Verpackung suchen.  Vollst\u00e4ndig anpassbar (OEM\/ODM) mit lebhaften Aufdrucken und Eigenmarkenoptionen. Jetzt Muster anfordern!<\/p>\n<h2>Parameter der benutzerdefinierten Lebensmittel Stand Up Pouch<\/h2>\n<ul>\n<li><strong>Material:<\/strong>\u00a0PET\/PE, PET\/NY\/PE, PET\/AL\/NY\/PE, usw.<\/li>\n<li><strong>Tasche Typ<\/strong>: Stehtragetasche<\/li>\n<li><strong>Gr\u00f6\u00dfe<\/strong>: 1.13kg\/Zoll<\/li>\n<li><strong>Individuelle Bestellung<\/strong>: Akzeptieren Sie OEM &amp; ODM<\/li>\n<li><strong>Kostenlose Probe<\/strong>: Unterst\u00fctzung<\/li>\n<li><strong>Verwendung<\/strong>: Molkereiprodukte, k\u00fcchenfertige Lebensmittel, Meeresfr\u00fcchte und mehr<\/li>\n<li><strong>Handhabung der Oberfl\u00e4che<\/strong>: Tiefdruck<\/li>\n<li><strong>Farbe<\/strong>: Kann angepasst werden<\/li>\n<li><strong>Zielm\u00e4rkte<\/strong>: \u00dcberall auf der Welt<\/li>\n<\/ul>","protected":false},"featured_media":1828,"comment_status":"closed","ping_status":"closed","template":"","meta":{"_acf_changed":false},"market":[64],"product_brand":[],"product_cat":[53],"product_tag":[],"class_list":{"0":"post-1826","1":"product","2":"type-product","3":"status-publish","4":"has-post-thumbnail","6":"market-seafood-packaging-supplier","7":"product_cat-three-side-seal-pouch-wholesale","9":"first","10":"instock","11":"shipping-taxable","12":"product-type-simple"},"acf":[],"_links":{"self":[{"href":"https:\/\/www.zkprintpack.com\/de\/wp-json\/wp\/v2\/product\/1826","targetHints":{"allow":["GET"]}}],"collection":[{"href":"https:\/\/www.zkprintpack.com\/de\/wp-json\/wp\/v2\/product"}],"about":[{"href":"https:\/\/www.zkprintpack.com\/de\/wp-json\/wp\/v2\/types\/product"}],"replies":[{"embeddable":true,"href":"https:\/\/www.zkprintpack.com\/de\/wp-json\/wp\/v2\/comments?post=1826"}],"wp:featuredmedia":[{"embeddable":true,"href":"https:\/\/www.zkprintpack.com\/de\/wp-json\/wp\/v2\/media\/1828"}],"wp:attachment":[{"href":"https:\/\/www.zkprintpack.com\/de\/wp-json\/wp\/v2\/media?parent=1826"}],"wp:term":[{"taxonomy":"market","embeddable":true,"href":"https:\/\/www.zkprintpack.com\/de\/wp-json\/wp\/v2\/market?post=1826"},{"taxonomy":"product_brand","embeddable":true,"href":"https:\/\/www.zkprintpack.com\/de\/wp-json\/wp\/v2\/product_brand?post=1826"},{"taxonomy":"product_cat","embeddable":true,"href":"https:\/\/www.zkprintpack.com\/de\/wp-json\/wp\/v2\/product_cat?post=1826"},{"taxonomy":"product_tag","embeddable":true,"href":"https:\/\/www.zkprintpack.com\/de\/wp-json\/wp\/v2\/product_tag?post=1826"}],"curies":[{"name":"wp","href":"https:\/\/api.w.org\/{rel}","templated":true}]}}