{"id":1822,"date":"2025-11-09T19:21:16","date_gmt":"2025-11-09T19:21:16","guid":{"rendered":"https:\/\/www.zkprintpack.com\/?post_type=product&#038;p=1822"},"modified":"2025-11-09T19:21:47","modified_gmt":"2025-11-09T19:21:47","slug":"custom-resealable-stand-up-pouch","status":"publish","type":"product","link":"https:\/\/www.zkprintpack.com\/de\/product\/custom-resealable-stand-up-pouch\/","title":{"rendered":"Kundenspezifischer wiederverschlie\u00dfbarer Standbeutel 1.13Kg 2.5lb mit Aufrei\u00dflinie"},"content":{"rendered":"<div class=\"wp-block-columns is-layout-flex wp-container-core-columns-is-layout-9d6595d7 wp-block-columns-is-layout-flex\">\n<div class=\"wp-block-column is-layout-flow wp-block-column-is-layout-flow\">\n<h2 class=\"wp-block-heading\">Merkmale von Custom Resealable Stand Up Pouch<\/h2>\n\n\n\n<p><strong>Wiederverwendbar und \u00fcberlegenes Design:<\/strong><br>Unser individuell gestalteter, wiederverschlie\u00dfbarer Standbeutel l\u00e4sst sich an der Oberseite leicht wieder verschlie\u00dfen und hat eine Aufrei\u00dflinie. Reduziert Lebensmittelabf\u00e4lle, h\u00e4lt Feuchtigkeit fern und bewahrt ge\u00f6ffnete Meeresfr\u00fcchte.<\/p>\n\n\n\n<p><strong>Vakuumversiegelte Frische<\/strong>: Im Gegensatz zu herk\u00f6mmlichen Verpackungen sorgt die Vakuumverpackung mit kontrollierter Portionierung f\u00fcr maximale Frische, verhindert das Eindringen von Sauerstoff und Feuchtigkeit und verl\u00e4ngert automatisch die Haltbarkeit.<\/p>\n\n\n\n<p><strong>Lebensmittelgeeignete und sichere Materialien:<\/strong> Besteht aus hochbarrieref\u00e4higen, lebensmittelechten Verbundfolien, die alle Lebensmittelsicherheitsstandards erf\u00fcllen und wasser-, sauerstoff- und \u00f6lbest\u00e4ndig sind.<\/p>\n\n\n\n<p><strong>Leichte und gr\u00fcne Alternative: <\/strong>Wiederverschlie\u00dfbare Standbeutel sparen Lagerplatz, da sie weniger Plastik als Dosen oder Gl\u00e4ser ben\u00f6tigen. Portionspackungen mit Vakuumversiegelung reduzieren den Abfall und f\u00f6rdern die nachhaltige Nutzung.<\/p>\n<\/div>\n\n\n\n<div class=\"wp-block-column is-layout-flow wp-block-column-is-layout-flow\">\n<figure class=\"wp-block-image size-full\"><img decoding=\"async\" width=\"800\" height=\"800\" src=\"https:\/\/www.zkprintpack.com\/wp-content\/uploads\/2025\/08\/Custom-vacuum-sealed-stand-up-pouch-3.webp\" alt=\"Individuell vakuumversiegelter Standbeutel (3)\" class=\"wp-image-1825\" srcset=\"https:\/\/www.zkprintpack.com\/wp-content\/uploads\/2025\/08\/Custom-vacuum-sealed-stand-up-pouch-3.webp 800w, https:\/\/www.zkprintpack.com\/wp-content\/uploads\/2025\/08\/Custom-vacuum-sealed-stand-up-pouch-3-150x150.webp 150w, https:\/\/www.zkprintpack.com\/wp-content\/uploads\/2025\/08\/Custom-vacuum-sealed-stand-up-pouch-3-768x768.webp 768w, https:\/\/www.zkprintpack.com\/wp-content\/uploads\/2025\/08\/Custom-vacuum-sealed-stand-up-pouch-3-12x12.webp 12w, https:\/\/www.zkprintpack.com\/wp-content\/uploads\/2025\/08\/Custom-vacuum-sealed-stand-up-pouch-3-600x600.webp 600w, https:\/\/www.zkprintpack.com\/wp-content\/uploads\/2025\/08\/Custom-vacuum-sealed-stand-up-pouch-3-300x300.webp 300w, https:\/\/www.zkprintpack.com\/wp-content\/uploads\/2025\/08\/Custom-vacuum-sealed-stand-up-pouch-3-100x100.webp 100w\" sizes=\"(max-width: 800px) 100vw, 800px\" \/><\/figure>\n<\/div>\n<\/div>\n\n\n\n<p><\/p>","protected":false},"excerpt":{"rendered":"<p>Diese individuell gestalteten, wiederverschlie\u00dfbaren Standbeutel bestehen aus hochwertigen, lebensmittelechten Materialien, die daf\u00fcr sorgen, dass die Lebensmittel l\u00e4nger frisch bleiben. Die hochwertigen Materialien, die f\u00fcr die Konstruktion dieser Beutel verwendet werden, bieten eine ausgezeichnete Widerstandsf\u00e4higkeit. Vollst\u00e4ndig anpassbar (OEM\/ODM) mit lebhaften Aufdrucken und Eigenmarkenoptionen. Kontaktieren Sie uns und fordern Sie jetzt Muster an!<\/p>\n<h2>Parameter des kundenspezifischen wiederverschlie\u00dfbaren Standbeutels<\/h2>\n<ul>\n<li><strong>Material:<\/strong>\u00a0PET\/PE, PET\/NY\/PE, PET\/AL\/NY\/PE, usw.<\/li>\n<li><strong>Tasche Typ<\/strong>: Stehtragetasche<\/li>\n<li><strong>Gr\u00f6\u00dfe<\/strong>: 1.13kg\/Zoll<\/li>\n<li><strong>Individuelle Bestellung<\/strong>: Akzeptieren Sie OEM &amp; ODM<\/li>\n<li><strong>Kostenlose Probe<\/strong>: Unterst\u00fctzung<\/li>\n<li><strong>Verwendung<\/strong>: Molkereiprodukte, k\u00fcchenfertige Lebensmittel, Meeresfr\u00fcchte und mehr<\/li>\n<li><strong>Handhabung der Oberfl\u00e4che<\/strong>: Tiefdruck<\/li>\n<li><strong>Farbe<\/strong>: Kann angepasst werden<\/li>\n<li><strong>Zielm\u00e4rkte<\/strong>: \u00dcberall auf der Welt<\/li>\n<\/ul>","protected":false},"featured_media":1818,"comment_status":"closed","ping_status":"closed","template":"","meta":{"_acf_changed":false},"market":[64],"product_brand":[],"product_cat":[50],"product_tag":[],"class_list":{"0":"post-1822","1":"product","2":"type-product","3":"status-publish","4":"has-post-thumbnail","6":"market-seafood-packaging-supplier","7":"product_cat-stand-up-pouches-wholesale","9":"first","10":"instock","11":"shipping-taxable","12":"product-type-simple"},"acf":[],"_links":{"self":[{"href":"https:\/\/www.zkprintpack.com\/de\/wp-json\/wp\/v2\/product\/1822","targetHints":{"allow":["GET"]}}],"collection":[{"href":"https:\/\/www.zkprintpack.com\/de\/wp-json\/wp\/v2\/product"}],"about":[{"href":"https:\/\/www.zkprintpack.com\/de\/wp-json\/wp\/v2\/types\/product"}],"replies":[{"embeddable":true,"href":"https:\/\/www.zkprintpack.com\/de\/wp-json\/wp\/v2\/comments?post=1822"}],"wp:featuredmedia":[{"embeddable":true,"href":"https:\/\/www.zkprintpack.com\/de\/wp-json\/wp\/v2\/media\/1818"}],"wp:attachment":[{"href":"https:\/\/www.zkprintpack.com\/de\/wp-json\/wp\/v2\/media?parent=1822"}],"wp:term":[{"taxonomy":"market","embeddable":true,"href":"https:\/\/www.zkprintpack.com\/de\/wp-json\/wp\/v2\/market?post=1822"},{"taxonomy":"product_brand","embeddable":true,"href":"https:\/\/www.zkprintpack.com\/de\/wp-json\/wp\/v2\/product_brand?post=1822"},{"taxonomy":"product_cat","embeddable":true,"href":"https:\/\/www.zkprintpack.com\/de\/wp-json\/wp\/v2\/product_cat?post=1822"},{"taxonomy":"product_tag","embeddable":true,"href":"https:\/\/www.zkprintpack.com\/de\/wp-json\/wp\/v2\/product_tag?post=1822"}],"curies":[{"name":"wp","href":"https:\/\/api.w.org\/{rel}","templated":true}]}}