{"id":1817,"date":"2025-09-05T08:01:42","date_gmt":"2025-09-05T08:01:42","guid":{"rendered":"https:\/\/www.zkprintpack.com\/?post_type=product&#038;p=1817"},"modified":"2025-09-05T08:12:32","modified_gmt":"2025-09-05T08:12:32","slug":"custom-resealable-stand-up-pouches","status":"publish","type":"product","link":"https:\/\/www.zkprintpack.com\/de\/product\/custom-resealable-stand-up-pouches\/","title":{"rendered":"Individuell wiederverschlie\u00dfbare Standbeutel f\u00fcr Meeresfr\u00fcchte mit Aufrei\u00dfkerbe"},"content":{"rendered":"<div class=\"wp-block-columns is-layout-flex wp-container-core-columns-is-layout-9d6595d7 wp-block-columns-is-layout-flex\">\n<div class=\"wp-block-column is-layout-flow wp-block-column-is-layout-flow\">\n<h2 class=\"wp-block-heading\">Wiederverschlie\u00dfbare Standbodenbeutel Merkmale:<\/h2>\n\n\n\n<p><strong>Wiederverschlie\u00dfbar und rei\u00dffestes Design<\/strong>:<br>Mit einer einfachen Aufrei\u00dflinie und einem einfachen Wiederverschluss an der Oberseite dieser kundenspezifischen, wiederverschlie\u00dfbaren Standbeutel bleiben die Meeresfr\u00fcchte nach dem \u00d6ffnen frisch, das Eindringen von Feuchtigkeit wird verhindert und Lebensmittelabf\u00e4lle werden reduziert.<\/p>\n\n\n\n<p><strong>Vakuumversiegelte Frische<\/strong>:<br>Die kontrollierte Portions-Vakuumverpackung unserer ma\u00dfgeschneiderten wiederverschlie\u00dfbaren Standbeutel sorgt f\u00fcr maximale Frische, schlie\u00dft Sauerstoff und Feuchtigkeit aus und verl\u00e4ngert automatisch die Haltbarkeit im Vergleich zu herk\u00f6mmlichen Verpackungen.<\/p>\n\n\n\n<p><strong>Lebensmittelgeeignete und sichere Materialien<\/strong>:<br>Hergestellt aus hochbarrieref\u00e4higen, lebensmittelechten Verbundfolien, die \u00f6l-, sauerstoff- und feuchtigkeitsbest\u00e4ndig sind und den Standards der Lebensmittelsicherheit voll entsprechen.<\/p>\n\n\n\n<p><strong>Leichte und gr\u00fcne Alternative<\/strong>:<br>Da im Vergleich zu Dosen oder Gl\u00e4sern weniger Plastik verwendet wird, sind unsere wiederverschlie\u00dfbaren Standbeutel auch platzsparend in der Lagerung. Die Portionspackungen sind vakuumverpackt, um die Verschwendung zu minimieren und einen nachhaltigen Konsum zu f\u00f6rdern.<\/p>\n<\/div>\n\n\n\n<div class=\"wp-block-column is-layout-flow wp-block-column-is-layout-flow\">\n<figure class=\"wp-block-image size-full\"><img decoding=\"async\" width=\"800\" height=\"800\" src=\"https:\/\/www.zkprintpack.com\/wp-content\/uploads\/2025\/08\/Custom-Resealable-Stand-up-Pouch-with-Tear-Notch-1.webp\" alt=\"Individuell wiederverschlie\u00dfbarer Standbeutel mit Aufrei\u00dfkerbe (1)\" class=\"wp-image-1818\" srcset=\"https:\/\/www.zkprintpack.com\/wp-content\/uploads\/2025\/08\/Custom-Resealable-Stand-up-Pouch-with-Tear-Notch-1.webp 800w, https:\/\/www.zkprintpack.com\/wp-content\/uploads\/2025\/08\/Custom-Resealable-Stand-up-Pouch-with-Tear-Notch-1-150x150.webp 150w, https:\/\/www.zkprintpack.com\/wp-content\/uploads\/2025\/08\/Custom-Resealable-Stand-up-Pouch-with-Tear-Notch-1-768x768.webp 768w, https:\/\/www.zkprintpack.com\/wp-content\/uploads\/2025\/08\/Custom-Resealable-Stand-up-Pouch-with-Tear-Notch-1-12x12.webp 12w, https:\/\/www.zkprintpack.com\/wp-content\/uploads\/2025\/08\/Custom-Resealable-Stand-up-Pouch-with-Tear-Notch-1-600x600.webp 600w, https:\/\/www.zkprintpack.com\/wp-content\/uploads\/2025\/08\/Custom-Resealable-Stand-up-Pouch-with-Tear-Notch-1-300x300.webp 300w, https:\/\/www.zkprintpack.com\/wp-content\/uploads\/2025\/08\/Custom-Resealable-Stand-up-Pouch-with-Tear-Notch-1-100x100.webp 100w\" sizes=\"(max-width: 800px) 100vw, 800px\" \/><\/figure>\n<\/div>\n<\/div>\n\n\n\n<p><\/p>","protected":false},"excerpt":{"rendered":"<p>Diese aus lebensmittelechten Materialien gefertigten, wiederverschlie\u00dfbaren Standbeutel sind ideal f\u00fcr Rohkost, Halbrohkost oder andere Produkte. Vollst\u00e4ndig anpassbar (OEM\/ODM) mit lebhaften Aufdrucken und Eigenmarkenoptionen. Fordern Sie noch heute Muster an!<\/p>\n<h2>Parameter von wiederverschlie\u00dfbaren Standbodenbeuteln<\/h2>\n<ul>\n<li><strong>Material:<\/strong>\u00a0PET\/PE, PET\/NY\/PE, PET\/AL\/NY\/PE, usw.<\/li>\n<li><strong>Tasche Typ<\/strong>: Stehtragetasche<\/li>\n<li><strong>Gr\u00f6\u00dfe<\/strong>: 284g\/ Zoll<\/li>\n<li><strong>Individuelle Bestellung<\/strong>: Akzeptieren Sie OEM &amp; ODM<\/li>\n<li><strong>Kostenlose Probe<\/strong>: Unterst\u00fctzung<\/li>\n<li><strong>Verwendung<\/strong>: Molkereiprodukte, und mehr<\/li>\n<li><strong>Handhabung der Oberfl\u00e4che<\/strong>: Tiefdruck<\/li>\n<li><strong>Farbe<\/strong>: Kann angepasst werden<\/li>\n<li><strong>Zielm\u00e4rkte<\/strong>: \u00dcberall auf der Welt<\/li>\n<\/ul>","protected":false},"featured_media":1819,"comment_status":"closed","ping_status":"closed","template":"","meta":{"_acf_changed":false},"market":[64],"product_brand":[],"product_cat":[50],"product_tag":[],"class_list":{"0":"post-1817","1":"product","2":"type-product","3":"status-publish","4":"has-post-thumbnail","6":"market-seafood-packaging-supplier","7":"product_cat-stand-up-pouches-wholesale","9":"first","10":"instock","11":"shipping-taxable","12":"product-type-simple"},"acf":[],"_links":{"self":[{"href":"https:\/\/www.zkprintpack.com\/de\/wp-json\/wp\/v2\/product\/1817","targetHints":{"allow":["GET"]}}],"collection":[{"href":"https:\/\/www.zkprintpack.com\/de\/wp-json\/wp\/v2\/product"}],"about":[{"href":"https:\/\/www.zkprintpack.com\/de\/wp-json\/wp\/v2\/types\/product"}],"replies":[{"embeddable":true,"href":"https:\/\/www.zkprintpack.com\/de\/wp-json\/wp\/v2\/comments?post=1817"}],"wp:featuredmedia":[{"embeddable":true,"href":"https:\/\/www.zkprintpack.com\/de\/wp-json\/wp\/v2\/media\/1819"}],"wp:attachment":[{"href":"https:\/\/www.zkprintpack.com\/de\/wp-json\/wp\/v2\/media?parent=1817"}],"wp:term":[{"taxonomy":"market","embeddable":true,"href":"https:\/\/www.zkprintpack.com\/de\/wp-json\/wp\/v2\/market?post=1817"},{"taxonomy":"product_brand","embeddable":true,"href":"https:\/\/www.zkprintpack.com\/de\/wp-json\/wp\/v2\/product_brand?post=1817"},{"taxonomy":"product_cat","embeddable":true,"href":"https:\/\/www.zkprintpack.com\/de\/wp-json\/wp\/v2\/product_cat?post=1817"},{"taxonomy":"product_tag","embeddable":true,"href":"https:\/\/www.zkprintpack.com\/de\/wp-json\/wp\/v2\/product_tag?post=1817"}],"curies":[{"name":"wp","href":"https:\/\/api.w.org\/{rel}","templated":true}]}}