{"id":1806,"date":"2025-11-09T19:17:35","date_gmt":"2025-11-09T19:17:35","guid":{"rendered":"https:\/\/www.zkprintpack.com\/?post_type=product&#038;p=1806"},"modified":"2025-11-09T19:17:37","modified_gmt":"2025-11-09T19:17:37","slug":"custom-stand-up-pouch-for-powder-eco","status":"publish","type":"product","link":"https:\/\/www.zkprintpack.com\/de\/product\/custom-stand-up-pouch-for-powder-eco\/","title":{"rendered":"Benutzerdefinierte Standbodenbeutel Hersteller f\u00fcr Pulver Verpackung- Tear Kerben"},"content":{"rendered":"<div class=\"wp-block-columns is-layout-flex wp-container-core-columns-is-layout-9d6595d7 wp-block-columns-is-layout-flex\">\n<div class=\"wp-block-column is-layout-flow wp-block-column-is-layout-flow\">\n<h2 class=\"wp-block-heading\">Merkmale von kundenspezifischen Standbodenbeuteln f\u00fcr Pulververpackungen<\/h2>\n\n\n\n<p><strong>Stabiles Stand-Up-Pack<\/strong>:<br>Unsere ma\u00dfgefertigten Standbeutel sind stabil und k\u00f6nnen ohne St\u00fctze aufrecht stehen, so dass sie in Superm\u00e4rkten, Lebensmittelgesch\u00e4ften oder zu Hause wirkungsvoll pr\u00e4sentiert werden k\u00f6nnen. Die Marken- und Produktinformationen sind vollst\u00e4ndig und leicht lesbar und werden vom Verbraucher ausgew\u00e4hlt.<\/p>\n\n\n\n<p><strong>Funktional und verbraucherorientiert<\/strong>:<br>Die Aufrei\u00dfkerbe unserer ma\u00dfgefertigten Standbodenbeutel erm\u00f6glicht ein einfaches \u00d6ffnen mit einer Hand.<br>Die feuchtigkeits- und sauerstoffdichte Verpackung gew\u00e4hrleistet Frische und Schutz vor Verderb.<br>Leicht, benutzerfreundlich, einfach zu man\u00f6vrieren und einfach zu tragen, wenn Sie unterwegs sind, bei der Arbeit, auf Reisen oder bei Outdoor-Aktivit\u00e4ten.<\/p>\n\n\n\n<p><strong>Nachhaltiges Material:<\/strong><br>Durch die Verwendung nachhaltiger Materialien reduzieren die Unternehmen mit den ma\u00dfgeschneiderten Standbeuteln nicht nur ihren Kohlenstoffaussto\u00df und ihren Verpackungsm\u00fcll, sondern sie reagieren auch auf die wachsende Nachfrage der Verbraucher nach Nachhaltigkeit. Auf diese Weise k\u00f6nnen Unternehmen Funktionalit\u00e4t, Haltbarkeit und Nachhaltigkeit in einem Produkt vereinen.<\/p>\n<\/div>\n\n\n\n<div class=\"wp-block-column is-layout-flow wp-block-column-is-layout-flow\">\n<figure class=\"wp-block-image size-full\"><img decoding=\"async\" width=\"800\" height=\"800\" src=\"https:\/\/www.zkprintpack.com\/wp-content\/uploads\/2025\/08\/custom-stand-up-pouch-for-powder-1.webp\" alt=\"\" class=\"wp-image-1813\" srcset=\"https:\/\/www.zkprintpack.com\/wp-content\/uploads\/2025\/08\/custom-stand-up-pouch-for-powder-1.webp 800w, https:\/\/www.zkprintpack.com\/wp-content\/uploads\/2025\/08\/custom-stand-up-pouch-for-powder-1-150x150.webp 150w, https:\/\/www.zkprintpack.com\/wp-content\/uploads\/2025\/08\/custom-stand-up-pouch-for-powder-1-768x768.webp 768w, https:\/\/www.zkprintpack.com\/wp-content\/uploads\/2025\/08\/custom-stand-up-pouch-for-powder-1-12x12.webp 12w, https:\/\/www.zkprintpack.com\/wp-content\/uploads\/2025\/08\/custom-stand-up-pouch-for-powder-1-600x600.webp 600w, https:\/\/www.zkprintpack.com\/wp-content\/uploads\/2025\/08\/custom-stand-up-pouch-for-powder-1-300x300.webp 300w, https:\/\/www.zkprintpack.com\/wp-content\/uploads\/2025\/08\/custom-stand-up-pouch-for-powder-1-100x100.webp 100w\" sizes=\"(max-width: 800px) 100vw, 800px\" \/><\/figure>\n<\/div>\n<\/div>","protected":false},"excerpt":{"rendered":"<p>Aus lebensmittelechten Materialien hergestellt, ist dieser individuelle Standbeutel ideal f\u00fcr Pulverprodukte. Vollst\u00e4ndig anpassbar (OEM\/ODM) mit lebendigen Aufdrucken und Eigenmarkenoptionen. Dieser kundenspezifische Standbeutel eignet sich auch perfekt f\u00fcr Pulvermarken, die eine auff\u00e4llige Verpackung suchen. Fordern Sie noch heute Muster an!<\/p>\n<h2>Parameter der benutzerdefinierten Pulver Stand-up Pouch<\/h2>\n<ul>\n<li><strong>Material:<\/strong>\u00a0PET\/PE, PET\/NY\/PE, PET\/AL\/NY\/PE, usw.<\/li>\n<li><strong>Tasche Typ<\/strong>: Stehtragetasche<\/li>\n<li><strong>Gr\u00f6\u00dfe<\/strong>: Benutzerdefiniert<\/li>\n<li><strong>Individuelle Bestellung<\/strong>: Akzeptieren Sie OEM &amp; ODM<\/li>\n<li><strong>Kostenlose Probe<\/strong>: Unterst\u00fctzung<\/li>\n<li><strong>Verwendung<\/strong>: Pulverf\u00f6rmige Produkte<\/li>\n<li><strong>Handhabung der Oberfl\u00e4che<\/strong>: Tiefdruck<\/li>\n<li><strong>Farbe<\/strong>: Kann angepasst werden<\/li>\n<li><strong>Zielm\u00e4rkte<\/strong>: \u00dcberall auf der Welt<\/li>\n<\/ul>","protected":false},"featured_media":1812,"comment_status":"closed","ping_status":"closed","template":"","meta":{"_acf_changed":false},"market":[],"product_brand":[],"product_cat":[],"product_tag":[],"class_list":{"0":"post-1806","1":"product","2":"type-product","3":"status-publish","4":"has-post-thumbnail","7":"first","8":"instock","9":"shipping-taxable","10":"product-type-simple"},"acf":[],"_links":{"self":[{"href":"https:\/\/www.zkprintpack.com\/de\/wp-json\/wp\/v2\/product\/1806","targetHints":{"allow":["GET"]}}],"collection":[{"href":"https:\/\/www.zkprintpack.com\/de\/wp-json\/wp\/v2\/product"}],"about":[{"href":"https:\/\/www.zkprintpack.com\/de\/wp-json\/wp\/v2\/types\/product"}],"replies":[{"embeddable":true,"href":"https:\/\/www.zkprintpack.com\/de\/wp-json\/wp\/v2\/comments?post=1806"}],"wp:featuredmedia":[{"embeddable":true,"href":"https:\/\/www.zkprintpack.com\/de\/wp-json\/wp\/v2\/media\/1812"}],"wp:attachment":[{"href":"https:\/\/www.zkprintpack.com\/de\/wp-json\/wp\/v2\/media?parent=1806"}],"wp:term":[{"taxonomy":"market","embeddable":true,"href":"https:\/\/www.zkprintpack.com\/de\/wp-json\/wp\/v2\/market?post=1806"},{"taxonomy":"product_brand","embeddable":true,"href":"https:\/\/www.zkprintpack.com\/de\/wp-json\/wp\/v2\/product_brand?post=1806"},{"taxonomy":"product_cat","embeddable":true,"href":"https:\/\/www.zkprintpack.com\/de\/wp-json\/wp\/v2\/product_cat?post=1806"},{"taxonomy":"product_tag","embeddable":true,"href":"https:\/\/www.zkprintpack.com\/de\/wp-json\/wp\/v2\/product_tag?post=1806"}],"curies":[{"name":"wp","href":"https:\/\/api.w.org\/{rel}","templated":true}]}}