{"id":1800,"date":"2025-08-29T09:55:51","date_gmt":"2025-08-29T09:55:51","guid":{"rendered":"https:\/\/www.zkprintpack.com\/?post_type=product&#038;p=1800"},"modified":"2026-02-04T02:50:12","modified_gmt":"2026-02-04T02:50:12","slug":"custom-stand-up-pouch-for-powder","status":"publish","type":"product","link":"https:\/\/www.zkprintpack.com\/de\/product\/custom-stand-up-pouch-for-powder\/","title":{"rendered":"Individuelle Standbodenbeutel-Verpackungen f\u00fcr pulverf\u00f6rmige Produkte - klar, praktisch und auff\u00e4llig gestaltet"},"content":{"rendered":"<div class=\"wp-block-columns is-layout-flex wp-container-core-columns-is-layout-9d6595d7 wp-block-columns-is-layout-flex\">\n<div class=\"wp-block-column is-layout-flow wp-block-column-is-layout-flow\">\n<h2 class=\"wp-block-heading\">Merkmale von kundenspezifischen Standbodenbeutelverpackungen f\u00fcr pulverf\u00f6rmige Produkte<\/h2>\n\n\n\n<p><strong>Stabiles Stand-Up-Display f\u00fcr verbesserte Anzeige<\/strong>:<br>Der kundenspezifische Stehbeutel kann ohne St\u00fctzrahmen frei stehen, um das Stapelproblem der traditionellen Kissenverpackungen zu vermeiden. Wo auch immer sie aufbewahrt werden sollen, ob in Supermarktregalen, im K\u00fchlschrank oder in der h\u00e4uslichen Vorratskammer, das stehende Design sorgt daf\u00fcr, dass die Marke und das Produktetikett auf der Vorderseite vollst\u00e4ndig sichtbar sind, was die Sichtbarkeit und die Interaktion mit dem Verbraucher maximiert.<\/p>\n\n\n\n<p><strong>Versiegelt und tragbar <\/strong>:<br>Dieser Standbeutel besteht aus lebensmittelechten, laminierten Materialien und ist wasser- und sauerstoffbest\u00e4ndig, damit die Pulver l\u00e4nger frisch bleiben. Er ist flugzeugtauglich, leicht und faltbar, perfekt f\u00fcr den Gebrauch zu Hause, f\u00fcr den Transport oder f\u00fcr den Sport.<\/p>\n\n\n\n<p><strong>Aufrei\u00dfkerbe f\u00fcr leichtes \u00d6ffnen<\/strong>:<br>Die leicht einzuschneidenden Kerben dieses individuellen Standbeutels erm\u00f6glichen ein einfaches \u00d6ffnen ohne den Einsatz von Klingen oder Scheren. Auf diese Weise wird eine saubere \u00d6ffnung erm\u00f6glicht, eine Kontamination des Produkts verhindert und der wiederverschlie\u00dfbare Rei\u00dfverschluss f\u00fcr eine wiederholte Verwendung erg\u00e4nzt.<\/p>\n<\/div>\n\n\n\n<div class=\"wp-block-column is-layout-flow wp-block-column-is-layout-flow\">\n<figure class=\"wp-block-image size-full\"><img decoding=\"async\" width=\"800\" height=\"800\" src=\"https:\/\/www.zkprintpack.com\/wp-content\/uploads\/2025\/08\/custom-stand-up-pouch-1.webp\" alt=\"Standbeutel nach Ma\u00df (1)\" class=\"wp-image-1850\" srcset=\"https:\/\/www.zkprintpack.com\/wp-content\/uploads\/2025\/08\/custom-stand-up-pouch-1.webp 800w, https:\/\/www.zkprintpack.com\/wp-content\/uploads\/2025\/08\/custom-stand-up-pouch-1-150x150.webp 150w, https:\/\/www.zkprintpack.com\/wp-content\/uploads\/2025\/08\/custom-stand-up-pouch-1-768x768.webp 768w, https:\/\/www.zkprintpack.com\/wp-content\/uploads\/2025\/08\/custom-stand-up-pouch-1-12x12.webp 12w, https:\/\/www.zkprintpack.com\/wp-content\/uploads\/2025\/08\/custom-stand-up-pouch-1-600x600.webp 600w, https:\/\/www.zkprintpack.com\/wp-content\/uploads\/2025\/08\/custom-stand-up-pouch-1-300x300.webp 300w, https:\/\/www.zkprintpack.com\/wp-content\/uploads\/2025\/08\/custom-stand-up-pouch-1-100x100.webp 100w\" sizes=\"(max-width: 800px) 100vw, 800px\" \/><\/figure>\n<\/div>\n<\/div>\n\n\n\n<p><\/p>","protected":false},"excerpt":{"rendered":"<p>Individuelle, praktische und elegante Standbeutel f\u00fcr Instantgetr\u00e4nke und Desserts in Pulverform. Dieser individuelle Standbeutel verf\u00fcgt \u00fcber ein stabiles Display, eine Aufrei\u00dfkerbe, klare Produktinformationen und ein attraktives Erscheinungsbild. Diese Beutel sind ideal f\u00fcr Superm\u00e4rkte, Einzelhandelsregale und den mobilen Lebensstil. Wir unterst\u00fctzen ODM\/OEM-Dienstleistungen. Kontaktieren Sie uns jetzt f\u00fcr Muster!<\/p>\n<h2>Parameter der benutzerdefinierten Pulver Stand-up Pouch<\/h2>\n<ul>\n<li><strong>Material:<\/strong>\u00a0PET\/PE, PET\/NY\/PE, PET\/AL\/NY\/PE, usw.<\/li>\n<li><strong>Tasche Typ<\/strong>: Stehtragetasche<\/li>\n<li><strong>Gr\u00f6\u00dfe<\/strong>: Benutzerdefiniert<\/li>\n<li><strong>Individuelle Bestellung<\/strong>: Akzeptieren Sie OEM &amp; ODM<\/li>\n<li><strong>Kostenlose Probe<\/strong>: Unterst\u00fctzung<\/li>\n<li><strong>Verwendung<\/strong>: Pulverf\u00f6rmige Produkte<\/li>\n<li><strong>Handhabung der Oberfl\u00e4che<\/strong>: Tiefdruck<\/li>\n<li><strong>Farbe<\/strong>: Kann angepasst werden<\/li>\n<li><strong>Zielm\u00e4rkte<\/strong>: \u00dcberall auf der Welt<\/li>\n<\/ul>","protected":false},"featured_media":1851,"comment_status":"closed","ping_status":"closed","template":"","meta":{"_acf_changed":false},"market":[62],"product_brand":[],"product_cat":[50],"product_tag":[],"class_list":{"0":"post-1800","1":"product","2":"type-product","3":"status-publish","4":"has-post-thumbnail","6":"market-powder-packaging-supplier","7":"product_cat-stand-up-pouches-wholesale","9":"first","10":"instock","11":"shipping-taxable","12":"product-type-simple"},"acf":[],"_links":{"self":[{"href":"https:\/\/www.zkprintpack.com\/de\/wp-json\/wp\/v2\/product\/1800","targetHints":{"allow":["GET"]}}],"collection":[{"href":"https:\/\/www.zkprintpack.com\/de\/wp-json\/wp\/v2\/product"}],"about":[{"href":"https:\/\/www.zkprintpack.com\/de\/wp-json\/wp\/v2\/types\/product"}],"replies":[{"embeddable":true,"href":"https:\/\/www.zkprintpack.com\/de\/wp-json\/wp\/v2\/comments?post=1800"}],"wp:featuredmedia":[{"embeddable":true,"href":"https:\/\/www.zkprintpack.com\/de\/wp-json\/wp\/v2\/media\/1851"}],"wp:attachment":[{"href":"https:\/\/www.zkprintpack.com\/de\/wp-json\/wp\/v2\/media?parent=1800"}],"wp:term":[{"taxonomy":"market","embeddable":true,"href":"https:\/\/www.zkprintpack.com\/de\/wp-json\/wp\/v2\/market?post=1800"},{"taxonomy":"product_brand","embeddable":true,"href":"https:\/\/www.zkprintpack.com\/de\/wp-json\/wp\/v2\/product_brand?post=1800"},{"taxonomy":"product_cat","embeddable":true,"href":"https:\/\/www.zkprintpack.com\/de\/wp-json\/wp\/v2\/product_cat?post=1800"},{"taxonomy":"product_tag","embeddable":true,"href":"https:\/\/www.zkprintpack.com\/de\/wp-json\/wp\/v2\/product_tag?post=1800"}],"curies":[{"name":"wp","href":"https:\/\/api.w.org\/{rel}","templated":true}]}}